{"id":2981,"date":"2021-02-05T16:46:43","date_gmt":"2021-02-05T13:46:43","guid":{"rendered":"https:\/\/flags-world.com\/sl\/politika-zasebnosti\/"},"modified":"2021-02-05T16:46:43","modified_gmt":"2021-02-05T13:46:43","slug":"politika-zasebnosti","status":"publish","type":"page","link":"https:\/\/flags-world.com\/sl\/politika-zasebnosti\/","title":{"rendered":"Politika zasebnosti"},"content":{"rendered":"<p>zastave-svet.com\/ administracija spletnega mesta je dol\u017ena ohranjati va\u0161o zasebnost na internetu. Veliko pozornost namenjamo varovanju podatkov, ki ste nam jih posredovali. Na\u0161 pravilnik o zasebnosti temelji na\u00a0Splo\u0161ni uredbi o varstvu podatkov (GDPR) Evropske unije.\u00a0Nameni, za katere zbiramo va\u0161e osebne podatke, so izbolj\u0161anje na\u0161e storitve, komunikacija z obiskovalci te strani, obdelava uporabni\u0161kih podatkov za namene spletne prodaje, ne in za druga spodaj navedena dejanja.<\/p>\n<p><h2>Shranjevanje in obdelava osebnih podatkov<\/h2>\n<\/p>\n<p>Va\u0161e osebne podatke zbiramo in obdelujemo samo z va\u0161im voljnim soglasjem. Z va\u0161im dovoljenjem lahko zbiramo in obdelujemo naslednje podatke: podatke o ra\u010dunu dru\u017ebenih medijev, \u0161t. Zbiranje in obdelava va\u0161ih osebnih podatkov se izvajata v skladu z zakonodajo Evropske unije in Ukrajine.<\/p>\n<p><h2>Shranjevanje, spreminjanje in odstranjevanje podatkov<\/h2>\n<\/p>\n<p>Uporabnik, ki je zagotovil svet zastav.com\/ s svojimi osebnimi podatki, ima pravico do njihove spremembe in odstranitve ter pravico do preklica pogodbe o obdelavi podatkov. \u010cas, v katerem bodo va\u0161i osebni podatki shranjeni, je \u010das uporabe osebnih podatkov, ki je potreben za glavno dejavnost spletnega mesta. Po kon\u010dani obdelavi va\u0161ih osebnih podatkov jih bo uprava spletnega mesta trajno izbrisala. Za dostop do va\u0161ih osebnih podatkov se lahko obrnete na upravo na: Zastavas.world1990@gmail.com. Va\u0161e podatke bomo lahko posredovali tretji osebi le z va\u0161im voljnim soglasjem. \u010ce so bili podatki preneseni tretji osebi, ki ni povezana z na\u0161o organizacijo, teh podatkov ne moremo spreminjati.<\/p>\n<p><h2>Obdelava tehni\u010dnih podatkov obiska<\/h2>\n<\/p>\n<p>Evidence va\u0161ega naslova IP, \u010das obiska, nastavitev brskalnika, operacijski sistem in druge tehni\u010dne informacije se shranijo v bazi podatkov, ko obi\u0161\u010dete zastave-svet.com\/. Ti podatki so potrebni za pravilen prikaz vsebine spletne strani. Z uporabo teh podatkov je nemogo\u010de identificirati osebo obiskovalca.<\/p>\n<p><h2>Osebni podatki otrok<\/h2>\n<\/p>\n<p>\u010ce ste star\u0161 ali zakoniti skrbnik mladoletnega otroka in veste, da nam je otrok posredoval svoje osebne podatke brez va\u0161ega soglasja, nas kontaktirajte na: Zastavas.world1990@gmail.com. Prepovedan je vnos osebnih podatkov mladoletnih uporabnikov brez soglasja star\u0161ev ali zakonitih skrbnikov.<\/p>\n<p><h2>Obdelava pi\u0161kotkov<\/h2>\n<\/p>\n<p>Datoteke pi\u0161kotkov uporabljamo za pravilen prikaz vsebine spletnega mesta in za udobje brskanja po svetu zastav.com\/. So majhne datoteke, ki so shranjene v va\u0161i napravi. Spletnemu mestu pomagajo, da si zapomni podatke o vas, na primer v katerem jeziku uporabljate spletno mesto in katere strani ste \u017ee odprli. Te informacije bodo koristne pri naslednjem obisku. Zahvaljujo\u010d datotekam s pi\u0161kotki je brskanje po spletnem mestu postalo veliko bolj priro\u010dno. Ve\u010d o teh datotekah lahko izveste tukaj. V brskalniku lahko sami nastavite sprejemanje in blokiranje pi\u0161kotkov. Nezmo\u017enost prejemanja datotek pi\u0161kotkov lahko omeji funkcionalnost spletnega mesta.<\/p>\n<p><h2>Obdelava osebnih podatkov s strani drugih storitev<\/h2>\n<\/p>\n<p>To spletno mesto uporablja spletne storitve tretjih oseb, ki zbirajo podatke neodvisno od nas. Tak\u0161ne storitve vklju\u010dujejo Google Analytics, Google AdSense.<\/p>\n<p>Podatki, zbrani s temi storitvami, se lahko posredujejo drugim storitvam znotraj teh organizacij. Podatke lahko uporabijo za personalizacijo ogla\u0161evanja lastnega ogla\u0161evalskega omre\u017eja. O uporabni\u0161kih pogodbah teh organizacij lahko izveste na njihovih spletnih mestih. Prav tako lahko zavrnete njihovo zbiranje va\u0161ih osebnih podatkov. Tu lahko na primer najdete dodatek za brskalnik za izklju\u010ditev Google Analytics. Osebnih podatkov ne posredujemo drugim organizacijam ali storitvam, ki niso navedeni v tej politiki zasebnosti. Izjemoma se lahko zbrani podatki posredujejo na zakonito zahtevo dr\u017eavnih organov, ki so poobla\u0161\u010deni, da te informacije zahtevajo.<\/p>\n<p><h2>Povezave do drugih spletnih mest<\/h2>\n<\/p>\n<p>Na\u0161a spletna stran Zastavas-world.com\/ lahko vsebuje povezave do drugih spletnih mest, ki niso pod na\u0161im nadzorom. Za vsebino teh spletnih strani ne odgovarjamo. Priporo\u010damo, da se seznanite s politiko zasebnosti vsakega spletnega mesta, ki ga obi\u0161\u010dete, \u010de tak\u0161na politika obstaja.<\/p>\n<p><h2>Spremembe politike zasebnosti<\/h2>\n<\/p>\n<p>Od \u010dasa do \u010dasa na\u0161a spletna stran, svet zastav.com\/, lahko posodobi na\u0161o politiko zasebnosti. Obve\u0161\u010damo vas o vseh spremembah politike zasebnosti, objavljenih na tej spletni strani. Spremljamo morebitne spremembe zakonodaje, ki se nana\u0161a na osebne podatke v Evropski uniji in Ukrajini. \u010ce ste na na\u0161i spletni strani vnesli katerega od svojih osebnih podatkov, vas bomo obvestili o spremembah na\u0161e politike zasebnosti. \u010ce so bili va\u0161i osebni podatki, natan\u010dneje va\u0161i kontaktni podatki, vneseni napa\u010dno, vas ne bomo mogli kontaktirati.<\/p>\n<p><h2>Povratne informacije in kon\u010dne klavzule<\/h2>\n<\/p>\n<p>Lahko se obrnete na upravo zastav sveta.com\/ glede kakr\u0161nih koli vpra\u0161anj v zvezi s politiko zasebnosti na: zastave.world1990@gmail.com ali tako, da izpolnite kontaktni obrazec, ki je naveden v ustreznem razdelku te spletne strani. \u010ce se ne strinjate s to politiko zasebnosti, ne morete uporabljati storitev Zastavas-world.com\/. V tem primeru se izogibajte obisku na\u0161e spletne strani.<\/p>\n","protected":false},"excerpt":{"rendered":"<p>zastave-svet.com\/ administracija spletnega mesta je dol\u017ena ohranjati va\u0161o zasebnost na internetu. Veliko pozornost namenjamo varovanju podatkov, ki ste nam jih posredovali. Na\u0161 pravilnik o zasebnosti temelji na\u00a0Splo\u0161ni uredbi&#8230;<\/p>\n","protected":false},"author":1,"featured_media":0,"parent":0,"menu_order":0,"comment_status":"closed","ping_status":"closed","template":"","meta":{"footnotes":""},"class_list":["post-2981","page","type-page","status-publish",""],"aioseo_notices":[],"_links":{"self":[{"href":"https:\/\/flags-world.com\/sl\/wp-json\/wp\/v2\/pages\/2981","targetHints":{"allow":["GET"]}}],"collection":[{"href":"https:\/\/flags-world.com\/sl\/wp-json\/wp\/v2\/pages"}],"about":[{"href":"https:\/\/flags-world.com\/sl\/wp-json\/wp\/v2\/types\/page"}],"author":[{"embeddable":true,"href":"https:\/\/flags-world.com\/sl\/wp-json\/wp\/v2\/users\/1"}],"replies":[{"embeddable":true,"href":"https:\/\/flags-world.com\/sl\/wp-json\/wp\/v2\/comments?post=2981"}],"version-history":[{"count":0,"href":"https:\/\/flags-world.com\/sl\/wp-json\/wp\/v2\/pages\/2981\/revisions"}],"wp:attachment":[{"href":"https:\/\/flags-world.com\/sl\/wp-json\/wp\/v2\/media?parent=2981"}],"curies":[{"name":"wp","href":"https:\/\/api.w.org\/{rel}","templated":true}]}}