{"id":2946,"date":"2021-01-26T12:32:17","date_gmt":"2021-01-26T09:32:17","guid":{"rendered":"https:\/\/flags-world.com\/sl\/o-spletnem-mestu\/"},"modified":"2021-01-26T12:32:17","modified_gmt":"2021-01-26T09:32:17","slug":"o-spletnem-mestu","status":"publish","type":"page","link":"https:\/\/flags-world.com\/sl\/o-spletnem-mestu\/","title":{"rendered":"O spletnem mestu"},"content":{"rendered":"<p>Spletno mesto &#8220;svet zastav.com &#8220;ustvarjen za tiste, ki imajo radi zastave razli\u010dnih dr\u017eav. Na\u010drti so dodajanje grbov vseh ljudstev in zastav vseh mest in dr\u017eav na svetu.<\/p>\n<p>Glavna naloga spletnega mesta je biti uporabna za obiskovalce spletnega mesta. \u010ce je ta stran zanimiva za bralce, hitreje se bo stran razvijala.<\/p>\n<p>\u010ce imate kakr\u0161ne koli predloge za izbolj\u0161anje strani, pi\u0161ite na obrazec na strani Kontakti<\/p>\n","protected":false},"excerpt":{"rendered":"<p>Spletno mesto &#8220;svet zastav.com &#8220;ustvarjen za tiste, ki imajo radi zastave razli\u010dnih dr\u017eav. Na\u010drti so dodajanje grbov vseh ljudstev in zastav vseh mest in dr\u017eav na svetu. Glavna&#8230;<\/p>\n","protected":false},"author":1,"featured_media":0,"parent":0,"menu_order":0,"comment_status":"closed","ping_status":"closed","template":"","meta":{"footnotes":""},"class_list":["post-2946","page","type-page","status-publish",""],"aioseo_notices":[],"_links":{"self":[{"href":"https:\/\/flags-world.com\/sl\/wp-json\/wp\/v2\/pages\/2946","targetHints":{"allow":["GET"]}}],"collection":[{"href":"https:\/\/flags-world.com\/sl\/wp-json\/wp\/v2\/pages"}],"about":[{"href":"https:\/\/flags-world.com\/sl\/wp-json\/wp\/v2\/types\/page"}],"author":[{"embeddable":true,"href":"https:\/\/flags-world.com\/sl\/wp-json\/wp\/v2\/users\/1"}],"replies":[{"embeddable":true,"href":"https:\/\/flags-world.com\/sl\/wp-json\/wp\/v2\/comments?post=2946"}],"version-history":[{"count":0,"href":"https:\/\/flags-world.com\/sl\/wp-json\/wp\/v2\/pages\/2946\/revisions"}],"wp:attachment":[{"href":"https:\/\/flags-world.com\/sl\/wp-json\/wp\/v2\/media?parent=2946"}],"curies":[{"name":"wp","href":"https:\/\/api.w.org\/{rel}","templated":true}]}}