{"id":1887,"date":"2021-01-16T12:07:33","date_gmt":"2021-01-16T09:07:33","guid":{"rendered":"https:\/\/flags-world.com\/sl\/zastava-antarktike\/"},"modified":"2021-01-16T12:07:33","modified_gmt":"2021-01-16T09:07:33","slug":"zastava-antarktike","status":"publish","type":"page","link":"https:\/\/flags-world.com\/sl\/zastava-antarktike\/","title":{"rendered":"Zastava Antarktike"},"content":{"rendered":"<p style=\"text-align: justify\">Razvoj zastave Antarktike so na osebno pobudo izvedli vexiolologi (ljudje, ki preu\u010dujejo zgodovino izvora zastav &#8211; pododdelek znanosti). Razvoj je bil tako uspe\u0161en, da so se popolnoma odlo\u010dili, da se avtorstvu odre\u010dejo &#8211; ni avtorskih ali imetnikov avtorskih pravic, da bi jih razvili.<\/p>\n<p><span itemprop=\"image\" itemscope itemtype=\"https:\/\/schema.org\/ImageObject\"><img itemprop=\"url image\" loading=\"lazy\" decoding=\"async\" class=\"alignnone size-full wp-image-4816\" src=\"\/wp-content\/uploads\/2021\/01\/antarctica-flag_1.png\" width=\"400\" height=\"266\" alt=\"zastava Antarktike-1\" \/><meta itemprop=\"width\" content=\"400\"><meta itemprop=\"height\" content=\"266\"><\/span><\/p>\n<h2 style=\"text-align: justify\">Zgodovina zastave<\/h2>\n<p style=\"text-align: justify\">Antarktika je celina, ki se nahaja na jugu planeta Zemlja. Pravzaprav Antarktika ni vlada in nikoli ni imela statusa svobodne sile, valute, jezika komunikacije, vendar je leta 2002, Zdru\u017eenje Antarkti\u010dnega sporazuma, celini dodelilo neuradno zastavo.<\/p>\n<p style=\"text-align: justify\">Osnova zastave je temeljila na glavni zna\u010dilnosti Antarktike &#8211; nevtralnosti in splo\u0161ni pripadnosti kateri koli dr\u017eavi. Na podlagi odziva ZN zakonodaja Antarktika ne more biti priznana kot del nikogar\u0161njega dr\u017eavnega obmo\u010dja. Zastava je narejena po podobi zastave organizacije ONN, &#8211; ima podobno simboliko.<\/p>\n<p style=\"text-align: justify\">Glavna simbolika zastave je nevtralnost, v odnosu do dr\u017eav do Antarktike in v odnosu do Antarktike do drugih dr\u017eav.<\/p>\n<p style=\"text-align: justify\">Prvi\u010d nad celino je zastavo leta 2002 dvignil urednik priljubljene publikacije &#8220;The Ravan&#8221; &#8211; Ted Kaye. Hkrati so znanstvene baze, ki se nahajajo na celini, v znak solidarnosti dvignile tudi zastavo.<\/p>\n<h2 style=\"text-align: justify\">Opis zastave<\/h2>\n<p style=\"text-align: justify\">Zastava je videti kot bel obris celine na ozadju znaka enakosti &#8211; modre barve. Formalno in zakonsko potrjena linija, razmerja ali opis zaradi neuradnosti ne obstaja.<\/p>\n<h2 style=\"text-align: justify\">Kaj pomenijo barve zastave?<\/h2>\n<ul style=\"text-align: justify\">\n<li>Bela &#8211; ozna\u010duje obris celine. Ni pravilne vrednosti. Morda je ustvarjalec zastave \u017eelel prenesti mraz celine, pripeljati do asociacije na beli sneg, ki je enkrat letno na Antarktiki (temperatura na celini se na temperaturnih indikatorjih ne dvigne nad 0).<\/li>\n<li>Modra &#8211; znak nevtralnosti, medsebojnega spo\u0161tovanja in enakosti. Ta barva je povezana z nebom, ki je eno za vse, ne glede na rasno, versko, etni\u010dno, jezikovno ali 2. pripadnost.<\/li>\n<\/ul>\n<h2 style=\"text-align: justify\">Druge razli\u010dice zastave Antarktike<\/h2>\n<p><span itemprop=\"image\" itemscope itemtype=\"https:\/\/schema.org\/ImageObject\"><img itemprop=\"url image\" loading=\"lazy\" decoding=\"async\" class=\"alignnone  wp-image-4818\" src=\"\/wp-content\/uploads\/2021\/01\/antarctica-flag_3.png\" alt=\"zastava Antarktike-2\" width=\"300\" height=\"200\" \/><meta itemprop=\"width\" content=\"300\"><meta itemprop=\"height\" content=\"200\"><\/span><\/p>\n<p style=\"text-align: justify\">Zastava Antarkti\u010dnega sporazuma<\/p>\n<p><span itemprop=\"image\" itemscope itemtype=\"https:\/\/schema.org\/ImageObject\"><img itemprop=\"url image\" loading=\"lazy\" decoding=\"async\" class=\"alignnone  wp-image-4819\" src=\"\/wp-content\/uploads\/2021\/01\/antarctica-flag_2.png\" alt=\"zastava Antarktike-3\" width=\"300\" height=\"200\" \/><meta itemprop=\"width\" content=\"300\"><meta itemprop=\"height\" content=\"200\"><\/span><\/p>\n<p style=\"text-align: justify\">Zastava Antarktike &#8211; risba Whitney Smith<\/p>\n<h2 style=\"text-align: justify\">Nespecializirane informacije o Antarktiki<\/h2>\n<table>\n<tbody>\n<tr style=\"text-align: justify\">\n<td>Uradni jezik<\/td>\n<td>ne<\/td>\n<\/tr>\n<tr style=\"text-align: justify\">\n<td>Kapital<\/td>\n<td>neformalna prestolnica je postaja McMurdo<\/td>\n<\/tr>\n<tr style=\"text-align: justify\">\n<td>ozemlje<\/td>\n<td>14.107.000 km2<\/td>\n<\/tr>\n<tr style=\"text-align: justify\">\n<td>Prebivalstvo<\/td>\n<td>1000-4000 ljudi (zaposleni na polarnih postajah)<\/td>\n<\/tr>\n<tr style=\"text-align: justify\">\n<td>valuta<\/td>\n<td>ne<\/td>\n<\/tr>\n<tr>\n<td style=\"text-align: justify\">Telefonska koda<\/td>\n<td style=\"text-align: justify\">+672<\/td>\n<\/tr>\n<\/tbody>\n<\/table>\n","protected":false},"excerpt":{"rendered":"<p>Razvoj zastave Antarktike so na osebno pobudo izvedli vexiolologi (ljudje, ki preu\u010dujejo zgodovino izvora zastav &#8211; pododdelek znanosti). Razvoj je bil tako uspe\u0161en, da so se popolnoma odlo\u010dili,&#8230;<\/p>\n","protected":false},"author":1,"featured_media":5332,"parent":0,"menu_order":0,"comment_status":"closed","ping_status":"closed","template":"","meta":{"footnotes":""},"class_list":["post-1887","page","type-page","status-publish","has-post-thumbnail",""],"aioseo_notices":[],"_links":{"self":[{"href":"https:\/\/flags-world.com\/sl\/wp-json\/wp\/v2\/pages\/1887","targetHints":{"allow":["GET"]}}],"collection":[{"href":"https:\/\/flags-world.com\/sl\/wp-json\/wp\/v2\/pages"}],"about":[{"href":"https:\/\/flags-world.com\/sl\/wp-json\/wp\/v2\/types\/page"}],"author":[{"embeddable":true,"href":"https:\/\/flags-world.com\/sl\/wp-json\/wp\/v2\/users\/1"}],"replies":[{"embeddable":true,"href":"https:\/\/flags-world.com\/sl\/wp-json\/wp\/v2\/comments?post=1887"}],"version-history":[{"count":0,"href":"https:\/\/flags-world.com\/sl\/wp-json\/wp\/v2\/pages\/1887\/revisions"}],"wp:featuredmedia":[{"embeddable":true,"href":"https:\/\/flags-world.com\/sl\/wp-json\/wp\/v2\/media\/5332"}],"wp:attachment":[{"href":"https:\/\/flags-world.com\/sl\/wp-json\/wp\/v2\/media?parent=1887"}],"curies":[{"name":"wp","href":"https:\/\/api.w.org\/{rel}","templated":true}]}}