{"id":2981,"date":"2021-02-05T16:46:43","date_gmt":"2021-02-05T13:46:43","guid":{"rendered":"https:\/\/flags-world.com\/sk\/zasady-ochrany-osobnych-udajov\/"},"modified":"2021-02-05T16:46:43","modified_gmt":"2021-02-05T13:46:43","slug":"zasady-ochrany-osobnych-udajov","status":"publish","type":"page","link":"https:\/\/flags-world.com\/sk\/zasady-ochrany-osobnych-udajov\/","title":{"rendered":"Z\u00e1sady ochrany osobn\u00fdch \u00fadajov"},"content":{"rendered":"<p>vlajky-svet.KOM \/ Internetov\u00e1 spr\u00e1va je povinn\u00e1 zachova\u0165 va\u0161e s\u00fakromie na internete. Venujeme ve\u013ek\u00fa pozornos\u0165 na zabezpe\u010denie \u00fadajov, ktor\u00e9 ste n\u00e1m poskytli. Na\u0161e z\u00e1sady ochrany osobn\u00fdch \u00fadajov je zalo\u017een\u00e9 na v\u0161eobecnej regul\u00e1cii ochrany \u00fadajov (GDPR) Eur\u00f3pskej \u00fanie.\u00a0\u00da\u010del, pre ktor\u00e9 zhroma\u017e\u010fujeme va\u0161e osobn\u00e9 \u00fadaje, s\u00fa zlep\u0161enie na\u0161ej slu\u017eby, komunik\u00e1cia s n\u00e1v\u0161tevn\u00edkmi na tejto str\u00e1nke, spracovanie d\u00e1t pou\u017e\u00edvate\u013eom na \u00fa\u010dely online predaja, nie, a pre in\u00e9 akcie uveden\u00e9 ni\u017e\u0161ie.<\/p>\n<p><h2>Skladovanie a spracovanie osobn\u00fdch \u00fadajov<\/h2>\n<\/p>\n<p>Zbierame a spracov\u00e1vame svoje osobn\u00e9 \u00fadaje len so svoj\u00edm ochotn\u00fdm s\u00fahlasom. S va\u0161\u00edm povolen\u00edm m\u00f4\u017eeme zhroma\u017e\u010fova\u0165 a spracova\u0165 nasleduj\u00face \u00fadaje: Inform\u00e1cie o soci\u00e1lnych m\u00e9di\u00e1ch, nie. Zber a spracovanie va\u0161ich osobn\u00fdch \u00fadajov sa vykon\u00e1vaj\u00fa v s\u00falade so z\u00e1konmi Eur\u00f3pskej \u00fanie a Ukrajiny.<\/p>\n<p><h2>Ukladanie d\u00e1t, zmena a odstr\u00e1nenie<\/h2>\n<\/p>\n<p>U\u017e\u00edvate\u013e, ktor\u00fd poskytol vlajky-svet.KOM \/ S ich osobn\u00fdmi \u00fadajmi m\u00e1 pr\u00e1vo na ich zmenu a odstr\u00e1nenie, ako aj pr\u00e1vo pripomen\u00fa\u0165 dohodu o spracovan\u00ed \u00fadajov. \u010cas, po\u010das ktor\u00e9ho bud\u00fa va\u0161e osobn\u00e9 \u00fadaje ulo\u017een\u00e9, je \u010das, ktor\u00fd sa pou\u017e\u00edvaj\u00fa osobn\u00e9 \u00fadaje, ktor\u00e9 s\u00fa potrebn\u00e9 pre hlavn\u00fa aktivitu webovej str\u00e1nky. Po ukon\u010den\u00ed spracovania va\u0161ich osobn\u00fdch \u00fadajov ho spr\u00e1va webovej str\u00e1nky trvalo odstr\u00e1ni. Ak chcete z\u00edska\u0165 pr\u00edstup k osobn\u00fdm \u00fadajom, m\u00f4\u017eete kontaktova\u0165 administr\u00e1ciu na: Vlajky.World1990 @ gmail.com. Budeme m\u00f4c\u0165 odovzda\u0165 svoje \u00fadaje tretej strane len s va\u0161\u00edm ochotn\u00fdm s\u00fahlasom. Ak boli \u00fadaje preveden\u00e9 na tretiu stranu, ktor\u00e1 nie je spojen\u00e1 s na\u0161ou organiz\u00e1ciou, nem\u00f4\u017eeme vykon\u00e1va\u0165 \u017eiadne zmeny v t\u00fdchto \u00fadajoch.<\/p>\n<p><h2>Spracovanie technick\u00fdch \u00fadajov<\/h2>\n<\/p>\n<p>Z\u00e1znamy o va\u0161ej IP adrese, \u010das n\u00e1v\u0161tevy, nastavenia prehliada\u010da, opera\u010dn\u00e9ho syst\u00e9mu a \u010fal\u0161ie technick\u00e9 inform\u00e1cie sa ulo\u017eia do datab\u00e1zy, ke\u010f nav\u0161t\u00edvite vlajky-svet.com \/. Tieto \u00fadaje s\u00fa potrebn\u00e9 pre spr\u00e1vne zobrazenie obsahu webovej str\u00e1nky. Je nemo\u017en\u00e9 identifikova\u0165 osobu n\u00e1v\u0161tevn\u00edka pomocou t\u00fdchto \u00fadajov.<\/p>\n<p><h2>Osobn\u00e9 inform\u00e1cie pre deti<\/h2>\n<\/p>\n<p>Ak ste rodi\u010dom alebo z\u00e1konn\u00fdm z\u00e1stupcom neplnolet\u00e9ho die\u0165a\u0165a, a viete, \u017ee die\u0165a n\u00e1m poskytlo svoje osobn\u00e9 \u00fadaje bez v\u00e1\u0161ho s\u00fahlasu, kontaktujte n\u00e1s na: Vlajky.World1990 @ gmail.com. Je zak\u00e1zan\u00e9 vst\u00fapi\u0165 do osobn\u00fdch \u00fadajov neplnolet\u00fdch u\u017e\u00edvate\u013eov bez s\u00fahlasu rodi\u010dov alebo z\u00e1konn\u00fdch opatrovn\u00edkov.<\/p>\n<p><h2>Spracovanie cookies<\/h2>\n<\/p>\n<p>Pou\u017e\u00edvame s\u00fabory cookie pre spr\u00e1vne zobrazenie obsahu webovej str\u00e1nky a pre pohodlie prehliadania vlajok-svet.com \/. S\u00fa to mal\u00e9 s\u00fabory, ktor\u00e9 s\u00fa ulo\u017een\u00e9 v zariaden\u00ed. Pom\u00e1haj\u00fa webovej str\u00e1nke, aby si zapam\u00e4tali inform\u00e1cie o v\u00e1s, napr\u00edklad v ktorom jazyku pou\u017e\u00edvate webov\u00fa str\u00e1nku a ktor\u00e9 str\u00e1nky ste u\u017e otvorili. Tieto inform\u00e1cie bud\u00fa u\u017eito\u010dn\u00e9 v \u010fal\u0161ej n\u00e1v\u0161teve. V\u010faka s\u00faborom cookie sa prehliadanie webov\u00fdch str\u00e1nok stalo ove\u013ea pohodlnej\u0161\u00edm. M\u00f4\u017eete sa dozvedie\u0165 viac o t\u00fdchto s\u00faboroch. M\u00f4\u017eete nastavi\u0165 pr\u00edjem cookies a blokova\u0165 vo va\u0161om prehliada\u010di sami. Neschopnos\u0165 prij\u00edma\u0165 s\u00fabory cookie m\u00f4\u017ee obmedzi\u0165 funk\u010dnos\u0165 webovej str\u00e1nky.<\/p>\n<p><h2>Spracovanie osobn\u00fdch \u00fadajov in\u00fdmi slu\u017ebami<\/h2>\n<\/p>\n<p>T\u00e1to webov\u00e1 str\u00e1nka vyu\u017e\u00edva online slu\u017eby tret\u00edch str\u00e1n, ktor\u00e9 vykon\u00e1vaj\u00fa zhroma\u017e\u010fovanie \u00fadajov, nez\u00e1visl\u00e9 od n\u00e1s. Tak\u00e9to slu\u017eby zah\u0155\u0148aj\u00fa slu\u017ebu Google Analytics, Google AdSense.<\/p>\n<p>\u00dadaje zozbieran\u00e9 t\u00fdmito slu\u017ebami m\u00f4\u017eu by\u0165 poskytnut\u00e9 in\u00fdm slu\u017eb\u00e1m v r\u00e1mci t\u00fdchto organiz\u00e1ci\u00ed. M\u00f4\u017eu pou\u017e\u00edva\u0165 \u00fadaje pre reklamu prisp\u00f4sobenie vlastnej reklamnej siete. M\u00f4\u017eete sa dozvedie\u0165 o u\u017e\u00edvate\u013esk\u00fdch zmluv\u00e1ch t\u00fdchto organiz\u00e1ci\u00ed na svojich webov\u00fdch str\u00e1nkach. M\u00f4\u017eete tie\u017e odmietnu\u0165 svoju zbierku va\u0161ich osobn\u00fdch \u00fadajov. Napr\u00edklad, Google Analytics Opt-out Prehliada\u010d doplnok n\u00e1jdete tu. Nevykon\u00e1vame \u017eiadne osobn\u00e9 \u00fadaje in\u00fdm organiz\u00e1ci\u00e1m alebo slu\u017eb\u00e1m, ktor\u00e9 nie s\u00fa uveden\u00e9 v tejto politike ochrany osobn\u00fdch \u00fadajov. Ako v\u00fdnimka m\u00f4\u017eu by\u0165 zozbieran\u00e9 \u00fadaje poskytnut\u00e9 na z\u00e1konnej \u017eiadosti \u0161t\u00e1tnych org\u00e1nov, ktor\u00e9 s\u00fa opr\u00e1vnen\u00e9 po\u017eiada\u0165 o tak\u00e9to inform\u00e1cie.<\/p>\n<p><h2>Odkazy na in\u00e9 webov\u00e9 str\u00e1nky<\/h2>\n<\/p>\n<p>Na\u0161e webov\u00e9 str\u00e1nky vlajky-svet.com \/ m\u00f4\u017ee obsahova\u0165 odkazy na in\u00e9 webov\u00e9 str\u00e1nky, ktor\u00e9 nie s\u00fa pod na\u0161ou kontrolou. Zodpoved\u00e1 za obsah t\u00fdchto webov\u00fdch str\u00e1nok. Odpor\u00fa\u010dame, aby ste sa obozn\u00e1mili so z\u00e1sadami ochrany osobn\u00fdch \u00fadajov ka\u017edej webovej str\u00e1nky, ktor\u00fa nav\u0161t\u00edvite, ak tak\u00e1to politika existuje.<\/p>\n<p><h2>Zmeny v oblasti ochrany osobn\u00fdch \u00fadajov<\/h2>\n<\/p>\n<p>Z \u010dasu na \u010das, na\u0161e webov\u00e9 str\u00e1nky, vlajky-svet.com \/, m\u00f4\u017ee aktualizova\u0165 na\u0161e z\u00e1sady ochrany osobn\u00fdch \u00fadajov. Informujeme o v\u0161etk\u00fdch zmen\u00e1ch v z\u00e1sad\u00e1ch ochrany osobn\u00fdch \u00fadajov, umiestnen\u00fdch na t\u00fato webov\u00fa str\u00e1nku. Sledujeme ak\u00e9ko\u013evek zmeny v legislat\u00edve, ktor\u00e9 s\u00favisia s osobn\u00fdmi \u00fadajmi v Eur\u00f3pskej \u00fanii a na Ukrajine. Ak ste na na\u0161ej webovej str\u00e1nke zadali niektor\u00fd z va\u0161ich osobn\u00fdch \u00fadajov, budeme v\u00e1s informova\u0165 o zmen\u00e1ch v na\u0161ich z\u00e1sad\u00e1ch ochrany osobn\u00fdch \u00fadajov. Ak va\u0161e osobn\u00e9 \u00fadaje a konkr\u00e9tnej\u0161ie, va\u0161e kontaktn\u00e9 inform\u00e1cie boli zadan\u00e9 nespr\u00e1vne, nebudeme v\u00e1s schopn\u00ed kontaktova\u0165.<\/p>\n<p><h2>Sp\u00e4tn\u00e1 v\u00e4zba a kone\u010dn\u00e9 ustanovenia<\/h2>\n<\/p>\n<p>M\u00f4\u017eete kontaktova\u0165 spr\u00e1vu vlajok-svet.com \/ pokia\u013e ide o ak\u00e9ko\u013evek ot\u00e1zky t\u00fdkaj\u00face sa z\u00e1sady ochrany osobn\u00fdch \u00fadajov na: vlajky.World1990 @ gmail.com, alebo vyplnen\u00edm kontaktn\u00e9ho formul\u00e1ra uveden\u00e9ho v pr\u00edslu\u0161nej \u010dasti tejto webovej str\u00e1nky. Ak nes\u00fahlas\u00edte s touto z\u00e1sadou ochrany osobn\u00fdch \u00fadajov, nem\u00f4\u017eete vyu\u017ei\u0165 slu\u017eby vlajok-svet.com \/. V tomto pr\u00edpade by ste sa mali vyhn\u00fa\u0165 n\u00e1v\u0161teve na\u0161ej webovej str\u00e1nky.<\/p>\n","protected":false},"excerpt":{"rendered":"<p>vlajky-svet.KOM \/ Internetov\u00e1 spr\u00e1va je povinn\u00e1 zachova\u0165 va\u0161e s\u00fakromie na internete. Venujeme ve\u013ek\u00fa pozornos\u0165 na zabezpe\u010denie \u00fadajov, ktor\u00e9 ste n\u00e1m poskytli. Na\u0161e z\u00e1sady ochrany osobn\u00fdch \u00fadajov je zalo\u017een\u00e9&#8230;<\/p>\n","protected":false},"author":1,"featured_media":0,"parent":0,"menu_order":0,"comment_status":"closed","ping_status":"closed","template":"","meta":{"footnotes":""},"class_list":["post-2981","page","type-page","status-publish",""],"aioseo_notices":[],"_links":{"self":[{"href":"https:\/\/flags-world.com\/sk\/wp-json\/wp\/v2\/pages\/2981","targetHints":{"allow":["GET"]}}],"collection":[{"href":"https:\/\/flags-world.com\/sk\/wp-json\/wp\/v2\/pages"}],"about":[{"href":"https:\/\/flags-world.com\/sk\/wp-json\/wp\/v2\/types\/page"}],"author":[{"embeddable":true,"href":"https:\/\/flags-world.com\/sk\/wp-json\/wp\/v2\/users\/1"}],"replies":[{"embeddable":true,"href":"https:\/\/flags-world.com\/sk\/wp-json\/wp\/v2\/comments?post=2981"}],"version-history":[{"count":0,"href":"https:\/\/flags-world.com\/sk\/wp-json\/wp\/v2\/pages\/2981\/revisions"}],"wp:attachment":[{"href":"https:\/\/flags-world.com\/sk\/wp-json\/wp\/v2\/media?parent=2981"}],"curies":[{"name":"wp","href":"https:\/\/api.w.org\/{rel}","templated":true}]}}