{"id":2946,"date":"2021-01-26T12:32:17","date_gmt":"2021-01-26T09:32:17","guid":{"rendered":"https:\/\/flags-world.com\/sk\/o-stranke\/"},"modified":"2021-01-26T12:32:17","modified_gmt":"2021-01-26T09:32:17","slug":"o-stranke","status":"publish","type":"page","link":"https:\/\/flags-world.com\/sk\/o-stranke\/","title":{"rendered":"O str\u00e1nke"},"content":{"rendered":"<p>Str\u00e1nka &#8222;vlajky-svet.com &#8222;vytvoren\u00e9 pre t\u00fdch, ktor\u00ed maj\u00fa r\u00e1d vlajky r\u00f4znych kraj\u00edn. Pl\u00e1ny maj\u00fa prida\u0165 vrstvy zbran\u00ed v\u0161etk\u00fdch n\u00e1rodov a vlajok v\u0161etk\u00fdch miest a \u0161t\u00e1tov na svete.<\/p>\n<p>Hlavnou \u00falohou str\u00e1nky je u\u017eito\u010dn\u00e1 pre n\u00e1v\u0161tevn\u00edkov str\u00e1nok. Ak je t\u00e1to str\u00e1nka zauj\u00edmav\u00e1 pre \u010ditate\u013eov, t\u00fdm r\u00fdchlej\u0161ie sa str\u00e1nka vyv\u00edja.<\/p>\n<p>Ak m\u00e1te nejak\u00e9 n\u00e1vrhy na zlep\u0161enie str\u00e1nky, potom nap\u00ed\u0161te do formul\u00e1ra na str\u00e1nke Kontakty<\/p>\n","protected":false},"excerpt":{"rendered":"<p>Str\u00e1nka &#8222;vlajky-svet.com &#8222;vytvoren\u00e9 pre t\u00fdch, ktor\u00ed maj\u00fa r\u00e1d vlajky r\u00f4znych kraj\u00edn. Pl\u00e1ny maj\u00fa prida\u0165 vrstvy zbran\u00ed v\u0161etk\u00fdch n\u00e1rodov a vlajok v\u0161etk\u00fdch miest a \u0161t\u00e1tov na svete. Hlavnou \u00falohou&#8230;<\/p>\n","protected":false},"author":1,"featured_media":0,"parent":0,"menu_order":0,"comment_status":"closed","ping_status":"closed","template":"","meta":{"footnotes":""},"class_list":["post-2946","page","type-page","status-publish",""],"aioseo_notices":[],"_links":{"self":[{"href":"https:\/\/flags-world.com\/sk\/wp-json\/wp\/v2\/pages\/2946","targetHints":{"allow":["GET"]}}],"collection":[{"href":"https:\/\/flags-world.com\/sk\/wp-json\/wp\/v2\/pages"}],"about":[{"href":"https:\/\/flags-world.com\/sk\/wp-json\/wp\/v2\/types\/page"}],"author":[{"embeddable":true,"href":"https:\/\/flags-world.com\/sk\/wp-json\/wp\/v2\/users\/1"}],"replies":[{"embeddable":true,"href":"https:\/\/flags-world.com\/sk\/wp-json\/wp\/v2\/comments?post=2946"}],"version-history":[{"count":0,"href":"https:\/\/flags-world.com\/sk\/wp-json\/wp\/v2\/pages\/2946\/revisions"}],"wp:attachment":[{"href":"https:\/\/flags-world.com\/sk\/wp-json\/wp\/v2\/media?parent=2946"}],"curies":[{"name":"wp","href":"https:\/\/api.w.org\/{rel}","templated":true}]}}