{"id":1887,"date":"2021-01-16T12:07:33","date_gmt":"2021-01-16T09:07:33","guid":{"rendered":"https:\/\/flags-world.com\/sk\/antarktida-vlajka\/"},"modified":"2021-01-16T12:07:33","modified_gmt":"2021-01-16T09:07:33","slug":"antarktida-vlajka","status":"publish","type":"page","link":"https:\/\/flags-world.com\/sk\/antarktida-vlajka\/","title":{"rendered":"Antarkt\u00edda vlajka"},"content":{"rendered":"<p style=\"text-align: justify\">V\u00fdvoj vlajky Antarkt\u00eddy, na osobnej iniciat\u00edve, uskuto\u010dnil Vexiollogistov (\u013eudia \u0161tudovali hist\u00f3riu p\u00f4vodu vlajok &#8211; pododdiel vedy). Rozvoj bol tak\u00fd \u00faspe\u0161n\u00fd, \u017ee sa \u00faplne rozhodli vzda\u0165 sa autorstva &#8211; neexistuje \u017eiadny autor alebo pr\u00e1va dr\u017eite\u013ea autorsk\u00fdch pr\u00e1v na ich rozvoj.<\/p>\n<p><span itemprop=\"image\" itemscope itemtype=\"https:\/\/schema.org\/ImageObject\"><img itemprop=\"url image\" loading=\"lazy\" decoding=\"async\" class=\"alignnone size-full wp-image-4816\" src=\"\/wp-content\/uploads\/2021\/01\/antarctica-flag_1.png\" width=\"400\" height=\"266\" alt=\"Vlajka Antarkt\u00eddy - 1\" \/><meta itemprop=\"width\" content=\"400\"><meta itemprop=\"height\" content=\"266\"><\/span><\/p>\n<h2 style=\"text-align: justify\">Hist\u00f3ria vlajky<\/h2>\n<p style=\"text-align: justify\">Antarkt\u00edda je pevnina, ktor\u00e1 sa nach\u00e1dza na ju\u017ene od plan\u00e9ty Zem. V skuto\u010dnosti Antarkt\u00edda nie je vl\u00e1dou a nikdy nemal \u0161tat\u00fat vo\u013enej moci, meny, jazyka komunik\u00e1cie, ale v roku 2002 bola Asoci\u00e1cia Antarktickej dohody, pevnina bola pridelen\u00e1 neofici\u00e1lna vlajka.<\/p>\n<p style=\"text-align: justify\">Z\u00e1klad\u0148a vlajky bola zalo\u017een\u00e1 na hlavnom rozli\u0161ovacom rysom Antarkt\u00eddy &#8211; neutrality a gener\u00e1l patriacich do ktorejko\u013evek krajiny. Legislat\u00edvne, zalo\u017een\u00e9 na odpovedi OSN, Antarkt\u00edda nemo\u017eno uzna\u0165 ako s\u00fa\u010das\u0165 \u0161t\u00e1tnej oblasti. Vlajka je vyroben\u00e1 v podobnosti vlajky ONN organiz\u00e1cie, &#8211; m\u00e1 podobn\u00fa symboliku.<\/p>\n<p style=\"text-align: justify\">Hlavn\u00fdm symbolom vlajky je neutralita, vo vz\u0165ahu k \u0161t\u00e1tom Antarkt\u00edda a vo vz\u0165ahu k Antarkt\u00edde do druh\u00fdch kraj\u00edn.<\/p>\n<p style=\"text-align: justify\">Prv\u00fdkr\u00e1t nad kontinentom bola vlajka zv\u00fd\u0161en\u00e1 redaktorom popul\u00e1rnej publik\u00e1cie &#8222;RAVAN&#8220; &#8211; TED Kaye v roku 2002. Vedeck\u00e9 z\u00e1klady, ktor\u00e9 sa nach\u00e1dzaj\u00fa na kontinente, v symbolom solidarity, tie\u017e zdvihol vlajku.<\/p>\n<h2 style=\"text-align: justify\">Vlajka Popis<\/h2>\n<p style=\"text-align: justify\">Vlajka vyzer\u00e1 ako biela obrys kontinentu na pozad\u00ed rovnosti znamenia &#8211; modr\u00e1. Form\u00e1lna a legislat\u00edvna schv\u00e1len\u00e1 \u010diara, proporcia alebo opis neexistuje, kv\u00f4li jeho neofici\u00edcii.<\/p>\n<h2 style=\"text-align: justify\">\u010co znamenaj\u00fa farby vlajky?<\/h2>\n<ul style=\"text-align: justify\">\n<li>Biely &#8211; uve\u010fte obrys kontinentu. \u017diadna spr\u00e1vna hodnota. Mo\u017eno, \u017ee tvorca vlajky chcel sprostredkova\u0165 zima kontinentu, vies\u0165 k zdru\u017eeniu s bielym snehom, ktor\u00fd je raz ro\u010dne v Antarkt\u00edde (teplota na kontinente nezv\u00fd\u0161i nad 0 na teplotn\u00fdch ukazovate\u013eoch).<\/li>\n<li>Modr\u00e1 &#8211; znamenie neutrality, vz\u00e1jomn\u00e9ho re\u0161pektu a rovnosti. T\u00e1to farba je spojen\u00e1 s oblohou, ktor\u00e1 je jedna pre v\u0161etk\u00fdch, bez oh\u013eadu na rasov\u00fa, n\u00e1bo\u017eensk\u00fa, etnick\u00fa, jazykov\u00fa alebo druh\u00fa pr\u00edslu\u0161nos\u0165.<\/li>\n<\/ul>\n<h2 style=\"text-align: justify\">Ostatn\u00e9 verzie vlajky Antarkt\u00eddy<\/h2>\n<p><span itemprop=\"image\" itemscope itemtype=\"https:\/\/schema.org\/ImageObject\"><img itemprop=\"url image\" loading=\"lazy\" decoding=\"async\" class=\"alignnone  wp-image-4818\" src=\"\/wp-content\/uploads\/2021\/01\/antarctica-flag_3.png\" alt=\"Vlajka Antarkt\u00eddy-2\" width=\"300\" height=\"200\" \/><meta itemprop=\"width\" content=\"300\"><meta itemprop=\"height\" content=\"200\"><\/span><\/p>\n<p style=\"text-align: justify\">Vlajka Antarkt\u00eddy<\/p>\n<p><span itemprop=\"image\" itemscope itemtype=\"https:\/\/schema.org\/ImageObject\"><img itemprop=\"url image\" loading=\"lazy\" decoding=\"async\" class=\"alignnone  wp-image-4819\" src=\"\/wp-content\/uploads\/2021\/01\/antarctica-flag_2.png\" alt=\"Vlajka Antarkt\u00eddy - 3\" width=\"300\" height=\"200\" \/><meta itemprop=\"width\" content=\"300\"><meta itemprop=\"height\" content=\"200\"><\/span><\/p>\n<p style=\"text-align: justify\">Antarkt\u00edda vlajka &#8211; Kreslenie Whitney Smith<\/p>\n<h2 style=\"text-align: justify\">Ne\u0161pecializovan\u00e9 inform\u00e1cie o Antarkt\u00edde<\/h2>\n<table>\n<tbody>\n<tr style=\"text-align: justify\">\n<td>\u00daradn\u00fd jazyk<\/td>\n<td>nie<\/td>\n<\/tr>\n<tr style=\"text-align: justify\">\n<td>Kapit\u00e1l<\/td>\n<td>Neform\u00e1lny kapit\u00e1l je stanica McMurdo<\/td>\n<\/tr>\n<tr style=\"text-align: justify\">\n<td>\u00dazemie<\/td>\n<td>14 107 000 km2<\/td>\n<\/tr>\n<tr style=\"text-align: justify\">\n<td>Popul\u00e1cia<\/td>\n<td>1000-4000 \u013eud\u00ed (zamestnanci pol\u00e1rnych stan\u00edc)<\/td>\n<\/tr>\n<tr style=\"text-align: justify\">\n<td>Mena<\/td>\n<td>nie<\/td>\n<\/tr>\n<tr>\n<td style=\"text-align: justify\">Telef\u00f3nny k\u00f3d<\/td>\n<td style=\"text-align: justify\">+672<\/td>\n<\/tr>\n<\/tbody>\n<\/table>\n","protected":false},"excerpt":{"rendered":"<p>V\u00fdvoj vlajky Antarkt\u00eddy, na osobnej iniciat\u00edve, uskuto\u010dnil Vexiollogistov (\u013eudia \u0161tudovali hist\u00f3riu p\u00f4vodu vlajok &#8211; pododdiel vedy). Rozvoj bol tak\u00fd \u00faspe\u0161n\u00fd, \u017ee sa \u00faplne rozhodli vzda\u0165 sa autorstva &#8211;&#8230;<\/p>\n","protected":false},"author":1,"featured_media":5326,"parent":0,"menu_order":0,"comment_status":"closed","ping_status":"closed","template":"","meta":{"footnotes":""},"class_list":["post-1887","page","type-page","status-publish","has-post-thumbnail",""],"aioseo_notices":[],"_links":{"self":[{"href":"https:\/\/flags-world.com\/sk\/wp-json\/wp\/v2\/pages\/1887","targetHints":{"allow":["GET"]}}],"collection":[{"href":"https:\/\/flags-world.com\/sk\/wp-json\/wp\/v2\/pages"}],"about":[{"href":"https:\/\/flags-world.com\/sk\/wp-json\/wp\/v2\/types\/page"}],"author":[{"embeddable":true,"href":"https:\/\/flags-world.com\/sk\/wp-json\/wp\/v2\/users\/1"}],"replies":[{"embeddable":true,"href":"https:\/\/flags-world.com\/sk\/wp-json\/wp\/v2\/comments?post=1887"}],"version-history":[{"count":0,"href":"https:\/\/flags-world.com\/sk\/wp-json\/wp\/v2\/pages\/1887\/revisions"}],"wp:featuredmedia":[{"embeddable":true,"href":"https:\/\/flags-world.com\/sk\/wp-json\/wp\/v2\/media\/5326"}],"wp:attachment":[{"href":"https:\/\/flags-world.com\/sk\/wp-json\/wp\/v2\/media?parent=1887"}],"curies":[{"name":"wp","href":"https:\/\/api.w.org\/{rel}","templated":true}]}}