{"id":2981,"date":"2021-02-05T16:46:43","date_gmt":"2021-02-05T13:46:43","guid":{"rendered":"https:\/\/flags-world.com\/se\/integritetspolicy\/"},"modified":"2021-02-05T16:46:43","modified_gmt":"2021-02-05T13:46:43","slug":"integritetspolicy","status":"publish","type":"page","link":"https:\/\/flags-world.com\/se\/integritetspolicy\/","title":{"rendered":"Integritetspolicy"},"content":{"rendered":"<p>flaggor-v\u00e4rlden.com\/ webbplatsadministration \u00e4r skyldig att uppr\u00e4tth\u00e5lla din integritet p\u00e5 Internet. Vi l\u00e4gger stor vikt vid att s\u00e4kra de uppgifter du l\u00e4mnat till oss. V\u00e5r integritetspolicy \u00e4r baserad p\u00e5 EU:s allm\u00e4nna dataskyddsf\u00f6rordning (GDPR).\u00a0\u00c4ndam\u00e5len f\u00f6r vilka vi samlar in dina personuppgifter \u00e4r f\u00f6rb\u00e4ttring av v\u00e5r tj\u00e4nst, kommunikation med bes\u00f6kare p\u00e5 denna webbplats, behandling av anv\u00e4ndardata i syfte att s\u00e4lja online, nej, och f\u00f6r andra \u00e5tg\u00e4rder som anges nedan.<\/p>\n<p><h2>Lagring och behandling av personuppgifter<\/h2>\n<\/p>\n<p>Vi samlar in och behandlar dina personuppgifter endast med ditt villiga samtycke. Med ditt tillst\u00e5nd kan vi samla in och behandla f\u00f6ljande data: kontoinformation f\u00f6r sociala medier, nr. Insamling och behandling av dina personuppgifter utf\u00f6rs i enlighet med lagarna i Europeiska unionen och Ukraina.<\/p>\n<p><h2>Datalagring, \u00e4ndring och borttagning<\/h2>\n<\/p>\n<p>Anv\u00e4ndaren, som har tillhandah\u00e5llit flaggor-v\u00e4rlden.com\/ med sina personuppgifter, har r\u00e4tt att \u00e4ndra och ta bort dem, samt r\u00e4tt att \u00e5terkalla avtalet om databehandling. Den tid under vilken dina personuppgifter kommer att lagras \u00e4r den tid som personuppgifterna anv\u00e4nds som \u00e4r n\u00f6dv\u00e4ndiga f\u00f6r webbplatsens huvudsakliga aktivitet. Efter att ha avslutat behandlingen av dina personuppgifter kommer webbplatsens administration att radera dem permanent. F\u00f6r att komma \u00e5t dina personuppgifter kan du kontakta administrationen p\u00e5: flags.world1990@gmail.com. Vi kommer att kunna vidarebefordra dina uppgifter till en tredje part endast med ditt villiga samtycke. Om uppgifterna har \u00f6verf\u00f6rts till en tredje part, som inte \u00e4r associerad med v\u00e5r organisation, kan vi inte g\u00f6ra n\u00e5gra \u00e4ndringar av dessa uppgifter.<\/p>\n<p><h2>Behandling av bes\u00f6kstekniska data<\/h2>\n<\/p>\n<p>Register \u00f6ver din IP-adress, bes\u00f6kstid, webbl\u00e4sarinst\u00e4llningar, operativsystem och annan teknisk information sparas i databasen n\u00e4r du bes\u00f6ker flags-world.se\/. Dessa uppgifter \u00e4r n\u00f6dv\u00e4ndiga f\u00f6r korrekt visning av webbplatsens inneh\u00e5ll. Det \u00e4r om\u00f6jligt att identifiera bes\u00f6karens person som anv\u00e4nder dessa uppgifter.<\/p>\n<p><h2>Barns personliga information<\/h2>\n<\/p>\n<p>Om du \u00e4r f\u00f6r\u00e4lder eller v\u00e5rdnadshavare till ett minder\u00e5rigt barn och du vet att barnet har f\u00f6rsett oss med sin personliga information utan ditt samtycke, v\u00e4nligen kontakta oss p\u00e5: flaggor.world1990@gmail.com. Det \u00e4r f\u00f6rbjudet att ange personuppgifter f\u00f6r minder\u00e5riga anv\u00e4ndare utan samtycke fr\u00e5n f\u00f6r\u00e4ldrar eller lagliga v\u00e5rdnadshavare.<\/p>\n<p><h2>Cookies bearbetning<\/h2>\n<\/p>\n<p>Vi anv\u00e4nder cookie-filer f\u00f6r korrekt visning av webbplatsens inneh\u00e5ll och f\u00f6r att underl\u00e4tta f\u00f6r att surfa flags-world.se\/. De \u00e4r sm\u00e5 filer som lagras p\u00e5 din enhet. De hj\u00e4lper webbplatsen att komma ih\u00e5g information om dig, till exempel p\u00e5 vilket spr\u00e5k du anv\u00e4nder webbplatsen och vilka sidor du redan har \u00f6ppnat. Denna information kommer att vara anv\u00e4ndbar vid n\u00e4sta bes\u00f6k. Tack vare cookie-filer har webbsidans surfning blivit mycket bekv\u00e4mare. Du kan l\u00e4ra dig mer om dessa filer h\u00e4r. Du kan sj\u00e4lv st\u00e4lla in mottagning och blockering av cookies i din webbl\u00e4sare. Of\u00f6rm\u00e5ga att ta emot cookiefiler kan begr\u00e4nsa webbplatsens funktionalitet.<\/p>\n<p><h2>Behandling av personuppgifter av andra tj\u00e4nster<\/h2>\n<\/p>\n<p>Denna webbplats anv\u00e4nder tredjeparts onlinetj\u00e4nster, som utf\u00f6r datainsamling, oberoende av oss. S\u00e5dana tj\u00e4nster inkluderar Google Analytics, Google AdSense.<\/p>\n<p>Data som samlas in av dessa tj\u00e4nster kan tillhandah\u00e5llas till andra tj\u00e4nster inom dessa organisationer. De kan anv\u00e4nda uppgifterna f\u00f6r reklampersonalisering av sitt eget annonsn\u00e4tverk. Du kan l\u00e4ra dig om anv\u00e4ndaravtal f\u00f6r dessa organisationer p\u00e5 deras webbplatser. Du kan ocks\u00e5 v\u00e4gra deras insamling av dina personuppgifter. Till exempel kan Google Analytics Opt-out Browser Add-on hittas h\u00e4r. Vi skickar inga personuppgifter till andra organisationer eller tj\u00e4nster, som inte \u00e4r listade i denna integritetspolicy. Som ett undantag kan de insamlade uppgifterna tillhandah\u00e5llas p\u00e5 en laglig beg\u00e4ran fr\u00e5n statliga myndigheter som \u00e4r beh\u00f6riga att beg\u00e4ra s\u00e5dan information.<\/p>\n<p><h2>L\u00e4nkar till andra webbplatser<\/h2>\n<\/p>\n<p>V\u00e5r hemsida flags-world.com\/ kan inneh\u00e5lla l\u00e4nkar till andra webbplatser som inte \u00e4r under v\u00e5r kontroll. Vi \u00e4r inte ansvariga f\u00f6r inneh\u00e5llet p\u00e5 dessa webbplatser. Vi rekommenderar att du bekantar dig med sekretesspolicyn f\u00f6r varje webbplats du bes\u00f6ker om en s\u00e5dan policy finns.<\/p>\n<p><h2>\u00c4ndringar i integritetspolicyn<\/h2>\n<\/p>\n<p>D\u00e5 och d\u00e5, v\u00e5r hemsida, flaggor-v\u00e4rlden.com\/, kan uppdatera v\u00e5r integritetspolicy. Vi informerar om eventuella \u00e4ndringar av integritetspolicyn, placerad p\u00e5 denna webbsida. Vi \u00f6vervakar eventuella \u00e4ndringar i lagstiftningen som \u00e4r relaterade till personuppgifter i Europeiska unionen och Ukraina. Om du har angett n\u00e5gon av dina personuppgifter p\u00e5 v\u00e5r webbplats kommer vi att informera dig om \u00e4ndringarna i v\u00e5r integritetspolicy. Om dina personuppgifter, och mer specifikt, dina kontaktuppgifter har angetts felaktigt, kommer vi inte att kunna kontakta dig.<\/p>\n<p><h2>Feedback och slutsatser<\/h2>\n<\/p>\n<p>Du kan kontakta administrationen av flags-world.com\/ ang\u00e5ende alla fr\u00e5gor relaterade till integritetspolicyn om: flaggor.world1990@gmail.com, eller genom att fylla i ett kontaktformul\u00e4r som anges i motsvarande avsnitt p\u00e5 denna webbplats. Om du inte godk\u00e4nner denna integritetspolicy kan du inte anv\u00e4nda tj\u00e4nsterna fr\u00e5n flags-world.se\/. I det h\u00e4r fallet b\u00f6r du undvika att bes\u00f6ka v\u00e5r webbplats.<\/p>\n","protected":false},"excerpt":{"rendered":"<p>flaggor-v\u00e4rlden.com\/ webbplatsadministration \u00e4r skyldig att uppr\u00e4tth\u00e5lla din integritet p\u00e5 Internet. Vi l\u00e4gger stor vikt vid att s\u00e4kra de uppgifter du l\u00e4mnat till oss. V\u00e5r integritetspolicy \u00e4r baserad p\u00e5&#8230;<\/p>\n","protected":false},"author":1,"featured_media":0,"parent":0,"menu_order":0,"comment_status":"closed","ping_status":"closed","template":"","meta":{"footnotes":""},"class_list":["post-2981","page","type-page","status-publish",""],"aioseo_notices":[],"_links":{"self":[{"href":"https:\/\/flags-world.com\/se\/wp-json\/wp\/v2\/pages\/2981","targetHints":{"allow":["GET"]}}],"collection":[{"href":"https:\/\/flags-world.com\/se\/wp-json\/wp\/v2\/pages"}],"about":[{"href":"https:\/\/flags-world.com\/se\/wp-json\/wp\/v2\/types\/page"}],"author":[{"embeddable":true,"href":"https:\/\/flags-world.com\/se\/wp-json\/wp\/v2\/users\/1"}],"replies":[{"embeddable":true,"href":"https:\/\/flags-world.com\/se\/wp-json\/wp\/v2\/comments?post=2981"}],"version-history":[{"count":0,"href":"https:\/\/flags-world.com\/se\/wp-json\/wp\/v2\/pages\/2981\/revisions"}],"wp:attachment":[{"href":"https:\/\/flags-world.com\/se\/wp-json\/wp\/v2\/media?parent=2981"}],"curies":[{"name":"wp","href":"https:\/\/api.w.org\/{rel}","templated":true}]}}