{"id":1887,"date":"2021-01-16T12:07:33","date_gmt":"2021-01-16T09:07:33","guid":{"rendered":"https:\/\/flags-world.com\/se\/anarktisflagga\/"},"modified":"2022-05-12T00:04:30","modified_gmt":"2022-05-11T21:04:30","slug":"antarktis-flaggor","status":"publish","type":"page","link":"https:\/\/flags-world.com\/se\/antarktis-flaggor\/","title":{"rendered":"Antarktis flaggor"},"content":{"rendered":"<p style=\"text-align: justify;\">Utvecklingen av Antarktis flagga, p\u00e5 ett personligt initiativ, genomf\u00f6rdes av Vexiollogister (m\u00e4nniskor som studerar historien om flaggornas ursprung &#8211; ett underavsnitt av vetenskap). Utvecklingen var s\u00e5 framg\u00e5ngsrik att de helt beslutade att avst\u00e5 fr\u00e5n f\u00f6rfattarskap &#8211; det finns ingen f\u00f6rfattare eller upphovsr\u00e4ttsinnehavares r\u00e4ttigheter att utveckla dem.<\/p>\n<p><span itemprop=\"image\" itemscope itemtype=\"https:\/\/schema.org\/ImageObject\"><img itemprop=\"url image\" loading=\"lazy\" decoding=\"async\" class=\"alignnone size-full wp-image-4816\" src=\"\/wp-content\/uploads\/2021\/01\/antarctica-flag_1.png\" alt=\"Antarktis-1 flagga\" width=\"400\" height=\"266\" \/><meta itemprop=\"width\" content=\"400\"><meta itemprop=\"height\" content=\"266\"><\/span><\/p>\n<h2 style=\"text-align: justify;\">Flagghistorik<\/h2>\n<p style=\"text-align: justify;\">Antarktis \u00e4r fastlandet, som ligger i s\u00f6der om planeten Jorden. Faktum \u00e4r att Antarktis inte \u00e4r en regering och har aldrig haft status som en fri makt, valuta, kommunikationsspr\u00e5k, men 2002, Association of the Antarctic Agreement, tilldelades fastlandet en inofficiell flagga.<\/p>\n<p style=\"text-align: justify;\">Flaggans bas baserades p\u00e5 Antarktis huvudsakliga utm\u00e4rkande s\u00e4rdrag &#8211; neutralitet och allm\u00e4n tillh\u00f6righet till vilket land som helst. Lagstiftningsm\u00e4ssigt, baserat p\u00e5 FN:s svar, kan Antarktis inte erk\u00e4nnas som en del av n\u00e5gons statliga omr\u00e5de. Flaggan \u00e4r gjord i likhet med flaggan f\u00f6r ONN-organisationen, &#8211; har en liknande symbolik.<\/p>\n<p style=\"text-align: justify;\">Flaggans huvudsakliga symbolik \u00e4r neutralitet, i f\u00f6rh\u00e5llande till stater till Antarktis och i f\u00f6rh\u00e5llande till Antarktis till andra l\u00e4nder.<\/p>\n<p style=\"text-align: justify;\">F\u00f6r f\u00f6rsta g\u00e5ngen \u00f6ver kontinenten hissades flaggan av redakt\u00f6ren f\u00f6r den popul\u00e4ra publikationen &#8221;The Ravan&#8221; &#8211; Ted Kaye 2002. Samtidigt h\u00f6jde de vetenskapliga baserna, som finns p\u00e5 kontinenten, i en symbol f\u00f6r solidaritet, ocks\u00e5 flaggan.<\/p>\n<h2 style=\"text-align: justify;\">Flaggabeskrivning<\/h2>\n<p style=\"text-align: justify;\">Flaggan ser ut som en vit kontur av en kontinent mot bakgrunden av ett likhetstecken &#8211; bl\u00e5tt. Formell och lagstiftande godk\u00e4nd linje, proportioner eller beskrivning finns inte p\u00e5 grund av dess inofficiella karakt\u00e4r.<\/p>\n<h2 style=\"text-align: justify;\">Vad betyder flaggans f\u00e4rger?<\/h2>\n<ul style=\"text-align: justify;\">\n<li>Vit &#8211; Ange kontinentens kontur. Inget korrekt v\u00e4rde. Kanske ville skaparen av flaggan f\u00f6rmedla kylan p\u00e5 kontinenten, leda till en association med vit sn\u00f6, vilket \u00e4r en g\u00e5ng om \u00e5ret i Antarktis (temperaturen p\u00e5 kontinenten stiger inte \u00f6ver 0 p\u00e5 temperaturindikatorerna).<\/li>\n<li>Bl\u00e5 &#8211; ett tecken p\u00e5 neutralitet, \u00f6msesidig respekt och j\u00e4mlikhet. Denna f\u00e4rg \u00e4r associerad med himlen, som \u00e4r en f\u00f6r alla, oavsett ras, religi\u00f6s, etnisk, spr\u00e5klig eller andra tillh\u00f6righet.<\/li>\n<\/ul>\n<h2 style=\"text-align: justify;\">Andra versioner av Antarktis flagga<\/h2>\n<p><span itemprop=\"image\" itemscope itemtype=\"https:\/\/schema.org\/ImageObject\"><img itemprop=\"url image\" loading=\"lazy\" decoding=\"async\" class=\"alignnone wp-image-4818\" src=\"\/wp-content\/uploads\/2021\/01\/antarctica-flag_3.png\" alt=\"flagga f\u00f6r antarktis-2\" width=\"300\" height=\"200\" \/><meta itemprop=\"width\" content=\"300\"><meta itemprop=\"height\" content=\"200\"><\/span><\/p>\n<p style=\"text-align: justify;\">Antarktisavtalet flagga<\/p>\n<p><span itemprop=\"image\" itemscope itemtype=\"https:\/\/schema.org\/ImageObject\"><img itemprop=\"url image\" loading=\"lazy\" decoding=\"async\" class=\"alignnone wp-image-4819\" src=\"\/wp-content\/uploads\/2021\/01\/antarctica-flag_2.png\" alt=\"antarktis-3 flagga\" width=\"300\" height=\"200\" \/><meta itemprop=\"width\" content=\"300\"><meta itemprop=\"height\" content=\"200\"><\/span><\/p>\n<p style=\"text-align: justify;\">Antarktis flagga &#8211; teckning av Whitney Smith<\/p>\n<h2 style=\"text-align: justify;\">Icke-specialiserad information om Antarktis<\/h2>\n<table>\n<tbody>\n<tr style=\"text-align: justify;\">\n<td>Officiellt spr\u00e5k<\/td>\n<td>inte<\/td>\n<\/tr>\n<tr style=\"text-align: justify;\">\n<td>Huvudstad<\/td>\n<td>den informella huvudstaden \u00e4r McMurdo station<\/td>\n<\/tr>\n<tr style=\"text-align: justify;\">\n<td>Territorium<\/td>\n<td>14 107 000 km2<\/td>\n<\/tr>\n<tr style=\"text-align: justify;\">\n<td>Befolkning<\/td>\n<td>1000-4000 personer (anst\u00e4llda p\u00e5 polarstationer)<\/td>\n<\/tr>\n<tr style=\"text-align: justify;\">\n<td>Valuta<\/td>\n<td>inte<\/td>\n<\/tr>\n<tr>\n<td style=\"text-align: justify;\">Telefonkod<\/td>\n<td style=\"text-align: justify;\">+672<\/td>\n<\/tr>\n<\/tbody>\n<\/table>\n","protected":false},"excerpt":{"rendered":"<p>Utvecklingen av Antarktis flagga, p\u00e5 ett personligt initiativ, genomf\u00f6rdes av Vexiollogister (m\u00e4nniskor som studerar historien om flaggornas ursprung &#8211; ett underavsnitt av vetenskap). Utvecklingen var s\u00e5 framg\u00e5ngsrik att&#8230;<\/p>\n","protected":false},"author":1,"featured_media":5320,"parent":0,"menu_order":0,"comment_status":"closed","ping_status":"closed","template":"","meta":{"footnotes":""},"class_list":["post-1887","page","type-page","status-publish","has-post-thumbnail",""],"aioseo_notices":[],"_links":{"self":[{"href":"https:\/\/flags-world.com\/se\/wp-json\/wp\/v2\/pages\/1887","targetHints":{"allow":["GET"]}}],"collection":[{"href":"https:\/\/flags-world.com\/se\/wp-json\/wp\/v2\/pages"}],"about":[{"href":"https:\/\/flags-world.com\/se\/wp-json\/wp\/v2\/types\/page"}],"author":[{"embeddable":true,"href":"https:\/\/flags-world.com\/se\/wp-json\/wp\/v2\/users\/1"}],"replies":[{"embeddable":true,"href":"https:\/\/flags-world.com\/se\/wp-json\/wp\/v2\/comments?post=1887"}],"version-history":[{"count":1,"href":"https:\/\/flags-world.com\/se\/wp-json\/wp\/v2\/pages\/1887\/revisions"}],"predecessor-version":[{"id":5545,"href":"https:\/\/flags-world.com\/se\/wp-json\/wp\/v2\/pages\/1887\/revisions\/5545"}],"wp:featuredmedia":[{"embeddable":true,"href":"https:\/\/flags-world.com\/se\/wp-json\/wp\/v2\/media\/5320"}],"wp:attachment":[{"href":"https:\/\/flags-world.com\/se\/wp-json\/wp\/v2\/media?parent=1887"}],"curies":[{"name":"wp","href":"https:\/\/api.w.org\/{rel}","templated":true}]}}