{"id":2981,"date":"2021-02-05T16:46:43","date_gmt":"2021-02-05T13:46:43","guid":{"rendered":"https:\/\/flags-world.com\/ro\/politica-de-confidenialitate\/"},"modified":"2021-02-05T16:46:43","modified_gmt":"2021-02-05T13:46:43","slug":"politica-de-confidenialitate","status":"publish","type":"page","link":"https:\/\/flags-world.com\/ro\/politica-de-confidenialitate\/","title":{"rendered":"Politica de confiden\u021bialitate"},"content":{"rendered":"<p>steaguri-lume.com\/ administra\u021bia site-ului web este obligat\u0103 s\u0103 v\u0103 p\u0103streze confiden\u021bialitatea pe Internet. Acord\u0103m o mare aten\u021bie securiz\u0103rii datelor pe care ni le-a\u021bi furnizat. Politica noastr\u0103 de confiden\u021bialitate se bazeaz\u0103 pe\u00a0Regulamentul general privind protec\u021bia datelor (GDPR) al Uniunii Europene.\u00a0Scopurile pentru care colect\u0103m datele dumneavoastr\u0103 cu caracter personal sunt \u00eembun\u0103t\u0103\u021birea serviciului nostru, comunicarea cu vizitatorii acestui site, prelucrarea datelor utilizatorilor \u00een scopul v\u00e2nz\u0103rilor online, nu \u0219i pentru alte ac\u021biuni enumerate mai jos.<\/p>\n<p><h2>Depozitarea \u0219i prelucrarea datelor cu caracter personal<\/h2>\n<\/p>\n<p>Colect\u0103m \u0219i proces\u0103m datele dvs. personale numai cu consim\u021b\u0103m\u00e2ntul vostru dorit. Cu permisiunea dvs., putem colecta \u0219i procesa urm\u0103toarele date: informa\u021bii despre contul social media, nr. Colectarea \u0219i prelucrarea informa\u021biilor dvs. personale sunt efectuate \u00een conformitate cu legile Uniunii Europene \u0219i Ucrainei.<\/p>\n<p><h2>Depozitarea, modificarea datelor \u0219i eliminarea datelor<\/h2>\n<\/p>\n<p>Utilizatorul, care a oferit steaguri-lume.Com \/ cu datele lor personale, are dreptul la modificarea \u0219i eliminarea acestora, precum \u0219i dreptul de a reaminti acordul de prelucrare a datelor. Timpul, \u00een timpul c\u0103ruia datele dvs. personale vor fi stocate, este momentul \u00een care sunt utilizate datele personale necesare pentru activitatea principal\u0103 a site-ului web. Dup\u0103 finalizarea cu prelucrarea datelor dvs. personale, administra\u021bia site-ului va \u0219terge definitiv acest lucru. Pentru a v\u0103 accesa datele personale, pute\u021bi contacta administra\u021bia la: steaguri.world1990@gmail.com. Vom putea transmite datele dvs. unei ter\u021be p\u0103r\u021bi numai cu acordul dvs. de bun\u0103voie. Dac\u0103 datele au fost transferate unei ter\u021be p\u0103r\u021bi, care nu este asociat\u0103 cu organiza\u021bia noastr\u0103, nu putem efectua nicio modificare a datelor respective.<\/p>\n<p><h2>Prelucrarea datelor tehnice de vizitare<\/h2>\n<\/p>\n<p>\u00cenregistr\u0103rile adresei dumneavoastr\u0103 IP, ora vizitei, set\u0103rile browserului, sistemul de operare \u0219i alte informa\u021bii tehnice sunt salvate \u00een baza de date atunci c\u00e2nd vizita\u021bi flags-world.com\/. Aceste date sunt necesare pentru afi\u0219area corect\u0103 a con\u021binutului site-ului. Este imposibil s\u0103 identifica\u021bi persoana vizitatorului folosind aceste date.<\/p>\n<p><h2>Informa\u021bii personale ale copiilor<\/h2>\n<\/p>\n<p>Dac\u0103 sunte\u021bi p\u0103rinte sau tutore legal al unui copil minor \u0219i \u0219ti\u021bi c\u0103 copilul ne-a furnizat informa\u021biile personale f\u0103r\u0103 consim\u021b\u0103m\u00e2ntul dvs., v\u0103 rug\u0103m s\u0103 ne contacta\u021bi la: steaguri.world1990@gmail.com. Este interzis\u0103 introducerea datelor personale ale Utilizatorilor minori f\u0103r\u0103 acordul p\u0103rin\u021bilor sau al tutorilor legali.<\/p>\n<p><h2>Prelucrarea cookie-urilor<\/h2>\n<\/p>\n<p>Folosim fi\u0219iere cookie pentru afi\u0219area corect\u0103 a con\u021binutului site-ului web \u0219i pentru comoditatea navig\u0103rii \u00een flags-world.com\/. Sunt fi\u0219iere mici, care sunt stocate pe dispozitivul dvs. Acestea ajut\u0103 site-ul s\u0103-\u0219i aminteasc\u0103 informa\u021bii despre dvs., cum ar fi \u00een ce limb\u0103 utiliza\u021bi site-ul \u0219i ce pagini a\u021bi deschis deja. Aceste informa\u021bii vor fi utile \u00een urm\u0103toarea vizit\u0103. Datorit\u0103 fi\u0219ierelor cookie, navigarea pe site a devenit mult mai convenabil\u0103. Pute\u021bi afla mai multe despre aceste fi\u0219iere aici. Pute\u021bi configura singur recep\u021bia \u0219i blocarea cookie-urilor \u00een browser. Incapacitatea de a primi fi\u0219iere cookie poate limita func\u021bionalitatea site-ului web.<\/p>\n<p><h2>Prelucrarea datelor cu caracter personal de c\u0103tre alte servicii<\/h2>\n<\/p>\n<p>Acest site web utilizeaz\u0103 servicii online ter\u021be, care realizeaz\u0103 colectarea datelor, independent de noi. Astfel de servicii includ Google Analytics, Google AdSense.<\/p>\n<p>Datele colectate de aceste servicii pot fi furnizate altor servicii din cadrul respectivelor organiza\u021bii. Ace\u0219tia pot utiliza datele pentru personalizarea reclamelor proprii re\u021belei de publicitate. Pute\u021bi afla despre acordurile de utilizare ale acestor organiza\u021bii pe site-urile lor web. De asemenea, pute\u021bi refuza colectarea datelor dumneavoastr\u0103 cu caracter personal. De exemplu, Google Analytics Opt-out Browser Add-on poate fi g\u0103sit aici. Nu transmitem date personale altor organiza\u021bii sau servicii, care nu sunt enumerate \u00een aceast\u0103 politic\u0103 de confiden\u021bialitate. Prin excep\u021bie, datele colectate pot fi furnizate la cererea legal\u0103 a autorit\u0103\u021bilor statului, care sunt autorizate s\u0103 solicite astfel de informa\u021bii.<\/p>\n<p><h2>Link-uri c\u0103tre alte site-uri web<\/h2>\n<\/p>\n<p>Site-ul nostru web flags-world.com\/ poate con\u021bine link-uri c\u0103tre alte site-uri web, care nu se afl\u0103 sub controlul nostru. Nu suntem responsabili pentru con\u021binutul acestor site-uri web. V\u0103 recomand\u0103m s\u0103 v\u0103 familiariza\u021bi cu politica de confiden\u021bialitate a fiec\u0103rui site web pe care \u00eel vizita\u021bi, dac\u0103 exist\u0103 o astfel de politic\u0103.<\/p>\n<p><h2>Modific\u0103ri ale politicii de confiden\u021bialitate<\/h2>\n<\/p>\n<p>Din c\u00e2nd \u00een c\u00e2nd, site-ul nostru, flags-world.com\/, poate actualiza politica noastr\u0103 de confiden\u021bialitate. V\u0103 inform\u0103m despre orice modific\u0103ri aduse politicii de confiden\u021bialitate, plasate pe aceast\u0103 pagin\u0103 web. Monitoriz\u0103m orice modificare a legisla\u021biei, care este legat\u0103 de datele personale din Uniunea European\u0103 \u0219i Ucraina. Dac\u0103 a\u021bi introdus oricare dintre datele dumneavoastr\u0103 personale pe site-ul nostru web, v\u0103 vom informa despre modific\u0103rile din politica noastr\u0103 de confiden\u021bialitate. Dac\u0103 datele dumneavoastr\u0103 personale \u0219i, mai precis, informa\u021biile dumneavoastr\u0103 de contact au fost introduse incorect, nu v\u0103 vom putea contacta.<\/p>\n<p><h2>Feedback \u0219i clauze finale<\/h2>\n<\/p>\n<p>Pute\u021bi contacta administra\u021bia flags-world.com\/ cu privire la orice \u00eentreb\u0103ri legate de politica de confiden\u021bialitate pe: steaguri.world1990@gmail.com, sau prin completarea unui formular de contact specificat \u00eentr-o sec\u021biune corespunz\u0103toare a acestui site web. Dac\u0103 nu sunte\u021bi de acord cu aceast\u0103 politic\u0103 de confiden\u021bialitate, nu pute\u021bi utiliza serviciile flags-world.com\/. \u00cen acest caz, ar trebui s\u0103 evita\u021bi s\u0103 vizita\u021bi site-ul nostru.<\/p>\n","protected":false},"excerpt":{"rendered":"<p>steaguri-lume.com\/ administra\u021bia site-ului web este obligat\u0103 s\u0103 v\u0103 p\u0103streze confiden\u021bialitatea pe Internet. Acord\u0103m o mare aten\u021bie securiz\u0103rii datelor pe care ni le-a\u021bi furnizat. Politica noastr\u0103 de confiden\u021bialitate se&#8230;<\/p>\n","protected":false},"author":1,"featured_media":0,"parent":0,"menu_order":0,"comment_status":"closed","ping_status":"closed","template":"","meta":{"footnotes":""},"class_list":["post-2981","page","type-page","status-publish",""],"aioseo_notices":[],"_links":{"self":[{"href":"https:\/\/flags-world.com\/ro\/wp-json\/wp\/v2\/pages\/2981","targetHints":{"allow":["GET"]}}],"collection":[{"href":"https:\/\/flags-world.com\/ro\/wp-json\/wp\/v2\/pages"}],"about":[{"href":"https:\/\/flags-world.com\/ro\/wp-json\/wp\/v2\/types\/page"}],"author":[{"embeddable":true,"href":"https:\/\/flags-world.com\/ro\/wp-json\/wp\/v2\/users\/1"}],"replies":[{"embeddable":true,"href":"https:\/\/flags-world.com\/ro\/wp-json\/wp\/v2\/comments?post=2981"}],"version-history":[{"count":0,"href":"https:\/\/flags-world.com\/ro\/wp-json\/wp\/v2\/pages\/2981\/revisions"}],"wp:attachment":[{"href":"https:\/\/flags-world.com\/ro\/wp-json\/wp\/v2\/media?parent=2981"}],"curies":[{"name":"wp","href":"https:\/\/api.w.org\/{rel}","templated":true}]}}