{"id":2946,"date":"2021-01-26T12:32:17","date_gmt":"2021-01-26T09:32:17","guid":{"rendered":"https:\/\/flags-world.com\/ro\/despre-site\/"},"modified":"2021-01-26T12:32:17","modified_gmt":"2021-01-26T09:32:17","slug":"despre-site","status":"publish","type":"page","link":"https:\/\/flags-world.com\/ro\/despre-site\/","title":{"rendered":"Despre site"},"content":{"rendered":"<p>Site-ul &bdquo;steaguri-lumea.com &bdquo;creat pentru cei pasiona\u021bi de steaguri ale diferitelor \u021b\u0103ri. Planurile sunt de a ad\u0103uga stemele tuturor popoarelor \u0219i steaguri ale tuturor ora\u0219elor \u0219i statelor din lume.<\/p>\n<p>Sarcina principal\u0103 a site-ului este de a fi util vizitatorilor site-ului. Dac\u0103 acest site este interesant pentru cititori, cu at\u00e2t site-ul se va dezvolta mai repede.<\/p>\n<p>Dac\u0103 ave\u021bi sugestii pentru \u00eembun\u0103t\u0103\u021birea site-ului, atunci scrie\u021bi la formularul de pe pagina Contacte<\/p>\n","protected":false},"excerpt":{"rendered":"<p>Site-ul &bdquo;steaguri-lumea.com &bdquo;creat pentru cei pasiona\u021bi de steaguri ale diferitelor \u021b\u0103ri. Planurile sunt de a ad\u0103uga stemele tuturor popoarelor \u0219i steaguri ale tuturor ora\u0219elor \u0219i statelor din lume&#8230;.<\/p>\n","protected":false},"author":1,"featured_media":0,"parent":0,"menu_order":0,"comment_status":"closed","ping_status":"closed","template":"","meta":{"footnotes":""},"class_list":["post-2946","page","type-page","status-publish",""],"aioseo_notices":[],"_links":{"self":[{"href":"https:\/\/flags-world.com\/ro\/wp-json\/wp\/v2\/pages\/2946","targetHints":{"allow":["GET"]}}],"collection":[{"href":"https:\/\/flags-world.com\/ro\/wp-json\/wp\/v2\/pages"}],"about":[{"href":"https:\/\/flags-world.com\/ro\/wp-json\/wp\/v2\/types\/page"}],"author":[{"embeddable":true,"href":"https:\/\/flags-world.com\/ro\/wp-json\/wp\/v2\/users\/1"}],"replies":[{"embeddable":true,"href":"https:\/\/flags-world.com\/ro\/wp-json\/wp\/v2\/comments?post=2946"}],"version-history":[{"count":0,"href":"https:\/\/flags-world.com\/ro\/wp-json\/wp\/v2\/pages\/2946\/revisions"}],"wp:attachment":[{"href":"https:\/\/flags-world.com\/ro\/wp-json\/wp\/v2\/media?parent=2946"}],"curies":[{"name":"wp","href":"https:\/\/api.w.org\/{rel}","templated":true}]}}