{"id":1887,"date":"2021-01-16T12:07:33","date_gmt":"2021-01-16T09:07:33","guid":{"rendered":"https:\/\/flags-world.com\/ro\/steagul-antarcticii\/"},"modified":"2021-01-16T12:07:33","modified_gmt":"2021-01-16T09:07:33","slug":"steagul-antarcticii","status":"publish","type":"page","link":"https:\/\/flags-world.com\/ro\/steagul-antarcticii\/","title":{"rendered":"Steagul Antarcticii"},"content":{"rendered":"<p style=\"text-align: justify\">Dezvoltarea drapelului Antarcticii, la o ini\u021biativ\u0103 personal\u0103, a fost realizat\u0103 de vexiologi\u0219ti (oameni care studiaz\u0103 istoria originii steagurilor &#8211; o subsec\u021biune a \u0219tiin\u021bei). Dezvoltarea a fost at\u00e2t de reu\u0219it\u0103 \u00eenc\u00e2t au decis complet s\u0103 renun\u021be la calitatea de autor &#8211; nu exist\u0103 drepturi de autor sau de\u021bin\u0103tori de drepturi de autor pentru a le dezvolta.<\/p>\n<p><span itemprop=\"image\" itemscope itemtype=\"https:\/\/schema.org\/ImageObject\"><img itemprop=\"url image\" loading=\"lazy\" decoding=\"async\" class=\"alignnone size-full wp-image-4816\" src=\"\/wp-content\/uploads\/2021\/01\/antarctica-flag_1.png\" width=\"400\" height=\"266\" alt=\"steagul antarcticii-1\" \/><meta itemprop=\"width\" content=\"400\"><meta itemprop=\"height\" content=\"266\"><\/span><\/p>\n<h2 style=\"text-align: justify\">Istoricul steagurilor<\/h2>\n<p style=\"text-align: justify\">Antarctica este continentul, situat \u00een sudul planetei P\u0103m\u00e2nt. De fapt, Antarctica nu este un guvern \u0219i nu a avut niciodat\u0103 statutul de putere liber\u0103, moned\u0103, limb\u0103 de comunicare, dar \u00een 2002, Asocia\u021bia Acordului Antarctic, continentul a primit un steag neoficial.<\/p>\n<p style=\"text-align: justify\">Baza steagului s-a bazat pe principala tr\u0103s\u0103tur\u0103 distinctiv\u0103 a Antarcticii &#8211; neutralitatea \u0219i apartenen\u021ba general\u0103 la orice \u021bar\u0103. Din punct de vedere legislativ, pe baza r\u0103spunsului ONU, Antarctica nu poate fi recunoscut\u0103 ca parte a zonei de stat a nim\u0103nui. Steagul este realizat dup\u0103 asem\u0103narea drapelului organiza\u021biei ONN, &#8211; are o simbolistic\u0103 similar\u0103.<\/p>\n<p style=\"text-align: justify\">Simbolismul principal al steagului este neutralitatea, \u00een raport cu statele cu Antarctica \u0219i \u00een raport cu Antarctica cu \u021b\u0103rile secunde.<\/p>\n<p style=\"text-align: justify\">Pentru prima dat\u0103 pe continent, steagul a fost ridicat de editorul publica\u021biei populare &bdquo;The Ravan&rdquo; &#8211; Ted Kaye \u00een 2002. Totodat\u0103, bazele \u0219tiin\u021bifice, care se afl\u0103 pe continent, \u00een semn de solidaritate, au ridicat \u0219i ele steagul.<\/p>\n<h2 style=\"text-align: justify\">Descrierea steagului<\/h2>\n<p style=\"text-align: justify\">Steagul arat\u0103 ca un contur alb al unui continent pe fundalul unui semn egal &#8211; albastru. Linia, propor\u021biile sau descrierea aprobat\u0103 formal \u0219i legislativ nu exist\u0103, din cauza neoficialit\u0103\u021bii sale.<\/p>\n<h2 style=\"text-align: justify\">Ce \u00eenseamn\u0103 culorile steagului?<\/h2>\n<ul style=\"text-align: justify\">\n<li>Alb &#8211; Indic\u0103 conturul continentului. Nicio valoare corect\u0103. Poate c\u0103 creatorul steagului a vrut s\u0103 transmit\u0103 frigul continentului, s\u0103 duc\u0103 la o asociere cu z\u0103pada alb\u0103, care este o dat\u0103 pe an \u00een Antarctica (temperatura de pe continent nu cre\u0219te peste 0 pe indicatorii de temperatur\u0103).<\/li>\n<li>Albastru &#8211; un semn de neutralitate, respect reciproc \u0219i egalitate. Aceast\u0103 culoare este asociat\u0103 cu cerul, care este unul pentru to\u021bi, indiferent de ras\u0103, religie, etnie, lingvistic\u0103 sau a doua afiliere.<\/li>\n<\/ul>\n<h2 style=\"text-align: justify\">Alte versiuni ale steagului Antarcticii<\/h2>\n<p><span itemprop=\"image\" itemscope itemtype=\"https:\/\/schema.org\/ImageObject\"><img itemprop=\"url image\" loading=\"lazy\" decoding=\"async\" class=\"alignnone  wp-image-4818\" src=\"\/wp-content\/uploads\/2021\/01\/antarctica-flag_3.png\" alt=\"steagul antarcticii-2\" width=\"300\" height=\"200\" \/><meta itemprop=\"width\" content=\"300\"><meta itemprop=\"height\" content=\"200\"><\/span><\/p>\n<p style=\"text-align: justify\">Steagul Acordului Antarctic<\/p>\n<p><span itemprop=\"image\" itemscope itemtype=\"https:\/\/schema.org\/ImageObject\"><img itemprop=\"url image\" loading=\"lazy\" decoding=\"async\" class=\"alignnone  wp-image-4819\" src=\"\/wp-content\/uploads\/2021\/01\/antarctica-flag_2.png\" alt=\"steagul antarcticii-3\" width=\"300\" height=\"200\" \/><meta itemprop=\"width\" content=\"300\"><meta itemprop=\"height\" content=\"200\"><\/span><\/p>\n<p style=\"text-align: justify\">Steagul Antarcticii &#8211; Desen de Whitney Smith<\/p>\n<h2 style=\"text-align: justify\">Informa\u021bii nespecializate despre Antarctica<\/h2>\n<table>\n<tbody>\n<tr style=\"text-align: justify\">\n<td>Limba oficiala<\/td>\n<td>nu<\/td>\n<\/tr>\n<tr style=\"text-align: justify\">\n<td>Capital<\/td>\n<td>capitala informal\u0103 este sta\u021bia McMurdo<\/td>\n<\/tr>\n<tr style=\"text-align: justify\">\n<td>Teritoriu<\/td>\n<td>14.107.000 km2<\/td>\n<\/tr>\n<tr style=\"text-align: justify\">\n<td>Popula\u021bia<\/td>\n<td>1000-4000 de persoane (angaja\u021bi ai sta\u021biilor polare)<\/td>\n<\/tr>\n<tr style=\"text-align: justify\">\n<td>Valut\u0103<\/td>\n<td>nu<\/td>\n<\/tr>\n<tr>\n<td style=\"text-align: justify\">Cod de telefon<\/td>\n<td style=\"text-align: justify\">+672<\/td>\n<\/tr>\n<\/tbody>\n<\/table>\n","protected":false},"excerpt":{"rendered":"<p>Dezvoltarea drapelului Antarcticii, la o ini\u021biativ\u0103 personal\u0103, a fost realizat\u0103 de vexiologi\u0219ti (oameni care studiaz\u0103 istoria originii steagurilor &#8211; o subsec\u021biune a \u0219tiin\u021bei). Dezvoltarea a fost at\u00e2t de&#8230;<\/p>\n","protected":false},"author":1,"featured_media":5348,"parent":0,"menu_order":0,"comment_status":"closed","ping_status":"closed","template":"","meta":{"footnotes":""},"class_list":["post-1887","page","type-page","status-publish","has-post-thumbnail",""],"aioseo_notices":[],"_links":{"self":[{"href":"https:\/\/flags-world.com\/ro\/wp-json\/wp\/v2\/pages\/1887","targetHints":{"allow":["GET"]}}],"collection":[{"href":"https:\/\/flags-world.com\/ro\/wp-json\/wp\/v2\/pages"}],"about":[{"href":"https:\/\/flags-world.com\/ro\/wp-json\/wp\/v2\/types\/page"}],"author":[{"embeddable":true,"href":"https:\/\/flags-world.com\/ro\/wp-json\/wp\/v2\/users\/1"}],"replies":[{"embeddable":true,"href":"https:\/\/flags-world.com\/ro\/wp-json\/wp\/v2\/comments?post=1887"}],"version-history":[{"count":0,"href":"https:\/\/flags-world.com\/ro\/wp-json\/wp\/v2\/pages\/1887\/revisions"}],"wp:featuredmedia":[{"embeddable":true,"href":"https:\/\/flags-world.com\/ro\/wp-json\/wp\/v2\/media\/5348"}],"wp:attachment":[{"href":"https:\/\/flags-world.com\/ro\/wp-json\/wp\/v2\/media?parent=1887"}],"curies":[{"name":"wp","href":"https:\/\/api.w.org\/{rel}","templated":true}]}}