{"id":2981,"date":"2021-02-05T16:46:43","date_gmt":"2021-02-05T13:46:43","guid":{"rendered":"https:\/\/flags-world.com\/pl\/polityka-prywatnoci\/"},"modified":"2021-02-05T16:46:43","modified_gmt":"2021-02-05T13:46:43","slug":"polityka-prywatnoci","status":"publish","type":"page","link":"https:\/\/flags-world.com\/pl\/polityka-prywatnoci\/","title":{"rendered":"Polityka prywatno\u015bci"},"content":{"rendered":"<p>flagi \u015bwiata.Administracja strony com\/serwis jest zobowi\u0105zana do zachowania Twojej prywatno\u015bci w Internecie. Przyk\u0142adamy du\u017c\u0105 wag\u0119 do zabezpieczenia przekazanych nam danych. Nasza polityka prywatno\u015bci opiera si\u0119 na og\u00f3lnym rozporz\u0105dzeniu o ochronie danych (RODO) Unii Europejskiej.\u00a0Cele, dla kt\u00f3rych zbieramy Twoje dane osobowe, to ulepszanie naszego serwisu, komunikacja z odwiedzaj\u0105cymi t\u0119 stron\u0119, przetwarzanie danych u\u017cytkownik\u00f3w w celu sprzeda\u017cy internetowej, nie, oraz do innych dzia\u0142a\u0144 wymienionych poni\u017cej.<\/p>\n<p><h2>Przechowywanie i przetwarzanie danych osobowych<\/h2>\n<\/p>\n<p>Zbieramy i przetwarzamy Twoje dane osobowe tylko za Twoj\u0105 dobrowoln\u0105 zgod\u0105. Za Twoj\u0105 zgod\u0105 mo\u017cemy gromadzi\u0107 i przetwarza\u0107 nast\u0119puj\u0105ce dane: informacje o koncie w mediach spo\u0142eczno\u015bciowych, nie. Gromadzenie i przetwarzanie Twoich danych osobowych odbywa si\u0119 zgodnie z prawem Unii Europejskiej i Ukrainy.<\/p>\n<p><h2>Przechowywanie, zmiana i usuwanie danych<\/h2>\n<\/p>\n<p>U\u017cytkownik, kt\u00f3ry udost\u0119pni\u0142 flagi-world.com\/ ze swoimi danymi osobowymi, ma prawo do ich zmiany i usuni\u0119cia, a tak\u017ce prawo do odwo\u0142ania zgody na przetwarzanie danych. Czas, w kt\u00f3rym Twoje dane osobowe b\u0119d\u0105 przechowywane, to czas wykorzystywania danych osobowych, kt\u00f3ry jest niezb\u0119dny do g\u0142\u00f3wnej dzia\u0142alno\u015bci serwisu. Po zako\u0144czeniu przetwarzania Twoich danych osobowych administracja serwisu usunie je trwale. Aby uzyska\u0107 dost\u0119p do swoich danych osobowych, mo\u017cesz skontaktowa\u0107 si\u0119 z administracj\u0105 pod adresem: flags.world1990@gmail.com. Twoje dane b\u0119dziemy mogli przekaza\u0107 podmiotowi trzeciemu tylko za Twoj\u0105 dobrowoln\u0105 zgod\u0105. Je\u017celi dane zosta\u0142y przekazane podmiotowi trzeciemu, kt\u00f3ry nie jest powi\u0105zany z nasz\u0105 organizacj\u0105, nie mo\u017cemy dokona\u0107 \u017cadnych zmian w tych danych.<\/p>\n<p><h2>Przetwarzanie odwiedzanych danych technicznych<\/h2>\n<\/p>\n<p>Zapisy Twojego adresu IP, czasu wizyty, ustawie\u0144 przegl\u0105darki, systemu operacyjnego i innych informacji technicznych s\u0105 zapisywane w bazie danych, gdy odwiedzasz flags-world.com\/. Dane te s\u0105 niezb\u0119dne do prawid\u0142owego wy\u015bwietlania zawarto\u015bci serwisu. Niemo\u017cliwe jest zidentyfikowanie osoby odwiedzaj\u0105cego za pomoc\u0105 tych danych.<\/p>\n<p><h2>Dane osobowe dzieci<\/h2>\n<\/p>\n<p>Je\u015bli jeste\u015b rodzicem lub opiekunem prawnym niepe\u0142noletniego dziecka i wiesz, \u017ce dziecko przekaza\u0142o nam swoje dane osobowe bez Twojej zgody, skontaktuj si\u0119 z nami pod adresem: flags.world1990@gmail.com. Zabronione jest wprowadzanie danych osobowych niepe\u0142noletnich U\u017cytkownik\u00f3w bez zgody rodzic\u00f3w lub prawnych opiekun\u00f3w.<\/p>\n<p><h2>Przetwarzanie plik\u00f3w cookies<\/h2>\n<\/p>\n<p>U\u017cywamy plik\u00f3w cookies w celu poprawnego wy\u015bwietlania zawarto\u015bci serwisu oraz dla wygody przegl\u0105dania flags-world.com\/. S\u0105 to ma\u0142e pliki, kt\u00f3re s\u0105 przechowywane na Twoim urz\u0105dzeniu. Pomagaj\u0105 stronie internetowej zapami\u0119ta\u0107 informacje o Tobie, takie jak w jakim j\u0119zyku korzystasz ze strony i kt\u00f3re strony ju\u017c otworzy\u0142e\u015b. Ta informacja przyda si\u0119 podczas kolejnej wizyty. Dzi\u0119ki plikom cookies przegl\u0105danie strony sta\u0142o si\u0119 znacznie wygodniejsze. Mo\u017cesz dowiedzie\u0107 si\u0119 wi\u0119cej o tych plikach tutaj. Mo\u017cesz samodzielnie ustawi\u0107 odbi\u00f3r i blokowanie plik\u00f3w cookies w Twojej przegl\u0105darce. Brak mo\u017cliwo\u015bci odbioru plik\u00f3w cookies mo\u017ce ograniczy\u0107 funkcjonalno\u015b\u0107 serwisu.<\/p>\n<p><h2>Przetwarzanie danych osobowych przez inne us\u0142ugi<\/h2>\n<\/p>\n<p>Ta strona korzysta z zewn\u0119trznych us\u0142ug internetowych, kt\u00f3re zbieraj\u0105 dane niezale\u017cnie od nas. Takie us\u0142ugi obejmuj\u0105 Google Analytics, Google AdSense.<\/p>\n<p>Dane gromadzone przez te serwisy mog\u0105 by\u0107 przekazywane do innych serwis\u00f3w w ramach tych organizacji. Mog\u0105 wykorzysta\u0107 dane do personalizacji reklam w\u0142asnej sieci reklamowej. Mo\u017cesz dowiedzie\u0107 si\u0119 o umowach u\u017cytkownika tych organizacji na ich stronach internetowych. Mo\u017cesz r\u00f3wnie\u017c odm\u00f3wi\u0107 zbierania swoich danych osobowych. Na przyk\u0142ad dodatek do przegl\u0105darki blokuj\u0105cy Google Analytics mo\u017cna znale\u017a\u0107 tutaj. Nie przekazujemy \u017cadnych danych osobowych innym organizacjom ani us\u0142ugom, kt\u00f3re nie s\u0105 wymienione w niniejszej polityce prywatno\u015bci. W drodze wyj\u0105tku zebrane dane mog\u0105 zosta\u0107 udost\u0119pnione na zgodny z prawem wniosek organ\u00f3w pa\u0144stwowych, kt\u00f3re s\u0105 uprawnione do \u017c\u0105dania takich informacji.<\/p>\n<p><h2>Linki do innych stron internetowych<\/h2>\n<\/p>\n<p>Nasza strona flagi-\u015bwiat.com\/ mo\u017ce zawiera\u0107 linki do innych stron internetowych, kt\u00f3re nie s\u0105 pod nasz\u0105 kontrol\u0105. Nie ponosimy odpowiedzialno\u015bci za zawarto\u015b\u0107 tych stron. Zalecamy zapoznanie si\u0119 z polityk\u0105 prywatno\u015bci ka\u017cdego odwiedzanego serwisu, je\u015bli taka polityka istnieje.<\/p>\n<p><h2>Zmiany w polityce prywatno\u015bci<\/h2>\n<\/p>\n<p>Od czasu do czasu nasza strona, flagi-\u015bwiata.com\/, mo\u017ce zaktualizowa\u0107 nasz\u0105 polityk\u0119 prywatno\u015bci. Informujemy o wszelkich zmianach w polityce prywatno\u015bci zamieszczonej na tej stronie. Monitorujemy wszelkie zmiany w przepisach, kt\u00f3re s\u0105 zwi\u0105zane z danymi osobowymi w Unii Europejskiej i na Ukrainie. Je\u017celi poda\u0142e\u015b na naszej stronie jakiekolwiek swoje dane osobowe, poinformujemy Ci\u0119 o zmianach w naszej polityce prywatno\u015bci. Je\u017celi Twoje dane osobowe, a dok\u0142adniej dane kontaktowe zosta\u0142y wprowadzone nieprawid\u0142owo, nie b\u0119dziemy mogli si\u0119 z Tob\u0105 skontaktowa\u0107.<\/p>\n<p><h2>Informacje zwrotne i klauzule ko\u0144cowe<\/h2>\n<\/p>\n<p>Mo\u017cesz skontaktowa\u0107 si\u0119 z administracj\u0105 flags-world.com\/ w sprawie wszelkich pyta\u0144 zwi\u0105zanych z polityk\u0105 prywatno\u015bci na: flagi.world1990@gmail.com, lub wype\u0142niaj\u0105c formularz kontaktowy okre\u015blony w odpowiedniej sekcji tej strony internetowej. Je\u015bli nie zgadzasz si\u0119 z niniejsz\u0105 polityk\u0105 prywatno\u015bci, nie mo\u017cesz korzysta\u0107 z us\u0142ug flags-world.com\/. W takim przypadku nale\u017cy unika\u0107 odwiedzania naszej strony internetowej.<\/p>\n","protected":false},"excerpt":{"rendered":"<p>flagi \u015bwiata.Administracja strony com\/serwis jest zobowi\u0105zana do zachowania Twojej prywatno\u015bci w Internecie. Przyk\u0142adamy du\u017c\u0105 wag\u0119 do zabezpieczenia przekazanych nam danych. Nasza polityka prywatno\u015bci opiera si\u0119 na og\u00f3lnym rozporz\u0105dzeniu&#8230;<\/p>\n","protected":false},"author":1,"featured_media":0,"parent":0,"menu_order":0,"comment_status":"closed","ping_status":"closed","template":"","meta":{"footnotes":""},"class_list":["post-2981","page","type-page","status-publish",""],"aioseo_notices":[],"_links":{"self":[{"href":"https:\/\/flags-world.com\/pl\/wp-json\/wp\/v2\/pages\/2981","targetHints":{"allow":["GET"]}}],"collection":[{"href":"https:\/\/flags-world.com\/pl\/wp-json\/wp\/v2\/pages"}],"about":[{"href":"https:\/\/flags-world.com\/pl\/wp-json\/wp\/v2\/types\/page"}],"author":[{"embeddable":true,"href":"https:\/\/flags-world.com\/pl\/wp-json\/wp\/v2\/users\/1"}],"replies":[{"embeddable":true,"href":"https:\/\/flags-world.com\/pl\/wp-json\/wp\/v2\/comments?post=2981"}],"version-history":[{"count":0,"href":"https:\/\/flags-world.com\/pl\/wp-json\/wp\/v2\/pages\/2981\/revisions"}],"wp:attachment":[{"href":"https:\/\/flags-world.com\/pl\/wp-json\/wp\/v2\/media?parent=2981"}],"curies":[{"name":"wp","href":"https:\/\/api.w.org\/{rel}","templated":true}]}}