{"id":2946,"date":"2021-01-26T12:32:17","date_gmt":"2021-01-26T09:32:17","guid":{"rendered":"https:\/\/flags-world.com\/pl\/o-stronie\/"},"modified":"2021-01-26T12:32:17","modified_gmt":"2021-01-26T09:32:17","slug":"o-stronie","status":"publish","type":"page","link":"https:\/\/flags-world.com\/pl\/o-stronie\/","title":{"rendered":"O stronie"},"content":{"rendered":"<p>Witryna &bdquo;flagi-\u015bwiat&rdquo;.com &bdquo;stworzony dla tych, kt\u00f3rzy lubi\u0105 flagi r\u00f3\u017cnych kraj\u00f3w. W planach jest dodanie herb\u00f3w wszystkich narod\u00f3w i flag wszystkich miast i pa\u0144stw na \u015bwiecie.<\/p>\n<p>G\u0142\u00f3wnym zadaniem serwisu jest bycie u\u017cytecznym dla odwiedzaj\u0105cych witryn\u0119. Je\u015bli ta strona jest interesuj\u0105ca dla czytelnik\u00f3w, tym szybciej strona si\u0119 rozwinie.<\/p>\n<p>Je\u015bli masz jakie\u015b sugestie dotycz\u0105ce ulepszenia strony, napisz do formularza na stronie Kontakty<\/p>\n","protected":false},"excerpt":{"rendered":"<p>Witryna &bdquo;flagi-\u015bwiat&rdquo;.com &bdquo;stworzony dla tych, kt\u00f3rzy lubi\u0105 flagi r\u00f3\u017cnych kraj\u00f3w. W planach jest dodanie herb\u00f3w wszystkich narod\u00f3w i flag wszystkich miast i pa\u0144stw na \u015bwiecie. G\u0142\u00f3wnym zadaniem serwisu&#8230;<\/p>\n","protected":false},"author":1,"featured_media":0,"parent":0,"menu_order":0,"comment_status":"closed","ping_status":"closed","template":"","meta":{"footnotes":""},"class_list":["post-2946","page","type-page","status-publish",""],"aioseo_notices":[],"_links":{"self":[{"href":"https:\/\/flags-world.com\/pl\/wp-json\/wp\/v2\/pages\/2946","targetHints":{"allow":["GET"]}}],"collection":[{"href":"https:\/\/flags-world.com\/pl\/wp-json\/wp\/v2\/pages"}],"about":[{"href":"https:\/\/flags-world.com\/pl\/wp-json\/wp\/v2\/types\/page"}],"author":[{"embeddable":true,"href":"https:\/\/flags-world.com\/pl\/wp-json\/wp\/v2\/users\/1"}],"replies":[{"embeddable":true,"href":"https:\/\/flags-world.com\/pl\/wp-json\/wp\/v2\/comments?post=2946"}],"version-history":[{"count":0,"href":"https:\/\/flags-world.com\/pl\/wp-json\/wp\/v2\/pages\/2946\/revisions"}],"wp:attachment":[{"href":"https:\/\/flags-world.com\/pl\/wp-json\/wp\/v2\/media?parent=2946"}],"curies":[{"name":"wp","href":"https:\/\/api.w.org\/{rel}","templated":true}]}}