{"id":1887,"date":"2021-01-16T12:07:33","date_gmt":"2021-01-16T09:07:33","guid":{"rendered":"https:\/\/flags-world.com\/pl\/flaga-antarktydy\/"},"modified":"2021-01-16T12:07:33","modified_gmt":"2021-01-16T09:07:33","slug":"flaga-antarktydy","status":"publish","type":"page","link":"https:\/\/flags-world.com\/pl\/flaga-antarktydy\/","title":{"rendered":"Flaga Antarktydy"},"content":{"rendered":"<p style=\"text-align: justify\">Opracowanie flagi Antarktydy, z osobistej inicjatywy, zosta\u0142o przeprowadzone przez vexiollogists (osoby badaj\u0105ce histori\u0119 pochodzenia flag &#8212; podrozdzia\u0142 nauki). Opracowanie by\u0142o tak udane, \u017ce ca\u0142kowicie postanowili zrzec si\u0119 autorstwa &#8212; nie ma \u017cadnych praw autora ani w\u0142a\u015bciciela praw autorskich do ich opracowania.<\/p>\n<p><span itemprop=\"image\" itemscope itemtype=\"https:\/\/schema.org\/ImageObject\"><img itemprop=\"url image\" loading=\"lazy\" decoding=\"async\" class=\"alignnone size-full wp-image-4816\" src=\"\/wp-content\/uploads\/2021\/01\/antarctica-flag_1.png\" width=\"400\" height=\"266\" alt=\"flaga Antarktydy-1\" \/><meta itemprop=\"width\" content=\"400\"><meta itemprop=\"height\" content=\"266\"><\/span><\/p>\n<h2 style=\"text-align: justify\">Historia flag<\/h2>\n<p style=\"text-align: justify\">Antarktyda to kontynent, po\u0142o\u017cony na po\u0142udniu planety Ziemia. W rzeczywisto\u015bci Antarktyda nie jest rz\u0105dem i nigdy nie mia\u0142a statusu wolnej w\u0142adzy, waluty, j\u0119zyka komunikacji, ale w 2002 roku stowarzyszeniu Porozumienia Antarktycznego kontynentowi przypisano nieoficjaln\u0105 flag\u0119.<\/p>\n<p style=\"text-align: justify\">Podstawa flagi zosta\u0142a oparta na g\u0142\u00f3wnym wyr\u00f3\u017cniku Antarktydy &#8212; neutralno\u015bci i og\u00f3lnej przynale\u017cno\u015bci do dowolnego kraju. Z prawnego punktu widzenia, w oparciu o odpowied\u017a ONZ, Antarktyda nie mo\u017ce by\u0107 uznana za cz\u0119\u015b\u0107 czyjegokolwiek obszaru pa\u0144stwowego. Flaga wykonana na podobie\u0144stwo flagi organizacji ONN, &#8212; ma podobn\u0105 symbolik\u0119.<\/p>\n<p style=\"text-align: justify\">G\u0142\u00f3wn\u0105 symbolik\u0105 flagi jest neutralno\u015b\u0107 w stosunku do pa\u0144stw Antarktydy i Antarktydy do drugich kraj\u00f3w.<\/p>\n<p style=\"text-align: justify\">Po raz pierwszy nad kontynentem flag\u0119 podni\u00f3s\u0142 redaktor popularnej publikacji &bdquo;The Ravan&rdquo; \u2013 Ted Kaye w 2002 roku. W tym samym czasie, w symbolu solidarno\u015bci, podnios\u0142y flag\u0119 r\u00f3wnie\u017c bazy naukowe, kt\u00f3re znajduj\u0105 si\u0119 na kontynencie.<\/p>\n<h2 style=\"text-align: justify\">Opis flagi<\/h2>\n<p style=\"text-align: justify\">Flaga wygl\u0105da jak bia\u0142y kontur kontynentu na tle znaku r\u00f3wno\u015bci &#8212; niebieski. Zatwierdzona formalno-prawnie linia, proporcje lub opis nie istnieje ze wzgl\u0119du na jego nieoficjalno\u015b\u0107.<\/p>\n<h2 style=\"text-align: justify\">Co oznaczaj\u0105 kolory flagi?<\/h2>\n<ul style=\"text-align: justify\">\n<li>Bia\u0142y \u2014 wska\u017c zarys kontynentu. Brak prawid\u0142owej warto\u015bci. Mo\u017ce tw\u00f3rca flagi chcia\u0142 przekaza\u0107 ch\u0142\u00f3d kontynentu, nawi\u0105za\u0107 do skojarzenia z bia\u0142ym \u015bniegiem, kt\u00f3ry raz w roku jest na Antarktydzie (temperatura na kontynencie nie wzrasta powy\u017cej 0 na wska\u017anikach temperatury).<\/li>\n<li>Niebieski &#8212; znak neutralno\u015bci, wzajemnego szacunku i r\u00f3wno\u015bci. Ten kolor kojarzy si\u0119 z niebem, kt\u00f3ry jest jeden dla wszystkich, niezale\u017cnie od przynale\u017cno\u015bci rasowej, religijnej, etnicznej, j\u0119zykowej czy drugiej.<\/li>\n<\/ul>\n<h2 style=\"text-align: justify\">Inne wersje flagi Antarktydy<\/h2>\n<p><span itemprop=\"image\" itemscope itemtype=\"https:\/\/schema.org\/ImageObject\"><img itemprop=\"url image\" loading=\"lazy\" decoding=\"async\" class=\"alignnone  wp-image-4818\" src=\"\/wp-content\/uploads\/2021\/01\/antarctica-flag_3.png\" alt=\"flaga Antarktydy-2\" width=\"300\" height=\"200\" \/><meta itemprop=\"width\" content=\"300\"><meta itemprop=\"height\" content=\"200\"><\/span><\/p>\n<p style=\"text-align: justify\">Flaga porozumienia antarktycznego<\/p>\n<p><span itemprop=\"image\" itemscope itemtype=\"https:\/\/schema.org\/ImageObject\"><img itemprop=\"url image\" loading=\"lazy\" decoding=\"async\" class=\"alignnone  wp-image-4819\" src=\"\/wp-content\/uploads\/2021\/01\/antarctica-flag_2.png\" alt=\"flaga Antarktydy-3\" width=\"300\" height=\"200\" \/><meta itemprop=\"width\" content=\"300\"><meta itemprop=\"height\" content=\"200\"><\/span><\/p>\n<p style=\"text-align: justify\">Flaga Antarktydy \u2013 rysunek autorstwa Whitney Smith<\/p>\n<h2 style=\"text-align: justify\">Niespecjalistyczne informacje o Antarktydzie<\/h2>\n<table>\n<tbody>\n<tr style=\"text-align: justify\">\n<td>Oficjalny j\u0119zyk<\/td>\n<td>nie<\/td>\n<\/tr>\n<tr style=\"text-align: justify\">\n<td>Stolica<\/td>\n<td>nieformaln\u0105 stolic\u0105 jest stacja McMurdo<\/td>\n<\/tr>\n<tr style=\"text-align: justify\">\n<td>Terytorium<\/td>\n<td>14 107 000 km2<\/td>\n<\/tr>\n<tr style=\"text-align: justify\">\n<td>Populacja<\/td>\n<td>1000-4000 os\u00f3b (pracownicy stacji polarnych)<\/td>\n<\/tr>\n<tr style=\"text-align: justify\">\n<td>Waluta<\/td>\n<td>nie<\/td>\n<\/tr>\n<tr>\n<td style=\"text-align: justify\">Kod telefoniczny<\/td>\n<td style=\"text-align: justify\">+672<\/td>\n<\/tr>\n<\/tbody>\n<\/table>\n","protected":false},"excerpt":{"rendered":"<p>Opracowanie flagi Antarktydy, z osobistej inicjatywy, zosta\u0142o przeprowadzone przez vexiollogists (osoby badaj\u0105ce histori\u0119 pochodzenia flag &#8212; podrozdzia\u0142 nauki). Opracowanie by\u0142o tak udane, \u017ce ca\u0142kowicie postanowili zrzec si\u0119 autorstwa&#8230;<\/p>\n","protected":false},"author":1,"featured_media":5321,"parent":0,"menu_order":0,"comment_status":"closed","ping_status":"closed","template":"","meta":{"footnotes":""},"class_list":["post-1887","page","type-page","status-publish","has-post-thumbnail",""],"aioseo_notices":[],"_links":{"self":[{"href":"https:\/\/flags-world.com\/pl\/wp-json\/wp\/v2\/pages\/1887","targetHints":{"allow":["GET"]}}],"collection":[{"href":"https:\/\/flags-world.com\/pl\/wp-json\/wp\/v2\/pages"}],"about":[{"href":"https:\/\/flags-world.com\/pl\/wp-json\/wp\/v2\/types\/page"}],"author":[{"embeddable":true,"href":"https:\/\/flags-world.com\/pl\/wp-json\/wp\/v2\/users\/1"}],"replies":[{"embeddable":true,"href":"https:\/\/flags-world.com\/pl\/wp-json\/wp\/v2\/comments?post=1887"}],"version-history":[{"count":0,"href":"https:\/\/flags-world.com\/pl\/wp-json\/wp\/v2\/pages\/1887\/revisions"}],"wp:featuredmedia":[{"embeddable":true,"href":"https:\/\/flags-world.com\/pl\/wp-json\/wp\/v2\/media\/5321"}],"wp:attachment":[{"href":"https:\/\/flags-world.com\/pl\/wp-json\/wp\/v2\/media?parent=1887"}],"curies":[{"name":"wp","href":"https:\/\/api.w.org\/{rel}","templated":true}]}}