{"id":5995,"date":"2021-10-31T14:45:40","date_gmt":"2021-10-31T11:45:40","guid":{"rendered":"https:\/\/flags-world.com\/lv\/?page_id=5995"},"modified":"2021-10-31T14:45:40","modified_gmt":"2021-10-31T11:45:40","slug":"about-the-site","status":"publish","type":"page","link":"https:\/\/flags-world.com\/lv\/about-the-site\/","title":{"rendered":"Par vietni"},"content":{"rendered":"<p style=\"text-align: justify;\">Vietne &#8220;flags-world.com&#8221; izveidota tiem, kam pat\u012bk da\u017e\u0101du valstu karogi. Pl\u0101nots pievienot visu tautu \u0123erbo\u0146us un visu pasaules pils\u0113tu un \u0161tatu karogus.<\/p>\n<p style=\"text-align: justify;\">Vietnes galvenais uzdevums ir b\u016bt noder\u012bgai vietnes apmekl\u0113t\u0101jiem. Ja \u0161\u012b vietne ir interesanta las\u012bt\u0101jiem, jo \u0101tr\u0101k vietne att\u012bst\u012bsies.<\/p>\n<p style=\"text-align: justify;\">Ja jums ir k\u0101di ieteikumi vietnes uzlabo\u0161anai, rakstiet uz veidlapu lap\u0101 Kontakti<\/p>\n","protected":false},"excerpt":{"rendered":"<p>Vietne &#8220;flags-world.com&#8221; izveidota tiem, kam pat\u012bk da\u017e\u0101du valstu karogi. Pl\u0101nots pievienot visu tautu \u0123erbo\u0146us un visu pasaules pils\u0113tu un \u0161tatu karogus. Vietnes galvenais uzdevums ir b\u016bt noder\u012bgai vietnes&#8230;<\/p>\n","protected":false},"author":1,"featured_media":0,"parent":0,"menu_order":0,"comment_status":"closed","ping_status":"closed","template":"","meta":{"footnotes":""},"class_list":["post-5995","page","type-page","status-publish",""],"aioseo_notices":[],"_links":{"self":[{"href":"https:\/\/flags-world.com\/lv\/wp-json\/wp\/v2\/pages\/5995","targetHints":{"allow":["GET"]}}],"collection":[{"href":"https:\/\/flags-world.com\/lv\/wp-json\/wp\/v2\/pages"}],"about":[{"href":"https:\/\/flags-world.com\/lv\/wp-json\/wp\/v2\/types\/page"}],"author":[{"embeddable":true,"href":"https:\/\/flags-world.com\/lv\/wp-json\/wp\/v2\/users\/1"}],"replies":[{"embeddable":true,"href":"https:\/\/flags-world.com\/lv\/wp-json\/wp\/v2\/comments?post=5995"}],"version-history":[{"count":1,"href":"https:\/\/flags-world.com\/lv\/wp-json\/wp\/v2\/pages\/5995\/revisions"}],"predecessor-version":[{"id":5996,"href":"https:\/\/flags-world.com\/lv\/wp-json\/wp\/v2\/pages\/5995\/revisions\/5996"}],"wp:attachment":[{"href":"https:\/\/flags-world.com\/lv\/wp-json\/wp\/v2\/media?parent=5995"}],"curies":[{"name":"wp","href":"https:\/\/api.w.org\/{rel}","templated":true}]}}