{"id":2981,"date":"2021-02-05T16:46:43","date_gmt":"2021-02-05T13:46:43","guid":{"rendered":"https:\/\/flags-world.com\/lt\/privatumo-politika-2\/"},"modified":"2021-02-05T16:46:43","modified_gmt":"2021-02-05T13:46:43","slug":"privatumo-politika-2","status":"publish","type":"page","link":"https:\/\/flags-world.com\/lt\/privatumo-politika-2\/","title":{"rendered":"Privatumo politika"},"content":{"rendered":"<p>V\u0117liavos-pasaulis.COM \/ svetain\u0117s administracija yra \u012fpareigota i\u0161laikyti j\u016bs\u0173 privatum\u0105 internete. Mes daug d\u0117mesio skiriame mums pateikt\u0173 duomen\u0173 u\u017etikrinimui. M\u016bs\u0173 privatumo politika grind\u017eiama bendru Europos S\u0105jungos duomen\u0173 apsaugos reglamentu (GDPR).\u00a0Teikiantys tikslai, d\u0117l kuri\u0173 mes renkame j\u016bs\u0173 asmens duomenis, yra m\u016bs\u0173 paslaug\u0173 tobulinimas, bendravimas su \u0161ioje svetain\u0117je lankytojams, naudotojo duomen\u0173 apdorojimas internetu pardavimo, ne, ir kitiems toliau i\u0161vardytiems veiksmams.<\/p>\n<p><h2>Asmens duomen\u0173 saugojimas ir perdirbimas<\/h2>\n<\/p>\n<p>Mes renkame ir apdorojame j\u016bs\u0173 asmens duomenis tik su j\u016bs\u0173 norimu sutikimu. Su savo leidimu galime rinkti ir apdoroti \u0161iuos duomenis: socialin\u0117s \u017einiasklaidos paskyros informacija, ne. J\u016bs\u0173 asmenin\u0117s informacijos rinkimas ir apdorojimas atliekami pagal Europos S\u0105jungos ir Ukrainos \u012fstatymus.<\/p>\n<p><h2>Duomen\u0173 saugojimas, keitimas ir pa\u0161alinimas<\/h2>\n<\/p>\n<p>Vartotojas, kuris pateik\u0117 v\u0117liav\u0105-pasaul\u012f.Com \/ su savo asmens duomenimis, turi teis\u0119 \u012f j\u0173 keitim\u0105 ir pa\u0161alinim\u0105, taip pat teis\u0119 prisiminti susitarim\u0105 su duomen\u0173 tvarkymu. Laikas, kurio metu j\u016bs\u0173 asmens duomenys bus saugomi, yra laikas, kai asmens duomenys yra reikalingi pagrindinei svetain\u0117s veiklai. Baig\u0119s apdoroti j\u016bs\u0173 asmens duomenis, svetain\u0117s administracija visam laikui i\u0161trins. Nor\u0117dami pasiekti savo asmens duomenis, galite kreiptis \u012f administracij\u0105 adresu: V\u0117liavos.World1990 @ Gmail.com. Mes gal\u0117sime perduoti savo duomenis \u012f tre\u010di\u0105j\u0105 \u0161al\u012f tik su savo norimu sutikimu. Jei duomenys buvo perduoti tre\u010diajai \u0161aliai, kuri n\u0117ra susijusi su m\u016bs\u0173 organizacija, negalime atlikti joki\u0173 duomen\u0173 pakeitim\u0173.<\/p>\n<p><h2>Apsilankymas Techniniai duomenys<\/h2>\n<\/p>\n<p>J\u016bs\u0173 IP adreso \u012fra\u0161ai, vizito laikas, nar\u0161ykl\u0117s nustatymai, operacin\u0117 sistema ir kita technin\u0117 informacija yra i\u0161saugota duomen\u0173 baz\u0117je, kai lankot\u0117s v\u0117liavos pasaulyje.com \/. \u0160ie duomenys yra b\u016btini teisingam svetain\u0117s turinio rodymui. Ne\u012fmanoma nustatyti lankytojo asmens naudodamiesi \u0161iuo duomenimis.<\/p>\n<p><h2>Vaik\u0173 asmenin\u0117 informacija<\/h2>\n<\/p>\n<p>Jei esate t\u0117vas ar nepilname\u010dio vaik\u0173 glob\u0117jas, ir \u017einote, kad vaikas mums pateik\u0117 savo asmenin\u0119 informacij\u0105 be j\u016bs\u0173 sutikimo, pra\u0161ome susisiekti su mumis: V\u0117liavos.World1990 @ Gmail.com. Draud\u017eiama patekti \u012f nepilname\u010di\u0173 naudotoj\u0173 asmeninius duomenis be t\u0117v\u0173 ar teis\u0117t\u0173 glob\u0117j\u0173 sutikimo.<\/p>\n<p><h2>Slapuk\u0173 apdorojimas<\/h2>\n<\/p>\n<p>Mes naudojame slapuk\u0173 failus teisingam svetain\u0117s turinio rodymui ir nar\u0161ymo v\u0117liavos patogumui.com \/. Jie yra ma\u017ei failai, kurie saugomi j\u016bs\u0173 prietaise. Jie padeda svetainei prisiminti informacij\u0105 apie jus, pvz., Kokia kalba naudojate svetain\u0119 ir kokie puslapiai jau atidar\u0117te. \u0160i informacija bus naudinga kitame apsilankyme. &#8222;Cookie&#8221; fail\u0173 d\u0117ka svetain\u0117s nar\u0161ymas tapo daug patogesnis. \u010cia galite su\u017einoti daugiau apie \u0161iuos failus. Galite sukurti slapuk\u0173 pri\u0117mim\u0105 ir u\u017eblokuoti savo nar\u0161ykl\u0119. Nesugeb\u0117jimas gauti slapuk\u0173 fail\u0173 gali apriboti svetain\u0117s funkcionalum\u0105.<\/p>\n<p><h2>Asmens duomen\u0173 tvarkymas kitomis paslaugomis<\/h2>\n<\/p>\n<p>\u0160i svetain\u0117 naudoja tre\u010diosios \u0161alies internetines paslaugas, kurios atlieka duomen\u0173 rinkim\u0105, nepriklausom\u0105 nuo m\u016bs\u0173. Tokios paslaugos apima &#8222;Google Analytics&#8221;, &#8222;Google AdSense&#8221;.<\/p>\n<p>\u0160i\u0173 paslaug\u0173 surinktos duomenys gali b\u016bti teikiamos kitoms \u0161iose organizacijose. Jie gali naudoti savo reklamos tinklo reklamos reklamavimo duomenis. J\u016bs galite su\u017einoti apie \u0161i\u0173 organizacij\u0173 naudotoj\u0173 susitarimus savo svetain\u0117se. Taip pat galite atsisakyti savo asmens duomen\u0173 rinkimo. Pavyzd\u017eiui, &#8222;Google Analytics&#8221; atsisakymo nar\u0161ykl\u0117s pried\u0105 galima rasti \u010dia. Mes neperduodame joki\u0173 asmenini\u0173 duomen\u0173 kitoms organizacijoms ar paslaugoms, kurios n\u0117ra i\u0161vardytos \u0161ioje privatumo politikoje. Kaip i\u0161imtis, surinkti duomenys gali b\u016bti pateikiami teis\u0117tame valstyb\u0117s institucij\u0173 pra\u0161yme, kuriai leid\u017eiama pra\u0161yti tokios informacijos.<\/p>\n<p><h2>Nuorodos \u012f kitas svetaines<\/h2>\n<\/p>\n<p>M\u016bs\u0173 interneto v\u0117liavos pasaulyje.COM \/ gali b\u016bti nuorod\u0173 \u012f kitas svetaines, kurios n\u0117ra m\u016bs\u0173 kontrol\u0117s. Mes neatsakome u\u017e \u0161i\u0173 svetaini\u0173 turin\u012f. Rekomenduojame susipa\u017einti su kiekvienos svetain\u0117s privatumo politika, kuri\u0105 lankot\u0117s, jei egzistuoja tokia politika.<\/p>\n<p><h2>Privatumo politikos pakeitimai<\/h2>\n<\/p>\n<p>Kartais m\u016bs\u0173 svetain\u0117, v\u0117liavos-pasaulis.COM \/, gali atnaujinti m\u016bs\u0173 privatumo politik\u0105. Mes informuojame apie bet kokius privatumo politikos pakeitimus, pateiktus \u0161iam tinklalapiui. Mes stebime visus teis\u0117s akt\u0173 pakeitimus, susijusius su asmens duomenimis Europos S\u0105jungoje ir Ukrainoje. Jei \u012fved\u0117te bet kur\u012f savo asmeninius duomenis m\u016bs\u0173 svetain\u0117je, informuosime Jus apie m\u016bs\u0173 privatumo politikos poky\u010dius. Jei j\u016bs\u0173 asmeniniai duomenys, ir konkre\u010diau, j\u016bs\u0173 kontaktin\u0117 informacija buvo \u012fvesta neteisingai, mes negal\u0117sime su jumis susisiekti.<\/p>\n<p><h2>Atsiliepimai ir galutin\u0117s s\u0105lygos<\/h2>\n<\/p>\n<p>Galite susisiekti su v\u0117liav\u0173 administravimu.KOM \/ D\u0117l koki\u0173 nors klausim\u0173, susijusi\u0173 su privatumo politika: V\u0117liavos.World1990 @ Gmail.COM, arba u\u017epildant kontaktin\u0119 form\u0105, nurodyt\u0105 atitinkamoje \u0161ios svetain\u0117s skyriuje. Jei nesutinkate su \u0161ia privatumo politika, negalite naudoti v\u0117liavos pasaulio paslaug\u0173.com \/. \u0160iuo atveju tur\u0117tum\u0117te vengti apsilankyti m\u016bs\u0173 svetain\u0117je.<\/p>\n","protected":false},"excerpt":{"rendered":"<p>V\u0117liavos-pasaulis.COM \/ svetain\u0117s administracija yra \u012fpareigota i\u0161laikyti j\u016bs\u0173 privatum\u0105 internete. Mes daug d\u0117mesio skiriame mums pateikt\u0173 duomen\u0173 u\u017etikrinimui. M\u016bs\u0173 privatumo politika grind\u017eiama bendru Europos S\u0105jungos duomen\u0173 apsaugos reglamentu&#8230;<\/p>\n","protected":false},"author":1,"featured_media":0,"parent":0,"menu_order":0,"comment_status":"closed","ping_status":"closed","template":"","meta":{"footnotes":""},"class_list":["post-2981","page","type-page","status-publish",""],"aioseo_notices":[],"_links":{"self":[{"href":"https:\/\/flags-world.com\/lt\/wp-json\/wp\/v2\/pages\/2981","targetHints":{"allow":["GET"]}}],"collection":[{"href":"https:\/\/flags-world.com\/lt\/wp-json\/wp\/v2\/pages"}],"about":[{"href":"https:\/\/flags-world.com\/lt\/wp-json\/wp\/v2\/types\/page"}],"author":[{"embeddable":true,"href":"https:\/\/flags-world.com\/lt\/wp-json\/wp\/v2\/users\/1"}],"replies":[{"embeddable":true,"href":"https:\/\/flags-world.com\/lt\/wp-json\/wp\/v2\/comments?post=2981"}],"version-history":[{"count":0,"href":"https:\/\/flags-world.com\/lt\/wp-json\/wp\/v2\/pages\/2981\/revisions"}],"wp:attachment":[{"href":"https:\/\/flags-world.com\/lt\/wp-json\/wp\/v2\/media?parent=2981"}],"curies":[{"name":"wp","href":"https:\/\/api.w.org\/{rel}","templated":true}]}}