{"id":2946,"date":"2021-01-26T12:32:17","date_gmt":"2021-01-26T09:32:17","guid":{"rendered":"https:\/\/flags-world.com\/lt\/apie-svetain\/"},"modified":"2021-01-26T12:32:17","modified_gmt":"2021-01-26T09:32:17","slug":"apie-svetain","status":"publish","type":"page","link":"https:\/\/flags-world.com\/lt\/apie-svetain\/","title":{"rendered":"Apie svetain\u0119"},"content":{"rendered":"<p>&#8222;Flags-World&#8221; svetain\u0117.com &#8222;sukurta tiems, kurie m\u0117gsta \u012fvairi\u0173 \u0161ali\u0173 v\u0117liavas. Planai yra \u012ftraukti vis\u0173 pasaulio miest\u0173 ir valstybi\u0173 taut\u0173 ir v\u0117liav\u0173 herbas.<\/p>\n<p>Pagrindin\u0117 svetain\u0117s u\u017eduotis yra naudinga lankytojams. Jei \u0161i svetain\u0117 yra \u012fdomu skaitytojams, tuo grei\u010diau sukurs svetain\u0117.<\/p>\n<p>Jei turite koki\u0173 nors pasi\u016blym\u0173, kaip pagerinti svetain\u0119, ra\u0161ykite \u012f adresin\u0117s puslapio form\u0105<\/p>\n","protected":false},"excerpt":{"rendered":"<p>&#8222;Flags-World&#8221; svetain\u0117.com &#8222;sukurta tiems, kurie m\u0117gsta \u012fvairi\u0173 \u0161ali\u0173 v\u0117liavas. Planai yra \u012ftraukti vis\u0173 pasaulio miest\u0173 ir valstybi\u0173 taut\u0173 ir v\u0117liav\u0173 herbas. Pagrindin\u0117 svetain\u0117s u\u017eduotis yra naudinga lankytojams. Jei&#8230;<\/p>\n","protected":false},"author":1,"featured_media":0,"parent":0,"menu_order":0,"comment_status":"closed","ping_status":"closed","template":"","meta":{"footnotes":""},"class_list":["post-2946","page","type-page","status-publish",""],"aioseo_notices":[],"_links":{"self":[{"href":"https:\/\/flags-world.com\/lt\/wp-json\/wp\/v2\/pages\/2946","targetHints":{"allow":["GET"]}}],"collection":[{"href":"https:\/\/flags-world.com\/lt\/wp-json\/wp\/v2\/pages"}],"about":[{"href":"https:\/\/flags-world.com\/lt\/wp-json\/wp\/v2\/types\/page"}],"author":[{"embeddable":true,"href":"https:\/\/flags-world.com\/lt\/wp-json\/wp\/v2\/users\/1"}],"replies":[{"embeddable":true,"href":"https:\/\/flags-world.com\/lt\/wp-json\/wp\/v2\/comments?post=2946"}],"version-history":[{"count":0,"href":"https:\/\/flags-world.com\/lt\/wp-json\/wp\/v2\/pages\/2946\/revisions"}],"wp:attachment":[{"href":"https:\/\/flags-world.com\/lt\/wp-json\/wp\/v2\/media?parent=2946"}],"curies":[{"name":"wp","href":"https:\/\/api.w.org\/{rel}","templated":true}]}}