{"id":1887,"date":"2021-01-16T12:07:33","date_gmt":"2021-01-16T09:07:33","guid":{"rendered":"https:\/\/flags-world.com\/lt\/antarktidos-vliava\/"},"modified":"2021-01-16T12:07:33","modified_gmt":"2021-01-16T09:07:33","slug":"antarktidos-vliava","status":"publish","type":"page","link":"https:\/\/flags-world.com\/lt\/antarktidos-vliava\/","title":{"rendered":"Antarktidos v\u0117liava"},"content":{"rendered":"<p style=\"text-align: justify\">Antarktidos v\u0117liavos pl\u0117tra, d\u0117l asmenin\u0117s iniciatyvos, buvo atliktas Vexiogollogists (\u017emon\u0117s, studijuojantys v\u0117liav\u0173 kilm\u0117s istorij\u0105 &#8211; mokslo poskirsn\u012f). Pl\u0117tra buvo tokia s\u0117kminga, kad jie visi\u0161kai nusprend\u0117 atsisakyti autori\u0173 &#8211; n\u0117ra autori\u0173 ar autori\u0173 teisi\u0173 tur\u0117tojo teisi\u0173 juos vystytis.<\/p>\n<p><span itemprop=\"image\" itemscope itemtype=\"https:\/\/schema.org\/ImageObject\"><img itemprop=\"url image\" loading=\"lazy\" decoding=\"async\" class=\"alignnone size-full wp-image-4816\" src=\"\/wp-content\/uploads\/2021\/01\/antarctica-flag_1.png\" width=\"400\" height=\"266\" alt=\"Antarktidos v\u0117liava-1\" \/><meta itemprop=\"width\" content=\"400\"><meta itemprop=\"height\" content=\"266\"><\/span><\/p>\n<h2 style=\"text-align: justify\">Flag History<\/h2>\n<p style=\"text-align: justify\">Antarktida yra \u017eemynin\u0117, \u012fsik\u016brusi \u012f pietus nuo planetos \u017eem\u0117s. Ties\u0105 sakant, Antarktida n\u0117ra vyriausyb\u0117 ir niekada netur\u0117jo laisvos galios, valiutos, bendravimo kalbos, bet 2002 m., Antarkties susitarimo asociacija, \u017eemynin\u0117 buvo priskirta neoficiali v\u0117liava.<\/p>\n<p style=\"text-align: justify\">V\u0117liavos pagrindas buvo pagr\u012fstas pagrindiniu &#8222;Antarktidos&#8221; neutralumo ir bendrosios priklausomyb\u0117s bruo\u017eu bet kuriai \u0161aliai. \u012estatymu, remiantis JT atsaku, Antarktida negali b\u016bti pripa\u017e\u012fstama kaip kiekvieno valstyb\u0117s teritorijos dalis. V\u0117liava pateikiama onn organizacijos v\u0117liavos pana\u0161umu, &#8211; turi pana\u0161\u0173 simbolik\u0105.<\/p>\n<p style=\"text-align: justify\">Pagrindinis v\u0117liavos simbolika yra neutralumas, atsi\u017evelgiant \u012f valstybi\u0173 \u012f Antarktid\u0105 ir d\u0117l Antarktidos \u012f antr\u0105sias \u0161alis.<\/p>\n<p style=\"text-align: justify\">Pirm\u0105 kart\u0105 per \u017eemyn\u0105 v\u0117liav\u0105 pak\u0117l\u0117 populiaraus leidinio redaktorius &#8222;Ravan&#8221; &#8211; Tedas Kaye 2002 m. Tuo pa\u010diu metu, mokslo pagrindai, esantys \u017eemyne, solidarumo simboliu, taip pat i\u0161k\u0117l\u0117 v\u0117liav\u0105.<\/p>\n<h2 style=\"text-align: justify\">Flag Apra\u0161ymas<\/h2>\n<p style=\"text-align: justify\">V\u0117liava atrodo kaip balta \u017eemyno kont\u016bra nuo lygi\u0173 \u017eenkl\u0173 fone &#8211; m\u0117lyna. Oficialus ir teis\u0117k\u016bros patvirtinta linija, proporcijos ar apra\u0161ymas neegzistuoja d\u0117l savo neoficities.<\/p>\n<h2 style=\"text-align: justify\">K\u0105 rei\u0161kia v\u0117liavos spalvos?<\/h2>\n<ul style=\"text-align: justify\">\n<li>Balta &#8211; nurodykite \u017eemyno kont\u016br\u0105. N\u0117ra teisingos vert\u0117s. Galb\u016bt v\u0117liavos k\u016br\u0117jas nor\u0117jo perteikti \u017eemyno \u0161al\u010dio, sukelti ry\u0161\u012f su baltu sniegu, kuris yra vien\u0105 kart\u0105 per metus Antarktidoje (temperat\u016bra \u017eemyne nevir\u0161ija 0 temperat\u016bros rodikli\u0173).<\/li>\n<li>M\u0117lyna &#8211; neutralumo \u017eenklas, abipusis pagarba ir lygyb\u0117. \u0160i spalva yra susijusi su dangumi, kuris yra vienas visiems, nepriklausomai nuo rasin\u0117s, religin\u0117s, etnin\u0117s, kalbin\u0117s ar 2-osios priklausomyb\u0117s.<\/li>\n<\/ul>\n<h2 style=\"text-align: justify\">Kitos Antarktidos v\u0117liavos versijos<\/h2>\n<p><span itemprop=\"image\" itemscope itemtype=\"https:\/\/schema.org\/ImageObject\"><img itemprop=\"url image\" loading=\"lazy\" decoding=\"async\" class=\"alignnone  wp-image-4818\" src=\"\/wp-content\/uploads\/2021\/01\/antarctica-flag_3.png\" alt=\"Antarktidos v\u0117liava-2\" width=\"300\" height=\"200\" \/><meta itemprop=\"width\" content=\"300\"><meta itemprop=\"height\" content=\"200\"><\/span><\/p>\n<p style=\"text-align: justify\">Antarkties susitarimas v\u0117liava<\/p>\n<p><span itemprop=\"image\" itemscope itemtype=\"https:\/\/schema.org\/ImageObject\"><img itemprop=\"url image\" loading=\"lazy\" decoding=\"async\" class=\"alignnone  wp-image-4819\" src=\"\/wp-content\/uploads\/2021\/01\/antarctica-flag_2.png\" alt=\"Antarktidos v\u0117liava-3\" width=\"300\" height=\"200\" \/><meta itemprop=\"width\" content=\"300\"><meta itemprop=\"height\" content=\"200\"><\/span><\/p>\n<p style=\"text-align: justify\">Antarktidos v\u0117liava &#8211; Whitney Smith br\u0117\u017einys<\/p>\n<h2 style=\"text-align: justify\">Ne specializuota informacija apie Antarktid\u0105<\/h2>\n<table>\n<tbody>\n<tr style=\"text-align: justify\">\n<td>Oficiali kalba<\/td>\n<td>Ne<\/td>\n<\/tr>\n<tr style=\"text-align: justify\">\n<td>Sostin\u0117<\/td>\n<td>Neoficialus sostin\u0117 yra McMurdo stotis<\/td>\n<\/tr>\n<tr style=\"text-align: justify\">\n<td>Teritorija. \\ T<\/td>\n<td>14,107,000 km2<\/td>\n<\/tr>\n<tr style=\"text-align: justify\">\n<td>Gyventoj\u0173 skai\u010dius<\/td>\n<td>1000-4000 \u017emoni\u0173 (poliarini\u0173 sto\u010di\u0173 darbuotojai)<\/td>\n<\/tr>\n<tr style=\"text-align: justify\">\n<td>Valiuta<\/td>\n<td>Ne<\/td>\n<\/tr>\n<tr>\n<td style=\"text-align: justify\">Telefono kodas<\/td>\n<td style=\"text-align: justify\">+672<\/td>\n<\/tr>\n<\/tbody>\n<\/table>\n","protected":false},"excerpt":{"rendered":"<p>Antarktidos v\u0117liavos pl\u0117tra, d\u0117l asmenin\u0117s iniciatyvos, buvo atliktas Vexiogollogists (\u017emon\u0117s, studijuojantys v\u0117liav\u0173 kilm\u0117s istorij\u0105 &#8211; mokslo poskirsn\u012f). Pl\u0117tra buvo tokia s\u0117kminga, kad jie visi\u0161kai nusprend\u0117 atsisakyti autori\u0173 &#8211;&#8230;<\/p>\n","protected":false},"author":1,"featured_media":5341,"parent":0,"menu_order":0,"comment_status":"closed","ping_status":"closed","template":"","meta":{"footnotes":""},"class_list":["post-1887","page","type-page","status-publish","has-post-thumbnail",""],"aioseo_notices":[],"_links":{"self":[{"href":"https:\/\/flags-world.com\/lt\/wp-json\/wp\/v2\/pages\/1887","targetHints":{"allow":["GET"]}}],"collection":[{"href":"https:\/\/flags-world.com\/lt\/wp-json\/wp\/v2\/pages"}],"about":[{"href":"https:\/\/flags-world.com\/lt\/wp-json\/wp\/v2\/types\/page"}],"author":[{"embeddable":true,"href":"https:\/\/flags-world.com\/lt\/wp-json\/wp\/v2\/users\/1"}],"replies":[{"embeddable":true,"href":"https:\/\/flags-world.com\/lt\/wp-json\/wp\/v2\/comments?post=1887"}],"version-history":[{"count":0,"href":"https:\/\/flags-world.com\/lt\/wp-json\/wp\/v2\/pages\/1887\/revisions"}],"wp:featuredmedia":[{"embeddable":true,"href":"https:\/\/flags-world.com\/lt\/wp-json\/wp\/v2\/media\/5341"}],"wp:attachment":[{"href":"https:\/\/flags-world.com\/lt\/wp-json\/wp\/v2\/media?parent=1887"}],"curies":[{"name":"wp","href":"https:\/\/api.w.org\/{rel}","templated":true}]}}