{"id":5999,"date":"2021-10-24T09:32:04","date_gmt":"2021-10-24T06:32:04","guid":{"rendered":"https:\/\/flags-world.com\/hu\/?page_id=5999"},"modified":"2021-10-24T09:32:04","modified_gmt":"2021-10-24T06:32:04","slug":"privacy-policy","status":"publish","type":"page","link":"https:\/\/flags-world.com\/hu\/privacy-policy\/","title":{"rendered":"Adatv\u00e9delmi ir\u00e1nyelvek"},"content":{"rendered":"<p style=\"text-align: justify;\">A flags-world.com\/ weboldal adminisztr\u00e1ci\u00f3ja k\u00f6teles meg\u0151rizni az \u00d6n szem\u00e9lyes adatait az interneten. Nagy figyelmet ford\u00edtunk az \u00d6n \u00e1ltal nek\u00fcnk megadott adatok biztons\u00e1g\u00e1ra. Adatv\u00e9delmi szab\u00e1lyzatunk az Eur\u00f3pai Uni\u00f3 \u00e1ltal\u00e1nos adatv\u00e9delmi rendelet\u00e9n (GDPR) alapul. Az \u00d6n szem\u00e9lyes adatainak gy\u0171jt\u00e9s\u00e9nek c\u00e9lja szolg\u00e1ltat\u00e1sunk fejleszt\u00e9se, az oldal l\u00e1togat\u00f3ival val\u00f3 kommunik\u00e1ci\u00f3, a felhaszn\u00e1l\u00f3i adatok online \u00e9rt\u00e9kes\u00edt\u00e9s c\u00e9lj\u00e1b\u00f3l t\u00f6rt\u00e9n\u0151 feldolgoz\u00e1sa, no \u00e9s az al\u00e1bb felsorolt \u200b\u200begy\u00e9b tev\u00e9kenys\u00e9gek.<\/p>\n<h2 style=\"text-align: justify;\">Szem\u00e9lyes adatok t\u00e1rol\u00e1sa \u00e9s feldolgoz\u00e1sa<\/h2>\n<p style=\"text-align: justify;\">Szem\u00e9lyes adatait csak az \u00d6n beleegyez\u00e9s\u00e9vel gy\u0171jtj\u00fck \u00e9s dolgozzuk fel. Az \u00d6n enged\u00e9ly\u00e9vel a k\u00f6vetkez\u0151 adatokat gy\u0171jthetj\u00fck \u00e9s dolgozhatjuk fel: k\u00f6z\u00f6ss\u00e9gim\u00e9dia-fi\u00f3k adatai, sz. Szem\u00e9lyes adatainak gy\u0171jt\u00e9se \u00e9s feldolgoz\u00e1sa az Eur\u00f3pai Uni\u00f3 \u00e9s Ukrajna t\u00f6rv\u00e9nyeinek megfelel\u0151en t\u00f6rt\u00e9nik.<\/p>\n<h2 style=\"text-align: justify;\">Adatt\u00e1rol\u00e1s, m\u00f3dos\u00edt\u00e1s \u00e9s elt\u00e1vol\u00edt\u00e1s<\/h2>\n<p style=\"text-align: justify;\">A felhaszn\u00e1l\u00f3, aki a flags-world.com\/ oldalon megadta szem\u00e9lyes adatait, jogosult azok megv\u00e1ltoztat\u00e1s\u00e1ra \u00e9s elt\u00e1vol\u00edt\u00e1s\u00e1ra, valamint joga van az adatkezel\u00e9shez k\u00f6t\u00f6tt meg\u00e1llapod\u00e1s visszah\u00edv\u00e1s\u00e1ra. Az az id\u0151, amely alatt szem\u00e9lyes adatait t\u00e1roljuk, az az id\u0151, amely alatt a szem\u00e9lyes adatok felhaszn\u00e1l\u00e1sra ker\u00fclnek, \u00e9s amelyek sz\u00fcks\u00e9gesek a webhely f\u0151 tev\u00e9kenys\u00e9g\u00e9hez. Miut\u00e1n befejezte a szem\u00e9lyes adatok feldolgoz\u00e1s\u00e1t, a weboldal adminisztr\u00e1ci\u00f3ja v\u00e9glegesen t\u00f6rli azokat. Szem\u00e9lyes adatainak el\u00e9r\u00e9s\u00e9hez l\u00e9pjen kapcsolatba az adminisztr\u00e1ci\u00f3val: flags.world1990@gmail.com. Adatait harmadik f\u00e9lnek csak az \u00d6n beleegyez\u00e9s\u00e9vel tudjuk tov\u00e1bb\u00edtani. Ha az adatokat harmadik f\u00e9lnek adtuk \u00e1t, amely nem kapcsol\u00f3dik szervezet\u00fcnkh\u00f6z, akkor ezen adatokon semmilyen m\u00f3dos\u00edt\u00e1st nem hajthatunk v\u00e9gre.<\/p>\n<h2 style=\"text-align: justify;\">L\u00e1togat\u00f3 technikai adatok feldolgoz\u00e1sa<\/h2>\n<p style=\"text-align: justify;\">Az \u00d6n IP-c\u00edm\u00e9r\u0151l, l\u00e1togat\u00e1si idej\u00e9r\u0151l, b\u00f6ng\u00e9sz\u0151be\u00e1ll\u00edt\u00e1sair\u00f3l, oper\u00e1ci\u00f3s rendszer\u00e9r\u0151l \u00e9s egy\u00e9b technikai inform\u00e1ci\u00f3ir\u00f3l sz\u00f3l\u00f3 rekordok ment\u00e9sre ker\u00fclnek az adatb\u00e1zisban, amikor megl\u00e1togatja a flags-world.com\/ oldalt. Ezek az adatok sz\u00fcks\u00e9gesek a webhely tartalm\u00e1nak megfelel\u0151 megjelen\u00edt\u00e9s\u00e9hez. Lehetetlen azonos\u00edtani a l\u00e1togat\u00f3 szem\u00e9ly\u00e9t ezen adatok felhaszn\u00e1l\u00e1s\u00e1val.<\/p>\n<h2 style=\"text-align: justify;\">Gyermekek szem\u00e9lyes adatai<\/h2>\n<p style=\"text-align: justify;\">Ha \u00d6n kiskor\u00fa gyermek sz\u00fcl\u0151je vagy t\u00f6rv\u00e9nyes gy\u00e1mja, \u00e9s tudja, hogy a gyermek az \u00d6n hozz\u00e1j\u00e1rul\u00e1sa n\u00e9lk\u00fcl megadta nek\u00fcnk szem\u00e9lyes adatait, k\u00e9rj\u00fck, vegye fel vel\u00fcnk a kapcsolatot a k\u00f6vetkez\u0151 c\u00edmen: flags.world1990@gmail.com. Tilos a kiskor\u00fa felhaszn\u00e1l\u00f3k szem\u00e9lyes adatainak bevitele a sz\u00fcl\u0151k vagy t\u00f6rv\u00e9nyes gy\u00e1mok beleegyez\u00e9se n\u00e9lk\u00fcl.<\/p>\n<h2 style=\"text-align: justify;\">S\u00fctik feldolgoz\u00e1sa<\/h2>\n<p style=\"text-align: justify;\">A weboldal tartalm\u00e1nak helyes megjelen\u00edt\u00e9s\u00e9hez \u00e9s a flags-world.com\/ b\u00f6ng\u00e9sz\u00e9s megk\u00f6nny\u00edt\u00e9s\u00e9hez cookie-f\u00e1jlokat haszn\u00e1lunk. Ezek kis f\u00e1jlok, amelyeket az eszk\u00f6z\u00f6n t\u00e1rolnak. Seg\u00edtenek a webhelyen megjegyezni az \u00d6nr\u0151l sz\u00f3l\u00f3 inform\u00e1ci\u00f3kat, p\u00e9ld\u00e1ul, hogy milyen nyelven haszn\u00e1lja a webhelyet, \u00e9s mely oldalakat nyitotta meg. Ez az inform\u00e1ci\u00f3 hasznos lesz a k\u00f6vetkez\u0151 l\u00e1togat\u00e1s sor\u00e1n. A cookie -f\u00e1jloknak k\u00f6sz\u00f6nhet\u0151en a weboldal b\u00f6ng\u00e9sz\u00e9se sokkal k\u00e9nyelmesebb\u00e9 v\u00e1lt. Itt tudhat meg t\u00f6bbet ezekr\u0151l a f\u00e1jlokr\u00f3l. A cookie -k fogad\u00e1s\u00e1t \u00e9s blokkol\u00e1s\u00e1t saj\u00e1t maga is be\u00e1ll\u00edthatja. A cookie -f\u00e1jlok fogad\u00e1s\u00e1nak k\u00e9ptelens\u00e9ge korl\u00e1tozhatja a webhely funkcionalit\u00e1s\u00e1t.<\/p>\n<h2 style=\"text-align: justify;\">Szem\u00e9lyes adatok m\u00e1s szolg\u00e1ltat\u00e1sok \u00e1ltali feldolgoz\u00e1sa<\/h2>\n<p style=\"text-align: justify;\">Ez a webhely harmadik f\u00e9lt\u0151l sz\u00e1rmaz\u00f3 online szolg\u00e1ltat\u00e1sokat haszn\u00e1l, amelyek t\u0151l\u00fcnk f\u00fcggetlen\u00fcl v\u00e9geznek adatgy\u0171jt\u00e9st. Ilyen szolg\u00e1ltat\u00e1sok a Google Analytics, a Google AdSense.<\/p>\n<p style=\"text-align: justify;\">Az e szolg\u00e1ltat\u00e1sok \u00e1ltal gy\u0171jt\u00f6tt adatok m\u00e1s szervezeteknek is szolg\u00e1ltathat\u00f3k. Az adatokat saj\u00e1t hirdet\u00e9si h\u00e1l\u00f3zatuk hirdet\u00e9si szem\u00e9lyre szab\u00e1s\u00e1ra haszn\u00e1lhatj\u00e1k fel. E szervezetek felhaszn\u00e1l\u00f3i szerz\u0151d\u00e9seir\u0151l a webhely\u00fck\u00f6n t\u00e1j\u00e9koz\u00f3dhat. \u00d6n megtagadhatja szem\u00e9lyes adataik gy\u0171jt\u00e9s\u00e9t is. Itt tal\u00e1lhat\u00f3 p\u00e9ld\u00e1ul a Google Analytics leiratkoz\u00e1si b\u00f6ng\u00e9sz\u0151b\u0151v\u00edtm\u00e9ny. Semmilyen szem\u00e9lyes adatot nem adunk \u00e1t m\u00e1s szervezeteknek vagy szolg\u00e1ltat\u00e1soknak, amelyek nem szerepelnek ebben az adatv\u00e9delmi nyilatkozatban. Kiv\u00e9telt\u0151l eltekintve az \u00f6sszegy\u0171jt\u00f6tt adatokat az ilyen inform\u00e1ci\u00f3k k\u00e9r\u00e9s\u00e9re jogosult \u00e1llami hat\u00f3s\u00e1gok t\u00f6rv\u00e9nyes k\u00e9r\u00e9s\u00e9re lehet megadni.<\/p>\n<h2 style=\"text-align: justify;\">M\u00e1s weboldalakra mutat\u00f3 hivatkoz\u00e1sok<\/h2>\n<p style=\"text-align: justify;\">A flags-world.com\/ weboldalunk m\u00e1s webhelyekre mutat\u00f3 linkeket tartalmazhat, amelyek nem az ir\u00e1ny\u00edt\u00e1sunk alatt \u00e1llnak. Nem v\u00e1llalunk felel\u0151ss\u00e9get ezen webhelyek tartalm\u00e1\u00e9rt. Javasoljuk, hogy ismerkedjen meg minden felkeresett webhely adatv\u00e9delmi szab\u00e1lyzat\u00e1val, ha l\u00e9tezik ilyen szab\u00e1lyzat.<\/p>\n<h2 style=\"text-align: justify;\">V\u00e1ltoz\u00e1sok az adatv\u00e9delmi szab\u00e1lyzatban<\/h2>\n<p style=\"text-align: justify;\">Weboldalunk, a flags-worl.com\/ id\u0151r\u0151l id\u0151re friss\u00edtheti adatv\u00e9delmi szab\u00e1lyzatunkat. T\u00e1j\u00e9koztatjuk az ezen a weboldalon elhelyezett adatv\u00e9delmi szab\u00e1lyzat v\u00e1ltoz\u00e1sair\u00f3l. Figyelemmel k\u00eds\u00e9rj\u00fck a szem\u00e9lyes adatokkal kapcsolatos jogszab\u00e1lyi v\u00e1ltoz\u00e1sokat az Eur\u00f3pai Uni\u00f3ban \u00e9s Ukrajn\u00e1ban. Ha b\u00e1rmilyen szem\u00e9lyes adat\u00e1t megadta weboldalunkon, t\u00e1j\u00e9koztatjuk \u00d6nt az adatv\u00e9delmi ir\u00e1nyelveinkben bek\u00f6vetkezett v\u00e1ltoz\u00e1sokr\u00f3l. Ha szem\u00e9lyes adatait, pontosabban kapcsolatfelv\u00e9teli adatait hib\u00e1san adt\u00e1k meg, nem tudjuk \u00d6nnel felvenni a kapcsolatot.<\/p>\n<h2 style=\"text-align: justify;\">Visszajelz\u00e9s \u00e9s z\u00e1r\u00f3 z\u00e1rad\u00e9kok<\/h2>\n<p style=\"text-align: justify;\">Az adatv\u00e9delmi szab\u00e1lyzattal kapcsolatos k\u00e9rd\u00e9sekben a flags-world.com\/ adminisztr\u00e1ci\u00f3j\u00e1hoz fordulhat a k\u00f6vetkez\u0151 c\u00edmen: flags.world1990@gmail.com, vagy a weboldal megfelel\u0151 r\u00e9sz\u00e9ben megadott kapcsolatfelv\u00e9teli \u0171rlap kit\u00f6lt\u00e9s\u00e9vel. Ha nem \u00e9rt egyet a thadatv\u00e9delmi szab\u00e1lyzat, nem haszn\u00e1lhatja a flags-world.com\/ szolg\u00e1ltat\u00e1sait. Ebben az esetben ker\u00fclje weboldalunk l\u00e1togat\u00e1s\u00e1t.<\/p>\n","protected":false},"excerpt":{"rendered":"<p>A flags-world.com\/ weboldal adminisztr\u00e1ci\u00f3ja k\u00f6teles meg\u0151rizni az \u00d6n szem\u00e9lyes adatait az interneten. Nagy figyelmet ford\u00edtunk az \u00d6n \u00e1ltal nek\u00fcnk megadott adatok biztons\u00e1g\u00e1ra. Adatv\u00e9delmi szab\u00e1lyzatunk az Eur\u00f3pai Uni\u00f3 \u00e1ltal\u00e1nos&#8230;<\/p>\n","protected":false},"author":1,"featured_media":0,"parent":0,"menu_order":0,"comment_status":"closed","ping_status":"closed","template":"","meta":{"footnotes":""},"class_list":["post-5999","page","type-page","status-publish",""],"aioseo_notices":[],"_links":{"self":[{"href":"https:\/\/flags-world.com\/hu\/wp-json\/wp\/v2\/pages\/5999","targetHints":{"allow":["GET"]}}],"collection":[{"href":"https:\/\/flags-world.com\/hu\/wp-json\/wp\/v2\/pages"}],"about":[{"href":"https:\/\/flags-world.com\/hu\/wp-json\/wp\/v2\/types\/page"}],"author":[{"embeddable":true,"href":"https:\/\/flags-world.com\/hu\/wp-json\/wp\/v2\/users\/1"}],"replies":[{"embeddable":true,"href":"https:\/\/flags-world.com\/hu\/wp-json\/wp\/v2\/comments?post=5999"}],"version-history":[{"count":1,"href":"https:\/\/flags-world.com\/hu\/wp-json\/wp\/v2\/pages\/5999\/revisions"}],"predecessor-version":[{"id":6000,"href":"https:\/\/flags-world.com\/hu\/wp-json\/wp\/v2\/pages\/5999\/revisions\/6000"}],"wp:attachment":[{"href":"https:\/\/flags-world.com\/hu\/wp-json\/wp\/v2\/media?parent=5999"}],"curies":[{"name":"wp","href":"https:\/\/api.w.org\/{rel}","templated":true}]}}