{"id":5995,"date":"2021-10-24T09:28:27","date_gmt":"2021-10-24T06:28:27","guid":{"rendered":"https:\/\/flags-world.com\/hu\/?page_id=5995"},"modified":"2021-10-24T09:28:27","modified_gmt":"2021-10-24T06:28:27","slug":"about-the-site","status":"publish","type":"page","link":"https:\/\/flags-world.com\/hu\/about-the-site\/","title":{"rendered":"Az oldalr\u00f3l"},"content":{"rendered":"<p style=\"text-align: justify;\">A &#8222;flags-world.com&#8221; oldal azoknak k\u00e9sz\u00fclt, akik szeretik a k\u00fcl\u00f6nb\u00f6z\u0151 orsz\u00e1gok z\u00e1szl\u00f3it. A tervek szerint a vil\u00e1g \u00f6sszes n\u00e9p\u00e9nek c\u00edmer\u00e9t, valamint a vil\u00e1g \u00f6sszes v\u00e1ros\u00e1nak \u00e9s \u00e1llam\u00e1nak z\u00e1szlaj\u00e1t adj\u00e1k hozz\u00e1.<\/p>\n<p style=\"text-align: justify;\">Az oldal f\u0151 feladata, hogy hasznos legyen az oldal l\u00e1togat\u00f3i sz\u00e1m\u00e1ra. Ha ez az oldal \u00e9rdekes az olvas\u00f3k sz\u00e1m\u00e1ra, ann\u00e1l gyorsabban fog fejl\u0151dni.<\/p>\n<p style=\"text-align: justify;\">Ha b\u00e1rmilyen javaslata van a webhely fejleszt\u00e9s\u00e9re, \u00edrjon a Kapcsolatok oldalon tal\u00e1lhat\u00f3 \u0171rlapra<\/p>\n","protected":false},"excerpt":{"rendered":"<p>A &#8222;flags-world.com&#8221; oldal azoknak k\u00e9sz\u00fclt, akik szeretik a k\u00fcl\u00f6nb\u00f6z\u0151 orsz\u00e1gok z\u00e1szl\u00f3it. A tervek szerint a vil\u00e1g \u00f6sszes n\u00e9p\u00e9nek c\u00edmer\u00e9t, valamint a vil\u00e1g \u00f6sszes v\u00e1ros\u00e1nak \u00e9s \u00e1llam\u00e1nak z\u00e1szlaj\u00e1t adj\u00e1k&#8230;<\/p>\n","protected":false},"author":1,"featured_media":0,"parent":0,"menu_order":0,"comment_status":"closed","ping_status":"closed","template":"","meta":{"footnotes":""},"class_list":["post-5995","page","type-page","status-publish",""],"aioseo_notices":[],"_links":{"self":[{"href":"https:\/\/flags-world.com\/hu\/wp-json\/wp\/v2\/pages\/5995","targetHints":{"allow":["GET"]}}],"collection":[{"href":"https:\/\/flags-world.com\/hu\/wp-json\/wp\/v2\/pages"}],"about":[{"href":"https:\/\/flags-world.com\/hu\/wp-json\/wp\/v2\/types\/page"}],"author":[{"embeddable":true,"href":"https:\/\/flags-world.com\/hu\/wp-json\/wp\/v2\/users\/1"}],"replies":[{"embeddable":true,"href":"https:\/\/flags-world.com\/hu\/wp-json\/wp\/v2\/comments?post=5995"}],"version-history":[{"count":1,"href":"https:\/\/flags-world.com\/hu\/wp-json\/wp\/v2\/pages\/5995\/revisions"}],"predecessor-version":[{"id":5996,"href":"https:\/\/flags-world.com\/hu\/wp-json\/wp\/v2\/pages\/5995\/revisions\/5996"}],"wp:attachment":[{"href":"https:\/\/flags-world.com\/hu\/wp-json\/wp\/v2\/media?parent=5995"}],"curies":[{"name":"wp","href":"https:\/\/api.w.org\/{rel}","templated":true}]}}