{"id":2981,"date":"2021-02-05T16:46:43","date_gmt":"2021-02-05T13:46:43","guid":{"rendered":"https:\/\/flags-world.com\/fr\/politique-de-confidentialite\/"},"modified":"2021-02-05T16:46:43","modified_gmt":"2021-02-05T13:46:43","slug":"politique-de-confidentialite","status":"publish","type":"page","link":"https:\/\/flags-world.com\/fr\/politique-de-confidentialite\/","title":{"rendered":"Politique de confidentialit\u00e9"},"content":{"rendered":"<p>Flags-Worlds.L&rsquo;administration COM \/ site Web est oblig\u00e9e de maintenir votre vie priv\u00e9e sur Internet. Nous accordons une grande attention \u00e0 la s\u00e9curisation des donn\u00e9es que vous avez fournies. Notre politique de confidentialit\u00e9 repose sur le r\u00e8glement g\u00e9n\u00e9ral de la protection des donn\u00e9es (GDPR) de l&rsquo;Union europ\u00e9enne.\u00a0Les objectifs, pour lesquels nous recueillons vos donn\u00e9es personnelles sont des am\u00e9liorations de notre service, la communication avec les visiteurs de ce site, le traitement des donn\u00e9es de l&rsquo;utilisateur \u00e0 des fins de vente en ligne, non et d&rsquo;autres actions \u00e9num\u00e9r\u00e9es ci-dessous.<\/p>\n<p><h2>Stockage et traitement des donn\u00e9es personnelles<\/h2>\n<\/p>\n<p>Nous ne collectons et traitons vos donn\u00e9es personnelles qu&rsquo;avec votre consentement volontaire. Avec votre permission, nous pouvons collecter et traiter les donn\u00e9es suivantes: informations de compte de m\u00e9dia social, non. La collecte et le traitement de vos informations personnelles sont effectu\u00e9es conform\u00e9ment aux lois de l&rsquo;Union europ\u00e9enne et de l&rsquo;Ukraine.<\/p>\n<p><h2>Stockage de donn\u00e9es, alt\u00e9ration et suppression<\/h2>\n<\/p>\n<p>L&rsquo;utilisateur, qui a fourni des drapeaux-monde.com \/ avec leurs donn\u00e9es personnelles a le droit de modifier et de supprimer, ainsi que du droit de rappeler l&rsquo;accord au traitement des donn\u00e9es. L&rsquo;heure, au cours de laquelle vos donn\u00e9es personnelles seront stock\u00e9es, c&rsquo;est le moment o\u00f9 les donn\u00e9es personnelles sont utilis\u00e9es n\u00e9cessaires \u00e0 l&rsquo;activit\u00e9 principale du site Web. Apr\u00e8s avoir termin\u00e9 avec le traitement de vos donn\u00e9es personnelles, l&rsquo;administration du site Web le supprimera d\u00e9finitivement. Pour acc\u00e9der \u00e0 vos donn\u00e9es personnelles, vous pouvez contacter l&rsquo;administration \u00e0: Drapeaux.World1990 @ gmail.com. Nous serons en mesure de transmettre vos donn\u00e9es \u00e0 un tiers uniquement avec votre consentement voulu. Si les donn\u00e9es ont \u00e9t\u00e9 transf\u00e9r\u00e9es \u00e0 une tierce partie, qui n&rsquo;est pas associ\u00e9e \u00e0 notre organisation, nous ne pouvons ex\u00e9cuter aucune modification de ces donn\u00e9es.<\/p>\n<p><h2>Traitement de donn\u00e9es techniques en visite<\/h2>\n<\/p>\n<p>Les enregistrements de votre adresse IP, de votre heure de visite, des param\u00e8tres de navigateur, du syst\u00e8me d&rsquo;exploitation et d&rsquo;autres informations techniques sont enregistr\u00e9s dans la base de donn\u00e9es lorsque vous visitez les drapeaux-world.com \/. Ces donn\u00e9es sont n\u00e9cessaires \u00e0 l&rsquo;affichage correct du contenu du site Web. Il est impossible d&rsquo;identifier la personne du visiteur en utilisant ces donn\u00e9es.<\/p>\n<p><h2>Informations personnelles des enfants<\/h2>\n<\/p>\n<p>Si vous \u00eates un parent ou un tuteur l\u00e9gal d&rsquo;un enfant mineur, vous savez que l&rsquo;enfant nous a fourni des informations personnelles sans votre consentement, veuillez nous contacter sur: Drapeaux.World1990 @ gmail.com. Il est interdit de saisir les donn\u00e9es personnelles des utilisateurs mineurs sans l&rsquo;accord des parents ou des gardiens l\u00e9gaux.<\/p>\n<p><h2>Traitement des cookies<\/h2>\n<\/p>\n<p>Nous utilisons des fichiers de cookies pour l&rsquo;affichage correct du contenu du site Web et pour la commodit\u00e9 de naviguer sur les drapeaux-world.com \/. Ce sont de petits fichiers, qui sont stock\u00e9s sur votre appareil. Ils aident le site Web \u00e0 m\u00e9moriser des informations vous concernant, telles que la langue dans laquelle vous utilisez le site Web et les pages que vous avez d\u00e9j\u00e0 ouvertes. Ces informations seront utiles lors de la prochaine visite. Gr\u00e2ce aux fichiers cookies, la navigation sur le site est devenue beaucoup plus pratique. Vous pouvez en savoir plus sur ces fichiers ici. Vous pouvez configurer vous-m\u00eame la r\u00e9ception et le blocage des cookies dans votre navigateur. L&rsquo;incapacit\u00e9 de recevoir des fichiers de cookies peut limiter la fonctionnalit\u00e9 du site Web.<\/p>\n<p><h2>Traitement des donn\u00e9es personnelles par d&rsquo;autres services<\/h2>\n<\/p>\n<p>Ce site Web utilise des services en ligne tiers, qui effectuent la collecte de donn\u00e9es, ind\u00e9pendamment de nous. Ces services incluent Google Analytics, Google AdSense.<\/p>\n<p>Les donn\u00e9es collect\u00e9es par ces services peuvent \u00eatre fournies \u00e0 d&rsquo;autres services au sein de ces organisations. Ils peuvent utiliser les donn\u00e9es pour la personnalisation publicitaire de leur propre r\u00e9seau publicitaire. Vous pouvez en apprendre davantage sur les accords d&rsquo;utilisateurs de ces organisations sur leurs sites Web. Vous pouvez \u00e9galement refuser sa collection de vos donn\u00e9es personnelles. Par exemple, le compl\u00e9ment de navigateur de d\u00e9sinscription Google Analytics peut \u00eatre trouv\u00e9 ici. Nous ne transmettons aucune donn\u00e9e personnelle \u00e0 d&rsquo;autres organisations ou services, qui ne figurent pas dans la pr\u00e9sente politique de confidentialit\u00e9. Dans une exception, les donn\u00e9es collect\u00e9es peuvent \u00eatre fournies \u00e0 une demande l\u00e9gale des autorit\u00e9s de l&rsquo;\u00c9tat, qui sont autoris\u00e9es \u00e0 demander ces informations.<\/p>\n<p><h2>Liens vers d&rsquo;autres sites Web<\/h2>\n<\/p>\n<p>Notre site Web Drapeaux-World.com \/ peut contenir des liens vers d&rsquo;autres sites Web, qui ne sont pas sous notre contr\u00f4le. Nous ne sommes pas responsables du contenu de ces sites Web. Nous vous recommandons de vous familiariser avec la politique de confidentialit\u00e9 de chaque site Web que vous visitez si une telle politique existe.<\/p>\n<p><h2>Modifications de la politique de confidentialit\u00e9<\/h2>\n<\/p>\n<p>De temps en temps, notre site web, Flags-World.com \/, peut mettre \u00e0 jour notre politique de confidentialit\u00e9. Nous informons des modifications apport\u00e9es \u00e0 la politique de confidentialit\u00e9, plac\u00e9e sur cette page Web. Nous surveillons toute modification de la l\u00e9gislation, qui est li\u00e9e aux donn\u00e9es \u00e0 caract\u00e8re personnel de l&rsquo;Union europ\u00e9enne et de l&rsquo;Ukraine. Si vous avez entr\u00e9 l&rsquo;une de vos donn\u00e9es personnelles sur notre site Web, nous vous informerons des modifications de notre politique de confidentialit\u00e9. Si vos donn\u00e9es personnelles, et plus sp\u00e9cifiquement, vos informations de contact ont \u00e9t\u00e9 entr\u00e9es de mani\u00e8re incorrecte, nous ne pourrons pas vous contacter.<\/p>\n<p><h2>Commentaires et clauses finales<\/h2>\n<\/p>\n<p>Vous pouvez contacter l&rsquo;administration des drapeaux-world.Com \/ Concernant toute question relative \u00e0 la politique de confidentialit\u00e9 sur: Drapeaux.World1990 @ gmail.com, ou en remplissant un formulaire de contact sp\u00e9cifi\u00e9 dans une section correspondante de ce site Web. Si vous n&rsquo;\u00eates pas d&rsquo;accord avec cette politique de confidentialit\u00e9, vous ne pouvez pas utiliser les services des drapeaux-World.com \/. Dans ce cas, vous devriez \u00e9viter de visiter notre site web.<\/p>\n","protected":false},"excerpt":{"rendered":"<p>Flags-Worlds.L&rsquo;administration COM \/ site Web est oblig\u00e9e de maintenir votre vie priv\u00e9e sur Internet. Nous accordons une grande attention \u00e0 la s\u00e9curisation des donn\u00e9es que vous avez fournies&#8230;.<\/p>\n","protected":false},"author":1,"featured_media":0,"parent":0,"menu_order":0,"comment_status":"closed","ping_status":"closed","template":"","meta":{"footnotes":""},"class_list":["post-2981","page","type-page","status-publish",""],"aioseo_notices":[],"_links":{"self":[{"href":"https:\/\/flags-world.com\/fr\/wp-json\/wp\/v2\/pages\/2981","targetHints":{"allow":["GET"]}}],"collection":[{"href":"https:\/\/flags-world.com\/fr\/wp-json\/wp\/v2\/pages"}],"about":[{"href":"https:\/\/flags-world.com\/fr\/wp-json\/wp\/v2\/types\/page"}],"author":[{"embeddable":true,"href":"https:\/\/flags-world.com\/fr\/wp-json\/wp\/v2\/users\/1"}],"replies":[{"embeddable":true,"href":"https:\/\/flags-world.com\/fr\/wp-json\/wp\/v2\/comments?post=2981"}],"version-history":[{"count":0,"href":"https:\/\/flags-world.com\/fr\/wp-json\/wp\/v2\/pages\/2981\/revisions"}],"wp:attachment":[{"href":"https:\/\/flags-world.com\/fr\/wp-json\/wp\/v2\/media?parent=2981"}],"curies":[{"name":"wp","href":"https:\/\/api.w.org\/{rel}","templated":true}]}}