{"id":2946,"date":"2021-01-26T12:32:17","date_gmt":"2021-01-26T09:32:17","guid":{"rendered":"https:\/\/flags-world.com\/fr\/sur-le-site\/"},"modified":"2021-01-26T12:32:17","modified_gmt":"2021-01-26T09:32:17","slug":"sur-le-site","status":"publish","type":"page","link":"https:\/\/flags-world.com\/fr\/sur-le-site\/","title":{"rendered":"Sur le site"},"content":{"rendered":"<p>Le site \u00ab\u00a0Drapeaux-World.com \u00ab\u00a0cr\u00e9\u00e9 pour ceux qui fussent les drapeaux de diff\u00e9rents pays. Les plans doivent ajouter les armoiries de tous les peuples et drapeaux de toutes les villes et \u00e9tats du monde.<\/p>\n<p>La t\u00e2che principale du site est d&rsquo;\u00eatre utile aux visiteurs du site. Si ce site est int\u00e9ressant pour les lecteurs, le site plus rapide se d\u00e9veloppera.<\/p>\n<p>Si vous avez des suggestions d&rsquo;am\u00e9lioration du site, \u00e9crivez-en au formulaire sur la page Contacts<\/p>\n","protected":false},"excerpt":{"rendered":"<p>Le site \u00ab\u00a0Drapeaux-World.com \u00ab\u00a0cr\u00e9\u00e9 pour ceux qui fussent les drapeaux de diff\u00e9rents pays. Les plans doivent ajouter les armoiries de tous les peuples et drapeaux de toutes les&#8230;<\/p>\n","protected":false},"author":1,"featured_media":0,"parent":0,"menu_order":0,"comment_status":"closed","ping_status":"closed","template":"","meta":{"footnotes":""},"class_list":["post-2946","page","type-page","status-publish",""],"aioseo_notices":[],"_links":{"self":[{"href":"https:\/\/flags-world.com\/fr\/wp-json\/wp\/v2\/pages\/2946","targetHints":{"allow":["GET"]}}],"collection":[{"href":"https:\/\/flags-world.com\/fr\/wp-json\/wp\/v2\/pages"}],"about":[{"href":"https:\/\/flags-world.com\/fr\/wp-json\/wp\/v2\/types\/page"}],"author":[{"embeddable":true,"href":"https:\/\/flags-world.com\/fr\/wp-json\/wp\/v2\/users\/1"}],"replies":[{"embeddable":true,"href":"https:\/\/flags-world.com\/fr\/wp-json\/wp\/v2\/comments?post=2946"}],"version-history":[{"count":0,"href":"https:\/\/flags-world.com\/fr\/wp-json\/wp\/v2\/pages\/2946\/revisions"}],"wp:attachment":[{"href":"https:\/\/flags-world.com\/fr\/wp-json\/wp\/v2\/media?parent=2946"}],"curies":[{"name":"wp","href":"https:\/\/api.w.org\/{rel}","templated":true}]}}