{"id":1887,"date":"2021-01-16T12:07:33","date_gmt":"2021-01-16T09:07:33","guid":{"rendered":"https:\/\/flags-world.com\/fr\/drapeau-de-l-antarctique\/"},"modified":"2021-01-16T12:07:33","modified_gmt":"2021-01-16T09:07:33","slug":"drapeau-de-l-antarctique","status":"publish","type":"page","link":"https:\/\/flags-world.com\/fr\/drapeau-de-l-antarctique\/","title":{"rendered":"Drapeau de l&rsquo;Antarctique"},"content":{"rendered":"<p style=\"text-align: justify\">Le d\u00e9veloppement du drapeau de l&rsquo;Antarctique, sur une initiative personnelle, a \u00e9t\u00e9 r\u00e9alis\u00e9 par des vexiollogistes (personnes qui \u00e9tudient l&rsquo;histoire de l&rsquo;origine des drapeaux &#8211; une sous-section de la science). Le d\u00e9veloppement a eu beaucoup de succ\u00e8s qu&rsquo;ils ont compl\u00e8tement d\u00e9cid\u00e9 de renoncer \u00e0 la paternit\u00e9 &#8211; il n&rsquo;y a pas d&rsquo;auteur ni de droit du droit d&rsquo;auteur de les d\u00e9velopper.<\/p>\n<p><span itemprop=\"image\" itemscope itemtype=\"https:\/\/schema.org\/ImageObject\"><img itemprop=\"url image\" loading=\"lazy\" decoding=\"async\" class=\"alignnone size-full wp-image-4816\" src=\"\/wp-content\/uploads\/2021\/01\/antarctica-flag_1.png\" width=\"400\" height=\"266\" alt=\"Drapeau de Antarctique-1\" \/><meta itemprop=\"width\" content=\"400\"><meta itemprop=\"height\" content=\"266\"><\/span><\/p>\n<h2 style=\"text-align: justify\">Historique des drapeaux<\/h2>\n<p style=\"text-align: justify\">L&rsquo;Antarctique est le continent situ\u00e9 dans le sud de la plan\u00e8te Terre. En fait, l&rsquo;Antarctique n&rsquo;est pas un gouvernement et n&rsquo;a jamais eu le statut d&rsquo;un pouvoir libre, de monnaie, de langue de communication, mais en 2002, l&rsquo;Association de l&rsquo;Accord antarctique, le continent a \u00e9t\u00e9 attribu\u00e9 \u00e0 un drapeau non officiel.<\/p>\n<p style=\"text-align: justify\">La base du drapeau \u00e9tait bas\u00e9e sur la principale caract\u00e9ristique distinctive de l&rsquo;Antarctique &#8211; Neutralit\u00e9 et G\u00e9n\u00e9ral appartenant \u00e0 tout pays. L\u00e9gislativement, sur la base de la r\u00e9ponse de l&rsquo;ONU, l&rsquo;Antarctique ne peut \u00eatre reconnu comme faisant partie de la zone d&rsquo;\u00c9tat de quiconque. Le drapeau est fait \u00e0 l&rsquo;image du drapeau de l&rsquo;organisation ONN, &#8211; a un symbolisme similaire.<\/p>\n<p style=\"text-align: justify\">Le principal symbolisme du drapeau est la neutralit\u00e9, par rapport aux \u00c9tats de l&rsquo;Antarctique et par rapport \u00e0 l&rsquo;Antarctique aux deuxi\u00e8mes pays.<\/p>\n<p style=\"text-align: justify\">Pour la premi\u00e8re fois sur le continent, le drapeau a \u00e9t\u00e9 hiss\u00e9 par l&rsquo;\u00e9diteur de la publication populaire \u00ab\u00a0The Ravan\u00a0\u00bb &#8211; Ted Kaye en 2002. Dans le m\u00eame temps, les bases scientifiques, qui sont implant\u00e9es sur le continent, en symbole de solidarit\u00e9, ont \u00e9galement hiss\u00e9 le drapeau.<\/p>\n<h2 style=\"text-align: justify\">Indicateur Description<\/h2>\n<p style=\"text-align: justify\">Le drapeau ressemble \u00e0 un contour blanc d&rsquo;un continent sur fond d&rsquo;un signe \u00e9gal &#8211; bleu. La ligne, les proportions ou la description formelles et l\u00e9gislatives approuv\u00e9es n&rsquo;existent pas, en raison de leur caract\u00e8re non officiel.<\/p>\n<h2 style=\"text-align: justify\">Que signifient les couleurs du drapeau?<\/h2>\n<ul style=\"text-align: justify\">\n<li>Blanc &#8211; indiquez le contour du continent. Pas de valeur correcte. Peut-\u00eatre que le cr\u00e9ateur du drapeau voulait transmettre le froid du continent, conduire \u00e0 une association avec de la neige blanche, une fois par an en Antarctique (la temp\u00e9rature sur le continent ne d\u00e9passe pas de 0 sur les indicateurs de temp\u00e9rature).<\/li>\n<li>Bleu &#8211; un signe de neutralit\u00e9, de respect mutuel et d&rsquo;\u00e9galit\u00e9. Cette couleur est associ\u00e9e au ciel, qui est une pour toutes, quelle que soit la raciale, religieuse, ethnique, linguistique ou 2e affiliation.<\/li>\n<\/ul>\n<h2 style=\"text-align: justify\">Autres versions du drapeau de l&rsquo;Antarctique<\/h2>\n<p><span itemprop=\"image\" itemscope itemtype=\"https:\/\/schema.org\/ImageObject\"><img itemprop=\"url image\" loading=\"lazy\" decoding=\"async\" class=\"alignnone  wp-image-4818\" src=\"\/wp-content\/uploads\/2021\/01\/antarctica-flag_3.png\" alt=\"Drapeau de Antarctique-2\" width=\"300\" height=\"200\" \/><meta itemprop=\"width\" content=\"300\"><meta itemprop=\"height\" content=\"200\"><\/span><\/p>\n<p style=\"text-align: justify\">Drapeau de l&rsquo;accord antarctique<\/p>\n<p><span itemprop=\"image\" itemscope itemtype=\"https:\/\/schema.org\/ImageObject\"><img itemprop=\"url image\" loading=\"lazy\" decoding=\"async\" class=\"alignnone  wp-image-4819\" src=\"\/wp-content\/uploads\/2021\/01\/antarctica-flag_2.png\" alt=\"Drapeau de Antarctique-3\" width=\"300\" height=\"200\" \/><meta itemprop=\"width\" content=\"300\"><meta itemprop=\"height\" content=\"200\"><\/span><\/p>\n<p style=\"text-align: justify\">Drapeau de l&rsquo;Antarctique &#8211; Dessin de Whitney Smith<\/p>\n<h2 style=\"text-align: justify\">Informations non sp\u00e9cialis\u00e9es sur l&rsquo;Antarctique<\/h2>\n<table>\n<tbody>\n<tr style=\"text-align: justify\">\n<td>Langue officielle<\/td>\n<td>ne pas<\/td>\n<\/tr>\n<tr style=\"text-align: justify\">\n<td>Capital<\/td>\n<td>La capitale informelle est la station de McMurdo<\/td>\n<\/tr>\n<tr style=\"text-align: justify\">\n<td>Territoire<\/td>\n<td>14 107 000 km2<\/td>\n<\/tr>\n<tr style=\"text-align: justify\">\n<td>Population<\/td>\n<td>1000-4000 personnes (employ\u00e9s des stations polaires)<\/td>\n<\/tr>\n<tr style=\"text-align: justify\">\n<td>Monnaie<\/td>\n<td>ne pas<\/td>\n<\/tr>\n<tr>\n<td style=\"text-align: justify\">Indicatif t\u00e9l\u00e9phonique<\/td>\n<td style=\"text-align: justify\">+672<\/td>\n<\/tr>\n<\/tbody>\n<\/table>\n","protected":false},"excerpt":{"rendered":"<p>Le d\u00e9veloppement du drapeau de l&rsquo;Antarctique, sur une initiative personnelle, a \u00e9t\u00e9 r\u00e9alis\u00e9 par des vexiollogistes (personnes qui \u00e9tudient l&rsquo;histoire de l&rsquo;origine des drapeaux &#8211; une sous-section de&#8230;<\/p>\n","protected":false},"author":1,"featured_media":5358,"parent":0,"menu_order":0,"comment_status":"closed","ping_status":"closed","template":"","meta":{"footnotes":""},"class_list":["post-1887","page","type-page","status-publish","has-post-thumbnail",""],"aioseo_notices":[],"_links":{"self":[{"href":"https:\/\/flags-world.com\/fr\/wp-json\/wp\/v2\/pages\/1887","targetHints":{"allow":["GET"]}}],"collection":[{"href":"https:\/\/flags-world.com\/fr\/wp-json\/wp\/v2\/pages"}],"about":[{"href":"https:\/\/flags-world.com\/fr\/wp-json\/wp\/v2\/types\/page"}],"author":[{"embeddable":true,"href":"https:\/\/flags-world.com\/fr\/wp-json\/wp\/v2\/users\/1"}],"replies":[{"embeddable":true,"href":"https:\/\/flags-world.com\/fr\/wp-json\/wp\/v2\/comments?post=1887"}],"version-history":[{"count":0,"href":"https:\/\/flags-world.com\/fr\/wp-json\/wp\/v2\/pages\/1887\/revisions"}],"wp:featuredmedia":[{"embeddable":true,"href":"https:\/\/flags-world.com\/fr\/wp-json\/wp\/v2\/media\/5358"}],"wp:attachment":[{"href":"https:\/\/flags-world.com\/fr\/wp-json\/wp\/v2\/media?parent=1887"}],"curies":[{"name":"wp","href":"https:\/\/api.w.org\/{rel}","templated":true}]}}