{"id":2981,"date":"2021-02-05T16:46:43","date_gmt":"2021-02-05T13:46:43","guid":{"rendered":"https:\/\/flags-world.com\/fi\/tietosuojakaytanto\/"},"modified":"2021-02-05T16:46:43","modified_gmt":"2021-02-05T13:46:43","slug":"tietosuojakaytanto","status":"publish","type":"page","link":"https:\/\/flags-world.com\/fi\/tietosuojakaytanto\/","title":{"rendered":"Tietosuojak\u00e4yt\u00e4nt\u00f6"},"content":{"rendered":"<p>Lippu-maailma.com\/ sivuston yll\u00e4pito on velvollinen s\u00e4ilytt\u00e4m\u00e4\u00e4n yksityisyytesi Internetiss\u00e4. Kiinnit\u00e4mme suurta huomiota meille antamiesi tietojen suojaamiseen. Tietosuojak\u00e4yt\u00e4nt\u00f6mme perustuu Euroopan unionin yleiseen tietosuoja-asetukseen (GDPR).\u00a0Tarkat, joita varten ker\u00e4\u00e4mme henkil\u00f6tietojasi ovat palvelumme parantaminen, viestint\u00e4 t\u00e4m\u00e4n sivuston vierailijoiden kanssa, k\u00e4ytt\u00e4j\u00e4tietojen k\u00e4sittely verkkomyynti\u00e4 varten, ei ja muut alla luetellut toimet.<\/p>\n<p><h2>Henkil\u00f6tietojen s\u00e4ilytys ja k\u00e4sittely<\/h2>\n<\/p>\n<p>Ker\u00e4\u00e4mme ja k\u00e4sittelemme henkil\u00f6tietojasi vain suostumuksellasi. Luvallasi voimme ker\u00e4t\u00e4 ja k\u00e4sitell\u00e4 seuraavia tietoja: sosiaalisen median tilitiedot, nro. Henkil\u00f6tietojesi ker\u00e4\u00e4minen ja k\u00e4sittely tapahtuu Euroopan unionin ja Ukrainan lakien mukaisesti.<\/p>\n<p><h2>Tietojen tallennus, muuttaminen ja poistaminen<\/h2>\n<\/p>\n<p>K\u00e4ytt\u00e4j\u00e4, joka on antanut Lippu-maailman.com\/ henkil\u00f6tietojensa kanssa, on oikeus niiden muuttamiseen ja poistamiseen sek\u00e4 oikeus peruuttaa suostumus tietojen k\u00e4sittelyyn. Aika, jonka aikana henkil\u00f6tietojasi s\u00e4ilytet\u00e4\u00e4n, on aika, jolloin henkil\u00f6tietoja k\u00e4ytet\u00e4\u00e4n verkkosivuston p\u00e4\u00e4toiminnassa. Kun henkil\u00f6tietojesi k\u00e4sittely on p\u00e4\u00e4ttynyt, verkkosivuston hallinto poistaa ne pysyv\u00e4sti. P\u00e4\u00e4st\u00e4ksesi henkil\u00f6tietoihisi, voit ottaa yhteytt\u00e4 hallintoon osoitteessa: Lippu.world1990@gmail.com. Voimme luovuttaa tietojasi kolmannelle osapuolelle vain suostumuksellasi. Jos tiedot on siirretty kolmannelle osapuolelle, joka ei liity organisaatioomme, emme voi tehd\u00e4 niihin muutoksia.<\/p>\n<p><h2>Vierailujen teknisten tietojen k\u00e4sittely<\/h2>\n<\/p>\n<p>Tietueet IP-osoitteestasi, vierailuajasta, selaimen asetuksista, k\u00e4ytt\u00f6j\u00e4rjestelm\u00e4st\u00e4 ja muista teknisist\u00e4 tiedoista tallennetaan tietokantaan, kun vierailet Lippu-worldissa.fi\/. N\u00e4m\u00e4 tiedot ovat v\u00e4ltt\u00e4m\u00e4tt\u00f6mi\u00e4 verkkosivuston sis\u00e4ll\u00f6n n\u00e4ytt\u00e4miseksi oikein. Vierailijan henkil\u00f6\u00e4 on mahdotonta tunnistaa n\u00e4iden tietojen avulla.<\/p>\n<p><h2>Lasten henkil\u00f6tiedot<\/h2>\n<\/p>\n<p>Jos olet alaik\u00e4isen lapsen vanhempi tai laillinen huoltaja ja tied\u00e4t, ett\u00e4 lapsi on antanut meille henkil\u00f6tietonsa ilman suostumustasi, ota meihin yhteytt\u00e4: Lippu.world1990@gmail.com. Alaik\u00e4isten K\u00e4ytt\u00e4jien henkil\u00f6tietojen sy\u00f6tt\u00e4minen on kielletty\u00e4 ilman vanhempien tai laillisten huoltajien suostumusta.<\/p>\n<p><h2>Ev\u00e4steiden k\u00e4sittely<\/h2>\n<\/p>\n<p>K\u00e4yt\u00e4mme ev\u00e4stetiedostoja sivuston sis\u00e4ll\u00f6n oikeaan n\u00e4ytt\u00e4miseen ja lippumaailman selailun helpottamiseksi.fi\/. Ne ovat pieni\u00e4 tiedostoja, jotka on tallennettu laitteellesi. Ne auttavat verkkosivustoa muistamaan tietoja sinusta, kuten mill\u00e4 kielell\u00e4 k\u00e4yt\u00e4t verkkosivustoa ja mitk\u00e4 sivut olet jo avannut. N\u00e4ist\u00e4 tiedoista on hy\u00f6ty\u00e4 seuraavalla vierailulla. Ev\u00e4stetiedostojen ansiosta nettisivujen selaaminen on muuttunut paljon mukavammaksi. Saat lis\u00e4tietoja n\u00e4ist\u00e4 tiedostoista t\u00e4\u00e4lt\u00e4. Voit m\u00e4\u00e4ritt\u00e4\u00e4 ev\u00e4steiden vastaanoton ja eston selaimessasi itse. Kyvytt\u00f6myys vastaanottaa ev\u00e4stetiedostoja voi rajoittaa verkkosivuston toimivuutta.<\/p>\n<p><h2>Henkil\u00f6tietojen k\u00e4sittely muiden palveluiden toimesta<\/h2>\n<\/p>\n<p>T\u00e4m\u00e4 verkkosivusto k\u00e4ytt\u00e4\u00e4 kolmannen osapuolen verkkopalveluita, jotka ker\u00e4\u00e4v\u00e4t tietoja meist\u00e4 riippumatta. T\u00e4llaisia palveluita ovat Google Analytics, Google AdSense.<\/p>\n<p>N\u00e4iden palvelujen ker\u00e4\u00e4mi\u00e4 tietoja voidaan toimittaa muille n\u00e4iden organisaatioiden palveluille. He voivat k\u00e4ytt\u00e4\u00e4 tietoja oman mainosverkostonsa mainonnan personointiin. Voit lukea n\u00e4iden organisaatioiden k\u00e4ytt\u00f6sopimuksista heid\u00e4n verkkosivuillaan. Voit my\u00f6s kielt\u00e4yty\u00e4 henkil\u00f6tietojesi ker\u00e4\u00e4misest\u00e4. Esimerkiksi Google Analytics Opt-out Browser Add-on l\u00f6ytyy t\u00e4\u00e4lt\u00e4. Emme luovuta henkil\u00f6tietoja muille organisaatioille tai palveluille, joita ei ole mainittu t\u00e4ss\u00e4 tietosuojak\u00e4yt\u00e4nn\u00f6ss\u00e4. Ker\u00e4tyt tiedot voidaan poiketen luovuttaa valtion viranomaisten laillisesta pyynn\u00f6st\u00e4, joilla on oikeus pyyt\u00e4\u00e4 t\u00e4llaisia tietoja.<\/p>\n<p><h2>Linkkej\u00e4 muille sivustoille<\/h2>\n<\/p>\n<p>Sivustomme Lippu-maailma.com\/ saattaa sis\u00e4lt\u00e4\u00e4 linkkej\u00e4 muille verkkosivustoille, jotka eiv\u00e4t ole meid\u00e4n hallinnassamme. Emme ole vastuussa n\u00e4iden sivustojen sis\u00e4ll\u00f6st\u00e4. Suosittelemme, ett\u00e4 tutustut jokaisen vierailemasi verkkosivuston tietosuojak\u00e4yt\u00e4nt\u00f6\u00f6n, jos sellainen on olemassa.<\/p>\n<p><h2>Muutokset tietosuojaselosteeseen<\/h2>\n<\/p>\n<p>Ajoittain nettisivumme, Lippu-maailma.com\/, voi p\u00e4ivitt\u00e4\u00e4 tietosuojak\u00e4yt\u00e4nt\u00f6mme. Ilmoitamme tietosuojaselosteen muutoksista, jotka on tehty t\u00e4lle verkkosivulle. Seuraamme henkil\u00f6tietoihin liittyv\u00e4n lains\u00e4\u00e4d\u00e4nn\u00f6n muutoksia Euroopan unionissa ja Ukrainassa. Jos olet sy\u00f6tt\u00e4nyt henkil\u00f6tietojasi verkkosivuillemme, ilmoitamme sinulle tietosuojak\u00e4yt\u00e4nt\u00f6mme muutoksista. Jos henkil\u00f6tietosi ja tarkemmin sanottuna yhteystietosi on annettu v\u00e4\u00e4rin, emme voi ottaa sinuun yhteytt\u00e4.<\/p>\n<p><h2>Palaute ja loppulausekkeet<\/h2>\n<\/p>\n<p>Voit ottaa yhteytt\u00e4 lippumaailman hallintoon.fi\/ koskien tietosuojak\u00e4yt\u00e4nt\u00f6\u00f6n liittyvi\u00e4 kysymyksi\u00e4 osoitteessa: Lippu.world1990@gmail.fi tai t\u00e4ytt\u00e4m\u00e4ll\u00e4 t\u00e4m\u00e4n sivuston vastaavassa osiossa m\u00e4\u00e4ritellyn yhteydenottolomakkeen. Jos et hyv\u00e4ksy t\u00e4t\u00e4 tietosuojak\u00e4yt\u00e4nt\u00f6\u00e4, et voi k\u00e4ytt\u00e4\u00e4 Lippu-worldin palveluita.fi\/. T\u00e4ss\u00e4 tapauksessa sinun tulee v\u00e4ltt\u00e4\u00e4 vierailemasta verkkosivustollamme.<\/p>\n","protected":false},"excerpt":{"rendered":"<p>Lippu-maailma.com\/ sivuston yll\u00e4pito on velvollinen s\u00e4ilytt\u00e4m\u00e4\u00e4n yksityisyytesi Internetiss\u00e4. Kiinnit\u00e4mme suurta huomiota meille antamiesi tietojen suojaamiseen. Tietosuojak\u00e4yt\u00e4nt\u00f6mme perustuu Euroopan unionin yleiseen tietosuoja-asetukseen (GDPR).\u00a0Tarkat, joita varten ker\u00e4\u00e4mme henkil\u00f6tietojasi ovat palvelumme&#8230;<\/p>\n","protected":false},"author":1,"featured_media":0,"parent":0,"menu_order":0,"comment_status":"closed","ping_status":"closed","template":"","meta":{"footnotes":""},"class_list":["post-2981","page","type-page","status-publish",""],"aioseo_notices":[],"_links":{"self":[{"href":"https:\/\/flags-world.com\/fi\/wp-json\/wp\/v2\/pages\/2981","targetHints":{"allow":["GET"]}}],"collection":[{"href":"https:\/\/flags-world.com\/fi\/wp-json\/wp\/v2\/pages"}],"about":[{"href":"https:\/\/flags-world.com\/fi\/wp-json\/wp\/v2\/types\/page"}],"author":[{"embeddable":true,"href":"https:\/\/flags-world.com\/fi\/wp-json\/wp\/v2\/users\/1"}],"replies":[{"embeddable":true,"href":"https:\/\/flags-world.com\/fi\/wp-json\/wp\/v2\/comments?post=2981"}],"version-history":[{"count":0,"href":"https:\/\/flags-world.com\/fi\/wp-json\/wp\/v2\/pages\/2981\/revisions"}],"wp:attachment":[{"href":"https:\/\/flags-world.com\/fi\/wp-json\/wp\/v2\/media?parent=2981"}],"curies":[{"name":"wp","href":"https:\/\/api.w.org\/{rel}","templated":true}]}}