{"id":2946,"date":"2021-01-26T12:32:17","date_gmt":"2021-01-26T09:32:17","guid":{"rendered":"https:\/\/flags-world.com\/fi\/tietoja-sivustosta\/"},"modified":"2021-01-26T12:32:17","modified_gmt":"2021-01-26T09:32:17","slug":"tietoja-sivustosta","status":"publish","type":"page","link":"https:\/\/flags-world.com\/fi\/tietoja-sivustosta\/","title":{"rendered":"Tietoja sivustosta"},"content":{"rendered":"<p>Sivuston &#8221;Lippu-maailma.com &#8221;luotiin niille, jotka ovat ihastuneet eri maiden lippuja. Suunnitelmat lis\u00e4\u00e4v\u00e4t kaikkien kansojen ja kaikkien kaupunkien ja valtioiden Lippu.<\/p>\n<p>Sivuston p\u00e4\u00e4teht\u00e4v\u00e4 on olla hy\u00f6dyllinen sivuston k\u00e4vij\u00f6ille. Jos t\u00e4m\u00e4 sivusto on mielenkiintoinen lukijoille, sit\u00e4 nopeammin sivusto kehittyy.<\/p>\n<p>Jos sinulla on ehdotuksia sivuston parantamiseksi, kirjoita Yhteystiedot-sivulla olevaan lomakkeeseen<\/p>\n","protected":false},"excerpt":{"rendered":"<p>Sivuston &#8221;Lippu-maailma.com &#8221;luotiin niille, jotka ovat ihastuneet eri maiden lippuja. Suunnitelmat lis\u00e4\u00e4v\u00e4t kaikkien kansojen ja kaikkien kaupunkien ja valtioiden Lippu. Sivuston p\u00e4\u00e4teht\u00e4v\u00e4 on olla hy\u00f6dyllinen sivuston k\u00e4vij\u00f6ille. Jos&#8230;<\/p>\n","protected":false},"author":1,"featured_media":0,"parent":0,"menu_order":0,"comment_status":"closed","ping_status":"closed","template":"","meta":{"footnotes":""},"class_list":["post-2946","page","type-page","status-publish",""],"aioseo_notices":[],"_links":{"self":[{"href":"https:\/\/flags-world.com\/fi\/wp-json\/wp\/v2\/pages\/2946","targetHints":{"allow":["GET"]}}],"collection":[{"href":"https:\/\/flags-world.com\/fi\/wp-json\/wp\/v2\/pages"}],"about":[{"href":"https:\/\/flags-world.com\/fi\/wp-json\/wp\/v2\/types\/page"}],"author":[{"embeddable":true,"href":"https:\/\/flags-world.com\/fi\/wp-json\/wp\/v2\/users\/1"}],"replies":[{"embeddable":true,"href":"https:\/\/flags-world.com\/fi\/wp-json\/wp\/v2\/comments?post=2946"}],"version-history":[{"count":0,"href":"https:\/\/flags-world.com\/fi\/wp-json\/wp\/v2\/pages\/2946\/revisions"}],"wp:attachment":[{"href":"https:\/\/flags-world.com\/fi\/wp-json\/wp\/v2\/media?parent=2946"}],"curies":[{"name":"wp","href":"https:\/\/api.w.org\/{rel}","templated":true}]}}