{"id":1887,"date":"2021-01-16T12:07:33","date_gmt":"2021-01-16T09:07:33","guid":{"rendered":"https:\/\/flags-world.com\/fi\/etelamantereen-lippu\/"},"modified":"2021-01-16T12:07:33","modified_gmt":"2021-01-16T09:07:33","slug":"etelamantereen-lippu","status":"publish","type":"page","link":"https:\/\/flags-world.com\/fi\/etelamantereen-lippu\/","title":{"rendered":"Etel\u00e4mantereen lippu"},"content":{"rendered":"<p style=\"text-align: justify\">Etel\u00e4mantereen lipun kehitt\u00e4misen henkil\u00f6kohtaisesta aloitteesta tekiv\u00e4t veksiollogit (ihmiset, jotka tutkivat lippujen alkuper\u00e4n historiaa &#8211; tieteen alaosasto). Kehitys oli niin onnistunut, ett\u00e4 he p\u00e4\u00e4ttiv\u00e4t kokonaan luopua tekij\u00e4st\u00e4 &#8211; ei ole tekij\u00e4n tai tekij\u00e4noikeuden haltijan oikeuksia kehitt\u00e4\u00e4 niit\u00e4.<\/p>\n<p><span itemprop=\"image\" itemscope itemtype=\"https:\/\/schema.org\/ImageObject\"><img itemprop=\"url image\" loading=\"lazy\" decoding=\"async\" class=\"alignnone size-full wp-image-4816\" src=\"\/wp-content\/uploads\/2021\/01\/antarctica-flag_1.png\" width=\"400\" height=\"266\" alt=\"Etel\u00e4mantereen lippu-1\" \/><meta itemprop=\"width\" content=\"400\"><meta itemprop=\"height\" content=\"266\"><\/span><\/p>\n<h2 style=\"text-align: justify\">Lippujen historia<\/h2>\n<p style=\"text-align: justify\">Etel\u00e4manner on manner, joka sijaitsee maapallon etel\u00e4osassa. Itse asiassa Etel\u00e4manner ei ole hallitus, eik\u00e4 sill\u00e4 ole koskaan ollut vapaan vallan, valuutan tai kommunikaatiokielen asemaa, mutta vuonna 2002 Etel\u00e4manner-sopimuksen Association of the Antarktic Agreement, mantereelle annettiin ep\u00e4virallinen lippu.<\/p>\n<p style=\"text-align: justify\">Lipun pohja perustui Antarktikon t\u00e4rkeimp\u00e4\u00e4n erottamisominaisuuteen &#8211; puolueettomuus ja kaikki maa. Lains\u00e4\u00e4d\u00e4nn\u00f6llisesti YK: n vastauksen perusteella Antarctica ei voida tunnistaa osana kenenk\u00e4\u00e4n valtion aluetta. Lippu on tehty ONN-organisaation lipun alla, &#8211; on samanlainen symboli.<\/p>\n<p style=\"text-align: justify\">Lipun t\u00e4rkein symboliikka on puolueettomuus suhteessa Antarcticalle ja suhteessa Etel\u00e4mantereen toiseen maahan.<\/p>\n<p style=\"text-align: justify\">Ensimm\u00e4ist\u00e4 kertaa maanosan yli lippu kasvoi suosittu julkaisu &#8221;Ravan&#8221; Ted Kaye vuonna 2002. Samaan aikaan tieteelliset perusteet, jotka sijaitsevat maanosassa, solidaarisuuden symbolissa, my\u00f6s nosti lippua.<\/p>\n<h2 style=\"text-align: justify\">Lippukuvaus<\/h2>\n<p style=\"text-align: justify\">Lippu n\u00e4ytt\u00e4\u00e4 valkoisena \u00e4\u00e4riviivat mantereella tasavertaisen merkkien taustalla. Muodollisesti ja lains\u00e4\u00e4d\u00e4nn\u00f6llisesti hyv\u00e4ksytty\u00e4 linjaa, mittasuhteita tai kuvausta ei ole olemassa sen ep\u00e4virallisuuden vuoksi.<\/p>\n<h2 style=\"text-align: justify\">Mit\u00e4 lipun v\u00e4rit tarkoittavat?<\/h2>\n<ul style=\"text-align: justify\">\n<li>Valkoinen &#8211; Ilmaisee mantereen \u00e4\u00e4riviivat. Ei oikeaa arvoa. Ehk\u00e4 lipun luoja halusi v\u00e4litt\u00e4\u00e4 mantereen kylmyyden, johtaa assosiaatioon valkoisen lumen kanssa, joka on kerran vuodessa Etel\u00e4mantereella (mantereen l\u00e4mp\u00f6tila ei nouse l\u00e4mp\u00f6tila-indikaattoreissa nollan yl\u00e4puolelle).<\/li>\n<li>Sininen &#8211; merkki puolueettomuudesta, keskin\u00e4isest\u00e4 kunnioituksesta ja tasa-arvosta. T\u00e4m\u00e4 v\u00e4ri liittyy taivaaseen, joka on yksi kaikille rotuun, uskonnolliseen, etniseen, kielelliseen tai toiseen kuulumiseen katsomatta.<\/li>\n<\/ul>\n<h2 style=\"text-align: justify\">Muut versiot Etel\u00e4mantereen lipusta<\/h2>\n<p><span itemprop=\"image\" itemscope itemtype=\"https:\/\/schema.org\/ImageObject\"><img itemprop=\"url image\" loading=\"lazy\" decoding=\"async\" class=\"alignnone  wp-image-4818\" src=\"\/wp-content\/uploads\/2021\/01\/antarctica-flag_3.png\" alt=\"Etel\u00e4mantereen lippu-2\" width=\"300\" height=\"200\" \/><meta itemprop=\"width\" content=\"300\"><meta itemprop=\"height\" content=\"200\"><\/span><\/p>\n<p style=\"text-align: justify\">Etel\u00e4manner sopimuksen lippu<\/p>\n<p><span itemprop=\"image\" itemscope itemtype=\"https:\/\/schema.org\/ImageObject\"><img itemprop=\"url image\" loading=\"lazy\" decoding=\"async\" class=\"alignnone  wp-image-4819\" src=\"\/wp-content\/uploads\/2021\/01\/antarctica-flag_2.png\" alt=\"Etel\u00e4mantereen lippu-3\" width=\"300\" height=\"200\" \/><meta itemprop=\"width\" content=\"300\"><meta itemprop=\"height\" content=\"200\"><\/span><\/p>\n<p style=\"text-align: justify\">Etel\u00e4mantereen lippu &#8211; Whitney Smithin piirustus<\/p>\n<h2 style=\"text-align: justify\">Erikoistunutta tietoa Etel\u00e4mantereesta<\/h2>\n<table>\n<tbody>\n<tr style=\"text-align: justify\">\n<td>Virallinen kieli<\/td>\n<td>ei<\/td>\n<\/tr>\n<tr style=\"text-align: justify\">\n<td>Iso alkukirjain<\/td>\n<td>ep\u00e4virallinen p\u00e4\u00e4kaupunki on McMurdon asema<\/td>\n<\/tr>\n<tr style=\"text-align: justify\">\n<td>Alue<\/td>\n<td>14 107 000 km2<\/td>\n<\/tr>\n<tr style=\"text-align: justify\">\n<td>V\u00e4est\u00f6<\/td>\n<td>1000-4000 ihmist\u00e4 (napa-asemien ty\u00f6ntekij\u00e4t)<\/td>\n<\/tr>\n<tr style=\"text-align: justify\">\n<td>Valuutta<\/td>\n<td>ei<\/td>\n<\/tr>\n<tr>\n<td style=\"text-align: justify\">Puhelinkoodi<\/td>\n<td style=\"text-align: justify\">+672<\/td>\n<\/tr>\n<\/tbody>\n<\/table>\n","protected":false},"excerpt":{"rendered":"<p>Etel\u00e4mantereen lipun kehitt\u00e4misen henkil\u00f6kohtaisesta aloitteesta tekiv\u00e4t veksiollogit (ihmiset, jotka tutkivat lippujen alkuper\u00e4n historiaa &#8211; tieteen alaosasto). Kehitys oli niin onnistunut, ett\u00e4 he p\u00e4\u00e4ttiv\u00e4t kokonaan luopua tekij\u00e4st\u00e4 &#8211; ei&#8230;<\/p>\n","protected":false},"author":1,"featured_media":5362,"parent":0,"menu_order":0,"comment_status":"closed","ping_status":"closed","template":"","meta":{"footnotes":""},"class_list":["post-1887","page","type-page","status-publish","has-post-thumbnail",""],"aioseo_notices":[],"_links":{"self":[{"href":"https:\/\/flags-world.com\/fi\/wp-json\/wp\/v2\/pages\/1887","targetHints":{"allow":["GET"]}}],"collection":[{"href":"https:\/\/flags-world.com\/fi\/wp-json\/wp\/v2\/pages"}],"about":[{"href":"https:\/\/flags-world.com\/fi\/wp-json\/wp\/v2\/types\/page"}],"author":[{"embeddable":true,"href":"https:\/\/flags-world.com\/fi\/wp-json\/wp\/v2\/users\/1"}],"replies":[{"embeddable":true,"href":"https:\/\/flags-world.com\/fi\/wp-json\/wp\/v2\/comments?post=1887"}],"version-history":[{"count":0,"href":"https:\/\/flags-world.com\/fi\/wp-json\/wp\/v2\/pages\/1887\/revisions"}],"wp:featuredmedia":[{"embeddable":true,"href":"https:\/\/flags-world.com\/fi\/wp-json\/wp\/v2\/media\/5362"}],"wp:attachment":[{"href":"https:\/\/flags-world.com\/fi\/wp-json\/wp\/v2\/media?parent=1887"}],"curies":[{"name":"wp","href":"https:\/\/api.w.org\/{rel}","templated":true}]}}