{"id":2981,"date":"2021-02-05T16:46:43","date_gmt":"2021-02-05T13:46:43","guid":{"rendered":"https:\/\/flags-world.com\/et\/privaatsuspoliitika\/"},"modified":"2021-02-05T16:46:43","modified_gmt":"2021-02-05T13:46:43","slug":"privaatsuspoliitika","status":"publish","type":"page","link":"https:\/\/flags-world.com\/et\/privaatsuspoliitika\/","title":{"rendered":"Privaatsuspoliitika"},"content":{"rendered":"<p>lipp-maailm.com\/ veebisaidi administratsioon on kohustatud s\u00e4ilitama teie privaatsuse Internetis. P\u00f6\u00f6rame suurt t\u00e4helepanu teie andmete tagamisele meile. Meie privaatsuspoliitika p\u00f5hineb Euroopa Liidu \u00fcldisel andmekaitse reguleerimisel (GDPR).\u00a0Eesm\u00e4rgid, mille jaoks teie isikuandmeid kogume, on meie teenuse parandamine, selle saidi k\u00fclastajatega suhtlemine, kasutajaandmete t\u00f6\u00f6tlemine veebim\u00fc\u00fcgi eesm\u00e4rgil, nr ja muude allpool loetletud toimingute jaoks.<\/p>\n<p><h2>Isikuandmete salvestamine ja t\u00f6\u00f6tlemine<\/h2>\n<\/p>\n<p>Kogume ja t\u00f6\u00f6tleme teie isikuandmeid ainult teie n\u00f5usolekul. Teie loal saame koguda ja t\u00f6\u00f6delda j\u00e4rgmisi andmeid: sotsiaalmeedia konto teave, nr. Teie isikliku teabe kogumine ja t\u00f6\u00f6tlemine toimub vastavalt Euroopa Liidu ja Ukraina seadustele.<\/p>\n<p><h2>Andmete salvestamine, muutmine ja eemaldamine<\/h2>\n<\/p>\n<p>Kasutaja, kes on andnud lipumaailma.com\/ koos oma isikuandmetega on \u00f5igus nende muutmiseks ja eemaldamiseks, samuti \u00f5igus meenutada kokkulepet andmet\u00f6\u00f6tlusele. Aeg, mille jooksul teie isikuandmeid salvestatakse. P\u00e4rast oma isikuandmete t\u00f6\u00f6tlemisega l\u00f5petamist kustutab veebisaidi administratsioon selle p\u00fcsivalt. Isikuandmetele juurdep\u00e4\u00e4su saamiseks p\u00f6\u00f6rduge administratsiooni poole aadressil: Flags.maailm1990@gmail.com. Saame teie andmed edastada kolmandale osapoolele ainult teie n\u00f5usolekul. Kui andmed kanti kolmandale osapoolele, mida meie organisatsiooniga ei seostata, ei saa me nende andmete muudatusi teha.<\/p>\n<p><h2>Tehniliste andmete k\u00fclastamise t\u00f6\u00f6tlemine<\/h2>\n<\/p>\n<p>Teie IP-aadressi, k\u00fclastuse aja, brauseri seadete, ops\u00fcsteemi ja muu tehnilise teabe kirjed salvestatakse andmebaasi, kui k\u00fclastate Flags-Worldi.com\/. Need andmed on vajalikud veebisaidi sisu \u00f5igeks kuvamiseks. Neid andmeid kasutades on k\u00fclastaja isikut v\u00f5imatu tuvastada.<\/p>\n<p><h2>Laste isiklik teave<\/h2>\n<\/p>\n<p>Kui olete vanem v\u00f5i alaealise lapse seaduslik eestkostja ja teate, et laps on meile andnud nende isikliku teabe ilma teie n\u00f5usolekuta, v\u00f5tke meiega \u00fchendust: lipud.maailm1990@gmail.com. Ilma vanemate v\u00f5i seaduslike eestkostjate kokkuleppeta on keelatud sisestada alaealiste kasutajate isikuandmeid.<\/p>\n<p><h2>K\u00fcpsiste t\u00f6\u00f6tlemine<\/h2>\n<\/p>\n<p>Veebisaidi sisu \u00f5igeks kuvamiseks ja lipp-maailma sirvimiseks sobivaks kuvamiseks kasutame k\u00fcpsiseid.com\/. Need on v\u00e4ikesed failid, mis salvestatakse teie seadmesse. Need aitavad veebisaidil teie kohta teavet meelde j\u00e4tta, n\u00e4iteks millises keeles te veebisaiti kasutate ja millised lehed olete juba avanud. See teave on kasulik j\u00e4rgmisel visiidil. T\u00e4nu k\u00fcpsisefailidele on veebisaidi sirvimine muutunud palju mugavamaks. Nende failide kohta saate lisateavet siit. Saate ise brauseris k\u00fcpsiste vastuv\u00f5tu ja blokeerida. K\u00fcpsiste failide vastuv\u00f5tmine v\u00f5ib piirata veebisaidi funktsionaalsust.<\/p>\n<p><h2>Isikuandmete t\u00f6\u00f6tlemine muude teenuste kaupa<\/h2>\n<\/p>\n<p>See veebisait kasutab kolmanda osapoole veebiteenuseid, mis teostavad andmete kogumist, s\u00f5ltumata meiest. Selliste teenuste hulka kuulub Google Analytics, Google AdSense.<\/p>\n<p>Nende teenuste kogutud andmeid v\u00f5ib osutada muudele teenustele nendes organisatsioonides. Nad saavad kasutada andmeid oma reklaamiv\u00f5rgu isikup\u00e4rastamise reklaamimiseks. Nende organisatsioonide kasutajalepinguid saate nende veebisaitidel teada saada. V\u00f5ite keelduda ka nende isikuandmete kogumisest. N\u00e4iteks leiate siit Google Analytics Opt-Out brauseri lisandmooduli. Me ei anna isikuandmeid teistele organisatsioonidele ega teenustele, mida selles privaatsuspoliitikas ei loetleta. Erandina v\u00f5idakse kogutud andmed esitada riigiasutuste seaduslikul taotlusel, millele antakse luba sellist teavet taotleda.<\/p>\n<p><h2>Lingid teistele veebisaitidele<\/h2>\n<\/p>\n<p>Meie veebisait lipp-maailm.com\/ v\u00f5ib sisaldada linke teistele veebisaitidele, mis pole meie kontrolli all. Me ei vastuta nende veebisaitide sisu eest. Soovitame teil tutvuda iga veebisaidi privaatsuseeskirjadega, kui selline poliitika on olemas.<\/p>\n<p><h2>Muudatused privaatsuseeskirjades<\/h2>\n<\/p>\n<p>Aeg-ajalt meie veebisait Flags-World.com\/, v\u00f5ib v\u00e4rskendada meie privaatsuspoliitikat. Teavitame v\u00f5imalikke muudatusi privaatsuseeskirjades, mis on esitatud sellele veebilehele. J\u00e4lgime muudatusi \u00f5igusaktides, mis on seotud Euroopa Liidu ja Ukraina isikuandmetega. Kui olete meie veebisaidil sisestanud m\u00f5ne oma isikuandmete, teavitame teid muudatustest meie privaatsuspoliitikates. Kui teie isikuandmed ja t\u00e4psemalt teie kontaktteave sisestati valesti, ei saa me teiega \u00fchendust v\u00f5tta.<\/p>\n<p><h2>Tagasiside ja l\u00f5plikud klauslid<\/h2>\n<\/p>\n<p>V\u00f5ite \u00fchendust v\u00f5tta lipumaailma administratsiooniga.com\/ Mis tahes k\u00fcsimuste kohta, mis on seotud privaatsuseeskirjadega: lipud.maailm1990@gmail.com v\u00f5i t\u00e4ites selle veebisaidi vastavas jaotises m\u00e4\u00e4ratud kontaktvormi. Kui te ei n\u00f5ustu selle privaatsuseeskirjadega, ei saa te lipumaailma teenuseid kasutada.com\/. Sel juhul peaksite v\u00e4ltima meie veebisaidi k\u00fclastamist.<\/p>\n","protected":false},"excerpt":{"rendered":"<p>lipp-maailm.com\/ veebisaidi administratsioon on kohustatud s\u00e4ilitama teie privaatsuse Internetis. P\u00f6\u00f6rame suurt t\u00e4helepanu teie andmete tagamisele meile. Meie privaatsuspoliitika p\u00f5hineb Euroopa Liidu \u00fcldisel andmekaitse reguleerimisel (GDPR).\u00a0Eesm\u00e4rgid, mille jaoks teie&#8230;<\/p>\n","protected":false},"author":1,"featured_media":0,"parent":0,"menu_order":0,"comment_status":"closed","ping_status":"closed","template":"","meta":{"footnotes":""},"class_list":["post-2981","page","type-page","status-publish",""],"aioseo_notices":[],"_links":{"self":[{"href":"https:\/\/flags-world.com\/et\/wp-json\/wp\/v2\/pages\/2981","targetHints":{"allow":["GET"]}}],"collection":[{"href":"https:\/\/flags-world.com\/et\/wp-json\/wp\/v2\/pages"}],"about":[{"href":"https:\/\/flags-world.com\/et\/wp-json\/wp\/v2\/types\/page"}],"author":[{"embeddable":true,"href":"https:\/\/flags-world.com\/et\/wp-json\/wp\/v2\/users\/1"}],"replies":[{"embeddable":true,"href":"https:\/\/flags-world.com\/et\/wp-json\/wp\/v2\/comments?post=2981"}],"version-history":[{"count":0,"href":"https:\/\/flags-world.com\/et\/wp-json\/wp\/v2\/pages\/2981\/revisions"}],"wp:attachment":[{"href":"https:\/\/flags-world.com\/et\/wp-json\/wp\/v2\/media?parent=2981"}],"curies":[{"name":"wp","href":"https:\/\/api.w.org\/{rel}","templated":true}]}}