{"id":2946,"date":"2021-01-26T12:32:17","date_gmt":"2021-01-26T09:32:17","guid":{"rendered":"https:\/\/flags-world.com\/et\/saidi-kohta\/"},"modified":"2021-01-26T12:32:17","modified_gmt":"2021-01-26T09:32:17","slug":"saidi-kohta","status":"publish","type":"page","link":"https:\/\/flags-world.com\/et\/saidi-kohta\/","title":{"rendered":"Saidi kohta"},"content":{"rendered":"<p>Sait &#8220;lipp-maailm.com &#8220;loodud neile, kellele meeldivad erinevate riikide lipud. Plaanid on lisada k\u00f5igi maailma ja osariikide k\u00f5igi rahvaste ja lippude mantlid.<\/p>\n<p>Saidi peamine \u00fclesanne on olla saidi k\u00fclastajatele kasulik. Kui see sait on lugejatele huvitav, seda kiirem sait areneb.<\/p>\n<p>Kui teil on saidi t\u00e4iustamiseks ettepanekuid, kirjutage lehel Kontaktide vormile<\/p>\n","protected":false},"excerpt":{"rendered":"<p>Sait &#8220;lipp-maailm.com &#8220;loodud neile, kellele meeldivad erinevate riikide lipud. Plaanid on lisada k\u00f5igi maailma ja osariikide k\u00f5igi rahvaste ja lippude mantlid. Saidi peamine \u00fclesanne on olla saidi k\u00fclastajatele&#8230;<\/p>\n","protected":false},"author":1,"featured_media":0,"parent":0,"menu_order":0,"comment_status":"closed","ping_status":"closed","template":"","meta":{"footnotes":""},"class_list":["post-2946","page","type-page","status-publish",""],"aioseo_notices":[],"_links":{"self":[{"href":"https:\/\/flags-world.com\/et\/wp-json\/wp\/v2\/pages\/2946","targetHints":{"allow":["GET"]}}],"collection":[{"href":"https:\/\/flags-world.com\/et\/wp-json\/wp\/v2\/pages"}],"about":[{"href":"https:\/\/flags-world.com\/et\/wp-json\/wp\/v2\/types\/page"}],"author":[{"embeddable":true,"href":"https:\/\/flags-world.com\/et\/wp-json\/wp\/v2\/users\/1"}],"replies":[{"embeddable":true,"href":"https:\/\/flags-world.com\/et\/wp-json\/wp\/v2\/comments?post=2946"}],"version-history":[{"count":0,"href":"https:\/\/flags-world.com\/et\/wp-json\/wp\/v2\/pages\/2946\/revisions"}],"wp:attachment":[{"href":"https:\/\/flags-world.com\/et\/wp-json\/wp\/v2\/media?parent=2946"}],"curies":[{"name":"wp","href":"https:\/\/api.w.org\/{rel}","templated":true}]}}