{"id":1887,"date":"2021-01-16T12:07:33","date_gmt":"2021-01-16T09:07:33","guid":{"rendered":"https:\/\/flags-world.com\/et\/antarktika-lipp\/"},"modified":"2021-01-16T12:07:33","modified_gmt":"2021-01-16T09:07:33","slug":"antarktika-lipp","status":"publish","type":"page","link":"https:\/\/flags-world.com\/et\/antarktika-lipp\/","title":{"rendered":"Antarktika lipp"},"content":{"rendered":"<p style=\"text-align: justify\">Antarktika lipu arengut isikliku algatuse alusel viisid l\u00e4bi vexiollogid (inimesed, kes uurivad lipude p\u00e4ritolu ajalugu &#8211; teaduse alajaotus). Areng oli nii edukas, et nad otsustasid autorlusest t\u00e4ielikult loobuda &#8211; autori ega autori\u00f5iguse omaniku \u00f5igusi neid arendada.<\/p>\n<p><span itemprop=\"image\" itemscope itemtype=\"https:\/\/schema.org\/ImageObject\"><img itemprop=\"url image\" loading=\"lazy\" decoding=\"async\" class=\"alignnone size-full wp-image-4816\" src=\"\/wp-content\/uploads\/2021\/01\/antarctica-flag_1.png\" width=\"400\" height=\"266\" alt=\"Antarktika-1 lipp\" \/><meta itemprop=\"width\" content=\"400\"><meta itemprop=\"height\" content=\"266\"><\/span><\/p>\n<h2 style=\"text-align: justify\">Lipuajalugu<\/h2>\n<p style=\"text-align: justify\">Antarktika on mandriosa, mis asub Planeedi maast l\u00f5unas. Tegelikult ei ole Antarktika valitsus ja tal polnud kunagi vaba v\u00f5imu, valuuta, suhtluskeele staatust, kuid 2002. aastal m\u00e4\u00e4rati mandrile Antarktika kokkuleppe assotsiatsioon mitteametlik lipp.<\/p>\n<p style=\"text-align: justify\">Lipu alus p\u00f5hines Antarktika peamisel eristaval omadusel &#8211; neutraalsuse ja \u00fcldise kuulumise mis tahes riigile. Seadusandlikult ei saa Antarktikat \u00dcRO vastuse p\u00f5hjal tunnistada kellegi riigi piirkonna osana. Lipp on valmistatud ONN -i organisatsiooni lipu sarnasuses &#8211; sellel on sarnane s\u00fcmboolika.<\/p>\n<p style=\"text-align: justify\">Lipu peamine s\u00fcmboolika on neutraalsus, seoses Antarktika riikidega ja Antarktika suhtes teise riikidega.<\/p>\n<p style=\"text-align: justify\">Esmakordselt mandri kohal t\u00f5stis lipu populaarse v\u00e4ljaande &#8220;Ravan&#8221; toimetaja &#8211; Ted Kaye 2002. aastal. Samal ajal t\u00f5stsid mandril asuvad teaduslikud alused solidaarsuse s\u00fcmbolis ka lipu.<\/p>\n<h2 style=\"text-align: justify\">Lipu kirjeldus<\/h2>\n<p style=\"text-align: justify\">Lipp n\u00e4eb v\u00e4lja nagu mandri valge kontuur v\u00f5rdse m\u00e4rgi taustal &#8211; sinine. Ametlik ja seadusandlik heakskiidetud joon, proportsioone ega kirjeldust ei eksisteeri selle mitteametlikkuse t\u00f5ttu.<\/p>\n<h2 style=\"text-align: justify\">Mida t\u00e4hendavad lipu v\u00e4rvid?<\/h2>\n<ul style=\"text-align: justify\">\n<li>Valge &#8211; t\u00e4histage mandri kontuur. Pole \u00f5iget v\u00e4\u00e4rtust. V\u00f5ib -olla tahtis lipu looja edastada mandri k\u00fclma, viia seoseni valge lumega, mis on Antarktikas kord aastas (temperatuur mandril ei t\u00f5use temperatuurin\u00e4itajatest \u00fcle 0).<\/li>\n<li>Sinine &#8211; neutraalsuse, vastastikuse austuse ja v\u00f5rdsuse m\u00e4rk. See v\u00e4rv on seotud taevaga, mis on k\u00f5igile, s\u00f5ltumata rassilisest, usulisest, etnilisest, keelelisest v\u00f5i 2. kuuluvusest.<\/li>\n<\/ul>\n<h2 style=\"text-align: justify\">Muud Antarktika lipu versioonid<\/h2>\n<p><span itemprop=\"image\" itemscope itemtype=\"https:\/\/schema.org\/ImageObject\"><img itemprop=\"url image\" loading=\"lazy\" decoding=\"async\" class=\"alignnone  wp-image-4818\" src=\"\/wp-content\/uploads\/2021\/01\/antarctica-flag_3.png\" alt=\"Antarktica-2 lipp\" width=\"300\" height=\"200\" \/><meta itemprop=\"width\" content=\"300\"><meta itemprop=\"height\" content=\"200\"><\/span><\/p>\n<p style=\"text-align: justify\">Antarktika kokkuleppe lipp<\/p>\n<p><span itemprop=\"image\" itemscope itemtype=\"https:\/\/schema.org\/ImageObject\"><img itemprop=\"url image\" loading=\"lazy\" decoding=\"async\" class=\"alignnone  wp-image-4819\" src=\"\/wp-content\/uploads\/2021\/01\/antarctica-flag_2.png\" alt=\"Antarktica-3 lipp\" width=\"300\" height=\"200\" \/><meta itemprop=\"width\" content=\"300\"><meta itemprop=\"height\" content=\"200\"><\/span><\/p>\n<p style=\"text-align: justify\">Antarktika lipp &#8211; Whitney Smithi joonistamine<\/p>\n<h2 style=\"text-align: justify\">Spetsiifiline teave Antarktika kohta<\/h2>\n<table>\n<tbody>\n<tr style=\"text-align: justify\">\n<td>Ametlik keel<\/td>\n<td>mitte<\/td>\n<\/tr>\n<tr style=\"text-align: justify\">\n<td>Kapital<\/td>\n<td>mitteametlik kapital on McMurdo jaam<\/td>\n<\/tr>\n<tr style=\"text-align: justify\">\n<td>Territoorium<\/td>\n<td>14 107 000 km2<\/td>\n<\/tr>\n<tr style=\"text-align: justify\">\n<td>Elanikkond<\/td>\n<td>1000\u20134000 inimest (polaarjaamade t\u00f6\u00f6tajad)<\/td>\n<\/tr>\n<tr style=\"text-align: justify\">\n<td>Valuuta<\/td>\n<td>mitte<\/td>\n<\/tr>\n<tr>\n<td style=\"text-align: justify\">Telefonikood<\/td>\n<td style=\"text-align: justify\">+672<\/td>\n<\/tr>\n<\/tbody>\n<\/table>\n","protected":false},"excerpt":{"rendered":"<p>Antarktika lipu arengut isikliku algatuse alusel viisid l\u00e4bi vexiollogid (inimesed, kes uurivad lipude p\u00e4ritolu ajalugu &#8211; teaduse alajaotus). Areng oli nii edukas, et nad otsustasid autorlusest t\u00e4ielikult loobuda&#8230;<\/p>\n","protected":false},"author":1,"featured_media":5323,"parent":0,"menu_order":0,"comment_status":"closed","ping_status":"closed","template":"","meta":{"footnotes":""},"class_list":["post-1887","page","type-page","status-publish","has-post-thumbnail",""],"aioseo_notices":[],"_links":{"self":[{"href":"https:\/\/flags-world.com\/et\/wp-json\/wp\/v2\/pages\/1887","targetHints":{"allow":["GET"]}}],"collection":[{"href":"https:\/\/flags-world.com\/et\/wp-json\/wp\/v2\/pages"}],"about":[{"href":"https:\/\/flags-world.com\/et\/wp-json\/wp\/v2\/types\/page"}],"author":[{"embeddable":true,"href":"https:\/\/flags-world.com\/et\/wp-json\/wp\/v2\/users\/1"}],"replies":[{"embeddable":true,"href":"https:\/\/flags-world.com\/et\/wp-json\/wp\/v2\/comments?post=1887"}],"version-history":[{"count":0,"href":"https:\/\/flags-world.com\/et\/wp-json\/wp\/v2\/pages\/1887\/revisions"}],"wp:featuredmedia":[{"embeddable":true,"href":"https:\/\/flags-world.com\/et\/wp-json\/wp\/v2\/media\/5323"}],"wp:attachment":[{"href":"https:\/\/flags-world.com\/et\/wp-json\/wp\/v2\/media?parent=1887"}],"curies":[{"name":"wp","href":"https:\/\/api.w.org\/{rel}","templated":true}]}}