{"id":5991,"date":"2021-10-31T18:36:39","date_gmt":"2021-10-31T15:36:39","guid":{"rendered":"https:\/\/flags-world.com\/es\/?page_id=5991"},"modified":"2021-10-31T18:48:23","modified_gmt":"2021-10-31T15:48:23","slug":"privacy-policy","status":"publish","type":"page","link":"https:\/\/flags-world.com\/es\/privacy-policy\/","title":{"rendered":"Pol\u00edtica de privacidad"},"content":{"rendered":"<p>La administraci\u00f3n del sitio web flags-world.com\/ est\u00e1 obligada a mantener su privacidad en Internet. Prestamos gran atenci\u00f3n a proteger los datos que nos proporcion\u00f3. Nuestra pol\u00edtica de privacidad se basa en el Reglamento General de Protecci\u00f3n de Datos (GDPR) de la Uni\u00f3n Europea. Los prop\u00f3sitos para los cuales recopilamos sus datos personales son la mejora de nuestro servicio, la comunicaci\u00f3n con los visitantes de este sitio, el procesamiento de datos del usuario con el prop\u00f3sito de ventas en l\u00ednea, no, y para otras acciones que se enumeran a continuaci\u00f3n.<\/p>\n<h2>Almacenamiento y procesamiento de datos personales<\/h2>\n<p>Recopilamos y procesamos sus datos personales solo con su consentimiento voluntario. Con su permiso, podemos recopilar y procesar los siguientes datos: informaci\u00f3n de la cuenta de redes sociales, no. La recopilaci\u00f3n y el procesamiento de su informaci\u00f3n personal se llevan a cabo de acuerdo con las leyes de la Uni\u00f3n Europea y Ucrania.<\/p>\n<h2>Almacenamiento, alteraci\u00f3n y eliminaci\u00f3n de datos<\/h2>\n<p>El usuario, que ha facilitado a flags-world.com\/ sus datos personales, tiene derecho a su alteraci\u00f3n y eliminaci\u00f3n, as\u00ed como el derecho a revocar el acuerdo de tratamiento de datos. El tiempo durante el cual se almacenar\u00e1n sus datos personales es el tiempo que se utilizan los datos personales que son necesarios para la actividad principal del sitio web. Una vez finalizado el procesamiento de sus datos personales, la administraci\u00f3n del sitio web los eliminar\u00e1 definitivamente. Para acceder a sus datos personales, puede contactar con la administraci\u00f3n en: flags.world1990@gmail.com. Podremos pasar sus datos a un tercero solo con su consentimiento voluntario. Si los datos se transfirieron a un tercero, que no est\u00e1 asociado con nuestra organizaci\u00f3n, no podemos realizar ning\u00fan cambio en esos datos.<\/p>\n<h2>Tratamiento de los datos t\u00e9cnicos visitantes<\/h2>\n<p>Los registros de su direcci\u00f3n IP, la hora de la visita, la configuraci\u00f3n del navegador, el sistema operativo y otra informaci\u00f3n t\u00e9cnica se guardan en la base de datos cuando visita flags-world.com\/. Estos datos son necesarios para la correcta visualizaci\u00f3n del contenido del sitio web. Es imposible identificar a la persona del visitante utilizando estos datos.<\/p>\n<h2>Informaci\u00f3n personal de los ni\u00f1os<\/h2>\n<p>Si usted es padre o tutor legal de un ni\u00f1o menor de edad y sabe que el ni\u00f1o nos ha proporcionado su informaci\u00f3n personal sin su consentimiento, cont\u00e1ctenos en: flags.world1990@gmail.com. Est\u00e1 prohibido ingresar los datos personales de los Usuarios menores de edad sin el consentimiento de los padres o tutores legales.<\/p>\n<h2>Procesamiento de cookies<\/h2>\n<p>Utilizamos archivos de cookies para la visualizaci\u00f3n correcta del contenido del sitio web y para la comodidad de navegar por flags-world.com\/. Son peque\u00f1os archivos que se almacenan en su dispositivo. Ayudan al sitio web a recordar informaci\u00f3n sobre usted, como en qu\u00e9 idioma utiliza el sitio web y qu\u00e9 p\u00e1ginas ya ha abierto. Esta informaci\u00f3n ser\u00e1 de utilidad en la pr\u00f3xima visita. Gracias a los archivos de cookies, la navegaci\u00f3n por el sitio web se ha vuelto mucho m\u00e1s conveniente. Puede obtener m\u00e1s informaci\u00f3n sobre estos archivos aqu\u00ed. Puede configurar la recepci\u00f3n y el bloqueo de cookies en su navegador usted mismo. La imposibilidad de recibir archivos de cookies puede limitar la funcionalidad del sitio web.<\/p>\n<h2>Tratamiento de datos personales por otros servicios<\/h2>\n<p>Este sitio web utiliza servicios en l\u00ednea de terceros, que realizan la recopilaci\u00f3n de datos, independientemente de nosotros. Dichos servicios incluyen Google Analytics, Google AdSense.<\/p>\n<p>Los datos recopilados por estos servicios pueden proporcionarse a otros servicios dentro de esas organizaciones. Pueden utilizar los datos para la personalizaci\u00f3n publicitaria de su propia red publicitaria. Puede obtener informaci\u00f3n sobre los acuerdos de usuario de esas organizaciones en sus sitios web. Tambi\u00e9n puede rechazar la recopilaci\u00f3n de sus datos personales. Por ejemplo, el complemento de navegador de exclusi\u00f3n voluntaria de Google Analytics se puede encontrar aqu\u00ed. No pasamos ning\u00fan dato personal a otras organizaciones o servicios, que no se enumeran en esta pol\u00edtica de privacidad. Como excepci\u00f3n, los datos recopilados pueden proporcionarse a solicitud legal de las autoridades estatales, que est\u00e1n autorizadas a solicitar dicha informaci\u00f3n.<\/p>\n<h2>Enlaces a otros sitios web<\/h2>\n<p>Nuestro sitio web flags-world.com\/ puede contener enlaces a otros sitios web que no est\u00e1n bajo nuestro control. No somos responsables del contenido de estos sitios web. Le recomendamos que se familiarice con la pol\u00edtica de privacidad de cada sitio web que visite, si existe dicha pol\u00edtica.<\/p>\n<h2>Cambios a la pol\u00edtica de privacidad<\/h2>\n<p>De vez en cuando, nuestro sitio web, flags-world.com\/, puede actualizar nuestra pol\u00edtica de privacidad. Informamos sobre cualquier cambio en la pol\u00edtica de privacidad, colocado en esta p\u00e1gina web. Estamos monitoreando cualquier cambio en la legislaci\u00f3n, que est\u00e1 relacionada con los datos personales en la Uni\u00f3n Europea y Ucrania. Si ha introducido alguno de sus datos personales en nuestro sitio web, le informaremos sobre los cambios en nuestra pol\u00edtica de privacidad. Si sus datos personales, y m\u00e1s espec\u00edficamente, su informaci\u00f3n de contacto se ingresaron incorrectamente, no podremos comunicarnos con usted.<\/p>\n<h2>Comentarios y cl\u00e1usulas finales<\/h2>\n<p>Puede ponerse en contacto con la administraci\u00f3n de flags-world.com\/ con respecto a cualquier pregunta relacionada con la pol\u00edtica de privacidad en: flags.world1990@gmail.com, o rellenando un formulario de contacto especificado en la secci\u00f3n correspondiente de este sitio web. Si no est\u00e1 de acuerdo con eles pol\u00edtica de privacidad, no puede utilizar los servicios de flags-world.com\/. En este caso, debe evitar visitar nuestro sitio web.<\/p>\n<p>&nbsp;<\/p>\n","protected":false},"excerpt":{"rendered":"<p>La administraci\u00f3n del sitio web flags-world.com\/ est\u00e1 obligada a mantener su privacidad en Internet. Prestamos gran atenci\u00f3n a proteger los datos que nos proporcion\u00f3. Nuestra pol\u00edtica de privacidad&#8230;<\/p>\n","protected":false},"author":1,"featured_media":0,"parent":0,"menu_order":0,"comment_status":"closed","ping_status":"closed","template":"","meta":{"footnotes":""},"class_list":["post-5991","page","type-page","status-publish",""],"aioseo_notices":[],"_links":{"self":[{"href":"https:\/\/flags-world.com\/es\/wp-json\/wp\/v2\/pages\/5991","targetHints":{"allow":["GET"]}}],"collection":[{"href":"https:\/\/flags-world.com\/es\/wp-json\/wp\/v2\/pages"}],"about":[{"href":"https:\/\/flags-world.com\/es\/wp-json\/wp\/v2\/types\/page"}],"author":[{"embeddable":true,"href":"https:\/\/flags-world.com\/es\/wp-json\/wp\/v2\/users\/1"}],"replies":[{"embeddable":true,"href":"https:\/\/flags-world.com\/es\/wp-json\/wp\/v2\/comments?post=5991"}],"version-history":[{"count":1,"href":"https:\/\/flags-world.com\/es\/wp-json\/wp\/v2\/pages\/5991\/revisions"}],"predecessor-version":[{"id":5992,"href":"https:\/\/flags-world.com\/es\/wp-json\/wp\/v2\/pages\/5991\/revisions\/5992"}],"wp:attachment":[{"href":"https:\/\/flags-world.com\/es\/wp-json\/wp\/v2\/media?parent=5991"}],"curies":[{"name":"wp","href":"https:\/\/api.w.org\/{rel}","templated":true}]}}