{"id":5986,"date":"2021-10-31T18:32:20","date_gmt":"2021-10-31T15:32:20","guid":{"rendered":"https:\/\/flags-world.com\/es\/?page_id=5986"},"modified":"2021-10-31T18:32:20","modified_gmt":"2021-10-31T15:32:20","slug":"sobre-el-sitio","status":"publish","type":"page","link":"https:\/\/flags-world.com\/es\/sobre-el-sitio\/","title":{"rendered":"Sobre el sitio"},"content":{"rendered":"<p style=\"text-align: justify;\">El sitio \u00abflags-world.com\u00bb creado para los amantes de las banderas de diferentes pa\u00edses. Los planes son agregar los escudos de armas de todos los pueblos y las banderas de todas las ciudades y estados del mundo.<\/p>\n<p style=\"text-align: justify;\">La tarea principal del sitio es ser \u00fatil para los visitantes del sitio. Si este sitio es interesante para los lectores, m\u00e1s r\u00e1pido se desarrollar\u00e1.<\/p>\n<p style=\"text-align: justify;\">Si tiene alguna sugerencia para mejorar el sitio, escriba al formulario en la p\u00e1gina de Contactos<\/p>\n","protected":false},"excerpt":{"rendered":"<p>El sitio \u00abflags-world.com\u00bb creado para los amantes de las banderas de diferentes pa\u00edses. Los planes son agregar los escudos de armas de todos los pueblos y las banderas&#8230;<\/p>\n","protected":false},"author":1,"featured_media":0,"parent":0,"menu_order":0,"comment_status":"closed","ping_status":"closed","template":"","meta":{"footnotes":""},"class_list":["post-5986","page","type-page","status-publish",""],"aioseo_notices":[],"_links":{"self":[{"href":"https:\/\/flags-world.com\/es\/wp-json\/wp\/v2\/pages\/5986","targetHints":{"allow":["GET"]}}],"collection":[{"href":"https:\/\/flags-world.com\/es\/wp-json\/wp\/v2\/pages"}],"about":[{"href":"https:\/\/flags-world.com\/es\/wp-json\/wp\/v2\/types\/page"}],"author":[{"embeddable":true,"href":"https:\/\/flags-world.com\/es\/wp-json\/wp\/v2\/users\/1"}],"replies":[{"embeddable":true,"href":"https:\/\/flags-world.com\/es\/wp-json\/wp\/v2\/comments?post=5986"}],"version-history":[{"count":1,"href":"https:\/\/flags-world.com\/es\/wp-json\/wp\/v2\/pages\/5986\/revisions"}],"predecessor-version":[{"id":5987,"href":"https:\/\/flags-world.com\/es\/wp-json\/wp\/v2\/pages\/5986\/revisions\/5987"}],"wp:attachment":[{"href":"https:\/\/flags-world.com\/es\/wp-json\/wp\/v2\/media?parent=5986"}],"curies":[{"name":"wp","href":"https:\/\/api.w.org\/{rel}","templated":true}]}}