{"id":2981,"date":"2021-02-05T16:46:43","date_gmt":"2021-02-05T13:46:43","guid":{"rendered":"https:\/\/flags-world.com\/dk\/fortrolighedspolitik\/"},"modified":"2021-10-24T18:05:11","modified_gmt":"2021-10-24T15:05:11","slug":"fortrolighedspolitik","status":"publish","type":"page","link":"https:\/\/flags-world.com\/dk\/fortrolighedspolitik\/","title":{"rendered":"Fortrolighedspolitik"},"content":{"rendered":"<p>flag-world.com\/ webstedsadministration er forpligtet til at bevare dit privatliv p\u00e5 internettet. Vi er meget opm\u00e6rksomme p\u00e5 at sikre de data, du har givet os. Vores privatlivspolitik er baseret p\u00e5 EU&#8217;s generelle databeskyttelsesforordning (GDPR). De form\u00e5l, som vi indsamler dine personoplysninger til, er forbedring af vores service, kommunikation med bes\u00f8gende p\u00e5 denne side, behandling af brugerdata med henblik p\u00e5 onlinesalg, nej og andre handlinger anf\u00f8rt nedenfor.<\/p>\n<h2>Opbevaring og behandling af personoplysninger<\/h2>\n<p>Vi indsamler og behandler kun dine personoplysninger med dit samtykke. Med din tilladelse kan vi indsamle og behandle f\u00f8lgende data: kontooplysninger p\u00e5 sociale medier, nr. Indsamling og behandling af dine personlige oplysninger udf\u00f8res i overensstemmelse med lovene i EU og Ukraine.<\/p>\n<h2>Datalagring, \u00e6ndring og fjernelse<\/h2>\n<p>Brugeren, der har leveret flags-world.com\/ med deres personoplysninger, har ret til \u00e6ndring og fjernelse af dem, samt ret til at tilbagekalde aftalen om databehandling. Den tid, hvori dine personoplysninger vil blive opbevaret, er den tid, de personoplysninger bruges, som er n\u00f8dvendige for hjemmesidens hovedaktivitet. Efter endt behandling af dine personoplysninger, vil hjemmesidens administration slette dem permanent. For at f\u00e5 adgang til dine personlige data kan du kontakte administrationen p\u00e5: flags.world1990@gmail.com. Vi vil kun kunne videregive dine data til en tredjepart med dit villige samtykke. Hvis dataene blev overf\u00f8rt til en tredjepart, som ikke er tilknyttet vores organisation, kan vi ikke foretage \u00e6ndringer i disse data.<\/p>\n<h2>Behandling af bes\u00f8gende tekniske data<\/h2>\n<p>Registreringer af din IP-adresse, bes\u00f8gstidspunkt, browserindstillinger, operativsystem og andre tekniske oplysninger gemmes i databasen, n\u00e5r du bes\u00f8ger flags-world.dk\/. Disse data er n\u00f8dvendige for korrekt visning af webstedets indhold. Det er umuligt at identificere den bes\u00f8gende person, der bruger disse data.<\/p>\n<h2>B\u00f8rns personlige oplysninger<\/h2>\n<p>Hvis du er for\u00e6lder eller v\u00e6rge for et mindre\u00e5rigt barn, og du ved, at barnet har givet os deres personlige oplysninger uden dit samtykke, bedes du kontakte os p\u00e5: flag.world1990@gmail.com. Det er forbudt at indtaste personoplysninger om mindre\u00e5rige brugere uden samtykke fra for\u00e6ldre eller lovlige v\u00e6rger.<\/p>\n<h2>Behandling af cookies<\/h2>\n<p>Vi bruger cookie-filer til den korrekte visning af webstedets indhold og for at g\u00f8re det lettere at gennemse flags-world.com\/. Det er sm\u00e5 filer, der er gemt p\u00e5 din enhed. De hj\u00e6lper hjemmesiden til at huske oplysninger om dig, som f.eks. I hvilket sprog du bruger hjemmesiden, og hvilke sider har du allerede \u00e5bnet. Disse oplysninger vil v\u00e6re nyttige ved n\u00e6ste bes\u00f8g. Takket v\u00e6re cookie-filer er hjemmesidens browsing blevet meget mere bekvem. Du kan l\u00e6re mere om disse filer her. Du kan selv ops\u00e6tte modtagelse og blokering af cookies i din browser. Manglende evne til at modtage cookiefiler kan begr\u00e6nse webstedets funktionalitet.<\/p>\n<h2>Behandling af personoplysninger af andre tjenester<\/h2>\n<p>Dette websted anvender tredjeparts onlinetjenester, der udf\u00f8rer dataindsamling, uafh\u00e6ngigt af os. S\u00e5danne tjenester omfatter Google Analytics, Google AdSense.<\/p>\n<p>Data indsamlet af disse tjenester kan blive leveret til andre tjenester inden for disse organisationer. De kan bruge dataene til reklamepersonalisering af deres eget reklamenetv\u00e6rk. Du kan l\u00e6re om disse organisationers brugeraftaler p\u00e5 deres websteder. Du kan ogs\u00e5 afvise deres indsamling af dine personlige data. For eksempel kan Google Analytics Opt-out Browser Add-on findes her. Vi sender ikke personoplysninger til andre organisationer eller tjenester, som ikke er opf\u00f8rt i denne privatlivspolitik. Som en undtagelse kan de indsamlede data leveres p\u00e5 en lovlig anmodning fra statslige myndigheder, der er bemyndiget til at anmode om s\u00e5danne oplysninger.<\/p>\n<h2>Links til andre hjemmesider<\/h2>\n<p>Vores hjemmeside flags-world.com\/ kan indeholde links til andre websteder, som ikke er under vores kontrol. Vi er ikke ansvarlige for indholdet af disse hjemmesider. Vi anbefaler, at du g\u00f8r dig bekendt med privatlivspolitikken for hvert websted, du bes\u00f8ger, hvis en s\u00e5dan politik eksisterer.<\/p>\n<h2>\u00c6ndringer i privatlivspolitikken<\/h2>\n<p>Fra tid til anden, vores hjemmeside, flag-flags.com\/, kan opdatere vores privatlivspolitik. Vi informerer om eventuelle \u00e6ndringer i privatlivspolitikken, som er placeret p\u00e5 denne webside. Vi overv\u00e5ger eventuelle \u00e6ndringer i lovgivningen, der er relateret til personoplysninger i EU og Ukraine. Hvis du har indtastet nogle af dine personlige data p\u00e5 vores hjemmeside, vil vi informere dig om \u00e6ndringerne i vores privatlivspolitik. Hvis dine personlige data, og mere specifikt, blev dine kontaktoplysninger indtastet forkert, vil vi ikke kunne kontakte dig.<\/p>\n<h2>Feedback og sidste klausuler<\/h2>\n<p>Du kan kontakte administrationen af flag-world.dk\/ vedr\u00f8rende sp\u00f8rgsm\u00e5l vedr\u00f8rende privatlivspolitikken om: flag.world1990@gmail.com, eller ved at udfylde en kontaktformular, der er angivet i et tilsvarende afsnit p\u00e5 dette websted. Hvis du ikke er enig i denne fortrolighedspolitik, kan du ikke bruge flags-worlds tjenester.com\/. I dette tilf\u00e6lde b\u00f8r du undg\u00e5 at bes\u00f8ge vores hjemmeside.<\/p>\n","protected":false},"excerpt":{"rendered":"<p>flag-world.com\/ webstedsadministration er forpligtet til at bevare dit privatliv p\u00e5 internettet. Vi er meget opm\u00e6rksomme p\u00e5 at sikre de data, du har givet os. Vores privatlivspolitik er baseret&#8230;<\/p>\n","protected":false},"author":1,"featured_media":0,"parent":0,"menu_order":0,"comment_status":"closed","ping_status":"closed","template":"","meta":{"footnotes":""},"class_list":["post-2981","page","type-page","status-publish",""],"aioseo_notices":[],"_links":{"self":[{"href":"https:\/\/flags-world.com\/dk\/wp-json\/wp\/v2\/pages\/2981","targetHints":{"allow":["GET"]}}],"collection":[{"href":"https:\/\/flags-world.com\/dk\/wp-json\/wp\/v2\/pages"}],"about":[{"href":"https:\/\/flags-world.com\/dk\/wp-json\/wp\/v2\/types\/page"}],"author":[{"embeddable":true,"href":"https:\/\/flags-world.com\/dk\/wp-json\/wp\/v2\/users\/1"}],"replies":[{"embeddable":true,"href":"https:\/\/flags-world.com\/dk\/wp-json\/wp\/v2\/comments?post=2981"}],"version-history":[{"count":1,"href":"https:\/\/flags-world.com\/dk\/wp-json\/wp\/v2\/pages\/2981\/revisions"}],"predecessor-version":[{"id":5998,"href":"https:\/\/flags-world.com\/dk\/wp-json\/wp\/v2\/pages\/2981\/revisions\/5998"}],"wp:attachment":[{"href":"https:\/\/flags-world.com\/dk\/wp-json\/wp\/v2\/media?parent=2981"}],"curies":[{"name":"wp","href":"https:\/\/api.w.org\/{rel}","templated":true}]}}