{"id":2946,"date":"2021-01-26T12:32:17","date_gmt":"2021-01-26T09:32:17","guid":{"rendered":"https:\/\/flags-world.com\/dk\/om-stedet\/"},"modified":"2021-01-26T12:32:17","modified_gmt":"2021-01-26T09:32:17","slug":"om-stedet","status":"publish","type":"page","link":"https:\/\/flags-world.com\/dk\/om-stedet\/","title":{"rendered":"Om stedet"},"content":{"rendered":"<p>Webstedet &quot;Flags-World.com &quot;skabt for dem, der er glade for flag i forskellige lande. Planerne er at tilf\u00f8je v\u00e5benkogerne af alle folkeslag og flag af alle byer og stater i verden.<\/p>\n<p>Webstedets hovedopgave er at v\u00e6re nyttig for bes\u00f8gende p\u00e5 stedet. Hvis dette websted er interessant for l\u00e6sere, jo hurtigere vil webstedet udvikle sig.<\/p>\n<p>Hvis du har nogle forslag til forbedring af webstedet, skal du skrive til blanketten p\u00e5 kontaktsiden<\/p>\n","protected":false},"excerpt":{"rendered":"<p>Webstedet &quot;Flags-World.com &quot;skabt for dem, der er glade for flag i forskellige lande. Planerne er at tilf\u00f8je v\u00e5benkogerne af alle folkeslag og flag af alle byer og stater&#8230;<\/p>\n","protected":false},"author":1,"featured_media":0,"parent":0,"menu_order":0,"comment_status":"closed","ping_status":"closed","template":"","meta":{"footnotes":""},"class_list":["post-2946","page","type-page","status-publish",""],"aioseo_notices":[],"_links":{"self":[{"href":"https:\/\/flags-world.com\/dk\/wp-json\/wp\/v2\/pages\/2946","targetHints":{"allow":["GET"]}}],"collection":[{"href":"https:\/\/flags-world.com\/dk\/wp-json\/wp\/v2\/pages"}],"about":[{"href":"https:\/\/flags-world.com\/dk\/wp-json\/wp\/v2\/types\/page"}],"author":[{"embeddable":true,"href":"https:\/\/flags-world.com\/dk\/wp-json\/wp\/v2\/users\/1"}],"replies":[{"embeddable":true,"href":"https:\/\/flags-world.com\/dk\/wp-json\/wp\/v2\/comments?post=2946"}],"version-history":[{"count":0,"href":"https:\/\/flags-world.com\/dk\/wp-json\/wp\/v2\/pages\/2946\/revisions"}],"wp:attachment":[{"href":"https:\/\/flags-world.com\/dk\/wp-json\/wp\/v2\/media?parent=2946"}],"curies":[{"name":"wp","href":"https:\/\/api.w.org\/{rel}","templated":true}]}}