{"id":2981,"date":"2021-02-05T16:46:43","date_gmt":"2021-02-05T13:46:43","guid":{"rendered":"https:\/\/flags-world.com\/de\/datenschutz\/"},"modified":"2021-02-05T16:46:43","modified_gmt":"2021-02-05T13:46:43","slug":"datenschutz","status":"publish","type":"page","link":"https:\/\/flags-world.com\/de\/datenschutz\/","title":{"rendered":"Datenschutz"},"content":{"rendered":"<p>flags-world.com\/ website administration ist verpflichtet, Ihre Privatsph\u00e4re im Internet zu sch\u00fctzen. Wir legen gro\u00dfen Wert auf den Schutz der Daten, die Sie uns zur Verf\u00fcgung stellen. Unsere Datenschutzpolitik basiert auf der General Data Protection Regulation (GDPR) der Europ\u00e4ischen Union.\u00a0Die Zwecke, f\u00fcr die wir Ihre pers\u00f6nlichen Daten erheben, sind die Verbesserung unseres Services, die Kommunikation mit den Besuchern dieser Website, die Verarbeitung von Nutzerdaten zum Zwecke des Online-Verkaufs und f\u00fcr andere unten aufgef\u00fchrte Aktionen.<\/p>\n<p><h2>Speicherung und Verarbeitung personenbezogener Daten<\/h2>\n<\/p>\n<p>Wir sammeln und verarbeiten Ihre pers\u00f6nlichen Daten nur mit Ihrer Zustimmung. Mit Ihrer Einwilligung k\u00f6nnen wir folgende Daten erheben und verarbeiten: Informationen \u00fcber Social-Media-Konten, nein. Die Sammlung und Verarbeitung Ihrer pers\u00f6nlichen Daten erfolgt in \u00dcbereinstimmung mit den Gesetzen der Europ\u00e4ischen Union und der Ukraine.<\/p>\n<p><h2>Speicherung, \u00c4nderung und L\u00f6schung von Daten<\/h2>\n<\/p>\n<p>Der Benutzer, der die Flagge zur Verf\u00fcgung gestellt hat &#8211; Welt.Sie haben das Recht, Ihre pers\u00f6nlichen Daten zu \u00e4ndern und zu l\u00f6schen, sowie das Recht, die Zustimmung zur Datenverarbeitung zu widerrufen. Die Zeit, in der Ihre pers\u00f6nlichen Daten gespeichert werden, ist die Zeit, in der die pers\u00f6nlichen Daten verwendet werden, die f\u00fcr die Hauptt\u00e4tigkeit der Website notwendig sind. Nach Abschluss der Verarbeitung Ihrer personenbezogenen Daten werden diese von der Verwaltung der Website endg\u00fcltig gel\u00f6scht. Um Zugang zu Ihren pers\u00f6nlichen Daten zu erhalten, k\u00f6nnen Sie sich an die Verwaltung wenden unter: flags.welt1990@gmail.com. Wir k\u00f6nnen Ihre Daten nur mit Ihrem Einverst\u00e4ndnis an Dritte weitergeben. Wenn die Daten an einen Dritten \u00fcbertragen wurden, der nicht mit unserer Organisation verbunden ist, k\u00f6nnen wir keine \u00c4nderungen an diesen Daten vornehmen.<\/p>\n<p><h2>Verarbeitung der technischen Daten der Besucher<\/h2>\n<\/p>\n<p>Beim Besuch von flags-world werden Ihre IP-Adresse, der Zeitpunkt des Besuchs, die Browsereinstellungen, das Betriebssystem und andere technische Informationen in der Datenbank gespeichert.com\/. Diese Daten sind f\u00fcr die korrekte Darstellung des Inhalts der Website erforderlich. Es ist nicht m\u00f6glich, die Person des Besuchers anhand dieser Daten zu identifizieren.<\/p>\n<p><h2>Pers\u00f6nliche Daten von Kindern<\/h2>\n<\/p>\n<p>Wenn Sie ein Elternteil oder ein gesetzlicher Vormund eines minderj\u00e4hrigen Kindes sind und Sie wissen, dass das Kind uns seine pers\u00f6nlichen Daten ohne Ihre Zustimmung zur Verf\u00fcgung gestellt hat, kontaktieren Sie uns bitte unter: flags.world1990@gmail.com. Es ist verboten, personenbezogene Daten von minderj\u00e4hrigen Benutzern ohne die Zustimmung der Eltern oder Erziehungsberechtigten einzugeben.<\/p>\n<p><h2>Verarbeitung von Cookies<\/h2>\n<\/p>\n<p>Wir verwenden Cookie-Dateien f\u00fcr die korrekte Anzeige des Inhalts der Website und f\u00fcr die Bequemlichkeit des Surfens in der Welt.com\/. Das sind kleine Dateien, die auf Ihrem Ger\u00e4t gespeichert werden. Sie helfen der Website, sich an Informationen \u00fcber Sie zu erinnern, z. B. in welcher Sprache Sie die Website nutzen und welche Seiten Sie bereits ge\u00f6ffnet haben. Diese Informationen werden beim n\u00e4chsten Besuch n\u00fctzlich sein. Dank der Cookie-Dateien ist das Surfen auf der Website viel bequemer geworden. Mehr \u00fcber diese Dateien erfahren Sie hier. Sie k\u00f6nnen den Empfang und die Blockierung von Cookies in Ihrem Browser selbst einrichten. Wenn Sie die Cookie-Dateien nicht empfangen k\u00f6nnen, kann die Funktionalit\u00e4t der Website eingeschr\u00e4nkt sein.<\/p>\n<p><h2>Verarbeitung von personenbezogenen Daten durch andere Dienste<\/h2>\n<\/p>\n<p>Diese Website nutzt Online-Dienste von Dritten, die unabh\u00e4ngig von uns Daten sammeln. Solche Dienste umfassen Google Analytics, Google AdSense.<\/p>\n<p>Die von diesen Diensten gesammelten Daten k\u00f6nnen an andere Dienste innerhalb dieser Organisationen weitergegeben werden. Sie k\u00f6nnen die Daten f\u00fcr die Personalisierung von Werbung in ihrem eigenen Werbenetzwerk verwenden. Sie k\u00f6nnen sich \u00fcber die Benutzervereinbarungen dieser Organisationen auf deren Websites informieren. Sie k\u00f6nnen auch die Erfassung Ihrer pers\u00f6nlichen Daten ablehnen. Das Google Analytics Opt-out Browser Add-on finden Sie zum Beispiel hier. Wir geben keine pers\u00f6nlichen Daten an andere Organisationen oder Dienste weiter, die nicht in dieser Datenschutzrichtlinie aufgef\u00fchrt sind. Ausnahmsweise k\u00f6nnen die gesammelten Daten auf rechtm\u00e4\u00dfiges Ersuchen staatlicher Beh\u00f6rden, die zur Anforderung solcher Informationen berechtigt sind, zur Verf\u00fcgung gestellt werden.<\/p>\n<p><h2>Links zu anderen Websites<\/h2>\n<\/p>\n<p>Unsere Website-Flagge &#8211; Welt.com\/ kann Links zu anderen Websites enthalten, die nicht unter unserer Kontrolle stehen. Wir sind nicht verantwortlich f\u00fcr den Inhalt dieser Websites. Wir empfehlen Ihnen, sich mit den Datenschutzrichtlinien jeder Website, die Sie besuchen, vertraut zu machen, sofern eine solche Richtlinie existiert.<\/p>\n<p><h2>\u00c4nderungen an der Datenschutzrichtlinie<\/h2>\n<\/p>\n<p>Von Zeit zu Zeit wird unsere Website, flags-world.com\/, kann unsere Datenschutzpolitik aktualisieren. Wir informieren Sie \u00fcber alle \u00c4nderungen der Datenschutzbestimmungen, die auf dieser Webseite ver\u00f6ffentlicht werden. Wir beobachten alle \u00c4nderungen in der Gesetzgebung, die sich auf pers\u00f6nliche Daten in der Europ\u00e4ischen Union und der Ukraine bezieht. Wenn Sie pers\u00f6nliche Daten auf unserer Website eingegeben haben, werden wir Sie \u00fcber die \u00c4nderungen unserer Datenschutzpolitik informieren. Wenn Ihre pers\u00f6nlichen Daten, insbesondere Ihre Kontaktinformationen, falsch eingegeben wurden, k\u00f6nnen wir Sie nicht kontaktieren.<\/p>\n<p><h2>Feedback und Schlussklauseln<\/h2>\n<\/p>\n<p>Sie k\u00f6nnen sich an die Verwaltung von flags-world wenden.com\/ in Bezug auf Fragen im Zusammenhang mit der Datenschutzpolitik auf: flags.welt1990@gmail.com, oder durch Ausf\u00fcllen eines Kontaktformulars, das in einem entsprechenden Abschnitt dieser Website. Wenn Sie mit dieser Datenschutzerkl\u00e4rung nicht einverstanden sind, k\u00f6nnen Sie die Dienste von flags-world nicht nutzen.com\/. In diesem Fall sollten Sie den Besuch unserer Website.<\/p>\n","protected":false},"excerpt":{"rendered":"<p>flags-world.com\/ website administration ist verpflichtet, Ihre Privatsph\u00e4re im Internet zu sch\u00fctzen. Wir legen gro\u00dfen Wert auf den Schutz der Daten, die Sie uns zur Verf\u00fcgung stellen. Unsere Datenschutzpolitik&#8230;<\/p>\n","protected":false},"author":1,"featured_media":0,"parent":0,"menu_order":0,"comment_status":"closed","ping_status":"closed","template":"","meta":{"footnotes":""},"class_list":["post-2981","page","type-page","status-publish",""],"aioseo_notices":[],"_links":{"self":[{"href":"https:\/\/flags-world.com\/de\/wp-json\/wp\/v2\/pages\/2981","targetHints":{"allow":["GET"]}}],"collection":[{"href":"https:\/\/flags-world.com\/de\/wp-json\/wp\/v2\/pages"}],"about":[{"href":"https:\/\/flags-world.com\/de\/wp-json\/wp\/v2\/types\/page"}],"author":[{"embeddable":true,"href":"https:\/\/flags-world.com\/de\/wp-json\/wp\/v2\/users\/1"}],"replies":[{"embeddable":true,"href":"https:\/\/flags-world.com\/de\/wp-json\/wp\/v2\/comments?post=2981"}],"version-history":[{"count":0,"href":"https:\/\/flags-world.com\/de\/wp-json\/wp\/v2\/pages\/2981\/revisions"}],"wp:attachment":[{"href":"https:\/\/flags-world.com\/de\/wp-json\/wp\/v2\/media?parent=2981"}],"curies":[{"name":"wp","href":"https:\/\/api.w.org\/{rel}","templated":true}]}}