{"id":2946,"date":"2021-01-26T12:32:17","date_gmt":"2021-01-26T09:32:17","guid":{"rendered":"https:\/\/flags-world.com\/de\/uber-die-seite\/"},"modified":"2021-01-26T12:32:17","modified_gmt":"2021-01-26T09:32:17","slug":"uber-die-seite","status":"publish","type":"page","link":"https:\/\/flags-world.com\/de\/uber-die-seite\/","title":{"rendered":"\u00dcber die Seite"},"content":{"rendered":"<p>Der Standort &#8222;flags-world.com &#8222;f\u00fcr diejenigen, die sich f\u00fcr die Flaggen der verschiedenen L\u00e4nder interessieren. Es ist geplant, die Wappen aller V\u00f6lker und die Flaggen aller St\u00e4dte und Staaten der Welt hinzuzuf\u00fcgen.<\/p>\n<p>Die Hauptaufgabe der Website ist es, f\u00fcr die Besucher n\u00fctzlich zu sein. Wenn diese Website ist interessant f\u00fcr die Leser, desto schneller wird die Website zu entwickeln.<\/p>\n<p>Wenn Sie Vorschl\u00e4ge zur Verbesserung der Website haben, dann schreiben Sie an das Formular auf der Seite Kontakte<\/p>\n","protected":false},"excerpt":{"rendered":"<p>Der Standort &#8222;flags-world.com &#8222;f\u00fcr diejenigen, die sich f\u00fcr die Flaggen der verschiedenen L\u00e4nder interessieren. Es ist geplant, die Wappen aller V\u00f6lker und die Flaggen aller St\u00e4dte und Staaten&#8230;<\/p>\n","protected":false},"author":1,"featured_media":0,"parent":0,"menu_order":0,"comment_status":"closed","ping_status":"closed","template":"","meta":{"footnotes":""},"class_list":["post-2946","page","type-page","status-publish",""],"aioseo_notices":[],"_links":{"self":[{"href":"https:\/\/flags-world.com\/de\/wp-json\/wp\/v2\/pages\/2946","targetHints":{"allow":["GET"]}}],"collection":[{"href":"https:\/\/flags-world.com\/de\/wp-json\/wp\/v2\/pages"}],"about":[{"href":"https:\/\/flags-world.com\/de\/wp-json\/wp\/v2\/types\/page"}],"author":[{"embeddable":true,"href":"https:\/\/flags-world.com\/de\/wp-json\/wp\/v2\/users\/1"}],"replies":[{"embeddable":true,"href":"https:\/\/flags-world.com\/de\/wp-json\/wp\/v2\/comments?post=2946"}],"version-history":[{"count":0,"href":"https:\/\/flags-world.com\/de\/wp-json\/wp\/v2\/pages\/2946\/revisions"}],"wp:attachment":[{"href":"https:\/\/flags-world.com\/de\/wp-json\/wp\/v2\/media?parent=2946"}],"curies":[{"name":"wp","href":"https:\/\/api.w.org\/{rel}","templated":true}]}}