{"id":1887,"date":"2021-01-16T12:07:33","date_gmt":"2021-01-16T09:07:33","guid":{"rendered":"https:\/\/flags-world.com\/de\/antarctica-flag\/"},"modified":"2021-12-05T12:45:57","modified_gmt":"2021-12-05T09:45:57","slug":"antarktis-flagge","status":"publish","type":"page","link":"https:\/\/flags-world.com\/de\/antarktis-flagge\/","title":{"rendered":"Antarktis-Flagge"},"content":{"rendered":"<p style=\"text-align: justify;\">The development of the flag of Antarctica, on a personal initiative, was carried out by vexiollogists (people studying the history of the origin of the flags &#8211; a subsection of science). Die Entwicklung war so erfolgreich, dass sie komplett auf die Urheberschaft verzichteten &#8211; es gibt keinen Autor oder Urheberrechtsinhaber, der die Rechte an der Entwicklung hat.<\/p>\n<p><span itemprop=\"image\" itemscope itemtype=\"https:\/\/schema.org\/ImageObject\"><img itemprop=\"url image\" loading=\"lazy\" decoding=\"async\" class=\"alignnone size-full wp-image-4816\" src=\"\/wp-content\/uploads\/2021\/01\/antarctica-flag_1.png\" alt=\"Flagge der Antarktis-1\" width=\"400\" height=\"266\" \/><meta itemprop=\"width\" content=\"400\"><meta itemprop=\"height\" content=\"266\"><\/span><\/p>\n<h2 style=\"text-align: justify;\">Geschichte der Flagge<\/h2>\n<p style=\"text-align: justify;\">Die Antarktis ist ein Festland, das sich im S\u00fcden des Planeten Erde befindet. In der Tat ist die Antarktis nicht eine Regierung und hatte nie den Status einer freien Macht, W\u00e4hrung, Sprache der Kommunikation, aber im Jahr 2002, die Vereinigung der Antarktis-Abkommen, wurde das Festland eine inoffizielle Flagge zugeordnet.<\/p>\n<p style=\"text-align: justify;\">Die Basis der Flagge basiert auf dem Hauptunterscheidungsmerkmal der Antarktis &#8211; Neutralit\u00e4t und allgemeine Zugeh\u00f6rigkeit zu einem Land. Rechtlich gesehen kann die Antarktis aufgrund der UN-Antwort nicht als Teil eines Staatsgebiets anerkannt werden. Die Flagge ist in der \u00c4hnlichkeit der Flagge der ONN-Organisation gemacht, &#8211; hat eine \u00e4hnliche Symbolik.<\/p>\n<p style=\"text-align: justify;\">Die Hauptsymbolik der Flagge ist die Neutralit\u00e4t, sowohl im Verh\u00e4ltnis der Staaten zur Antarktis als auch im Verh\u00e4ltnis der Antarktis zu den anderen L\u00e4ndern.<\/p>\n<p style=\"text-align: justify;\">Zum ersten Mal \u00fcber den Kontinent, wurde die Flagge durch den Herausgeber der beliebten Publikation &#8222;The Ravan&#8220; &#8211; Ted Kaye im Jahr 2002 erh\u00f6ht. Zur gleichen Zeit haben die wissenschaftlichen Einrichtungen, die sich auf dem Kontinent befinden, als Symbol der Solidarit\u00e4t die Flagge gehisst.<\/p>\n<h2 style=\"text-align: justify;\">Beschreibung der Flagge<\/h2>\n<p style=\"text-align: justify;\">Die Flagge sieht aus wie der wei\u00dfe Umriss eines Kontinents vor dem Hintergrund eines Gleichheitszeichens &#8211; blau. Eine formale und vom Gesetzgeber genehmigte Linie, Proportionen oder Beschreibung gibt es nicht, da sie inoffiziell ist.<\/p>\n<h2 style=\"text-align: justify;\">Was bedeuten die Farben der Flagge??<\/h2>\n<ul style=\"text-align: justify;\">\n<li>Wei\u00df &#8211; zeigt den Umriss des Kontinents an. Kein richtiger Wert. Vielleicht wollte der Sch\u00f6pfer der Flagge die K\u00e4lte des Kontinents vermitteln, was zu einer Assoziation mit wei\u00dfem Schnee f\u00fchrt, der einmal im Jahr in der Antarktis liegt (die Temperatur auf dem Kontinent steigt nicht \u00fcber 0 auf den Temperaturindikatoren).<\/li>\n<li>Blau &#8211; ein Zeichen der Neutralit\u00e4t, des gegenseitigen Respekts und der Gleichheit. Diese Farbe wird mit dem Himmel assoziiert, der einer f\u00fcr alle ist, unabh\u00e4ngig von Rasse, Religion, Ethnie, Sprache oder 2.<\/li>\n<\/ul>\n<h2 style=\"text-align: justify;\">Andere Versionen der Flagge der Antarktis<\/h2>\n<p><span itemprop=\"image\" itemscope itemtype=\"https:\/\/schema.org\/ImageObject\"><img itemprop=\"url image\" loading=\"lazy\" decoding=\"async\" class=\"alignnone wp-image-4818\" src=\"\/wp-content\/uploads\/2021\/01\/antarctica-flag_3.png\" alt=\"Flagge der Antarktis-2\" width=\"300\" height=\"200\" \/><meta itemprop=\"width\" content=\"300\"><meta itemprop=\"height\" content=\"200\"><\/span><\/p>\n<p style=\"text-align: justify;\">Flagge des Antarktis-Abkommens<\/p>\n<p><span itemprop=\"image\" itemscope itemtype=\"https:\/\/schema.org\/ImageObject\"><img itemprop=\"url image\" loading=\"lazy\" decoding=\"async\" class=\"alignnone wp-image-4819\" src=\"\/wp-content\/uploads\/2021\/01\/antarctica-flag_2.png\" alt=\"Flagge von Antarktika-3\" width=\"300\" height=\"200\" \/><meta itemprop=\"width\" content=\"300\"><meta itemprop=\"height\" content=\"200\"><\/span><\/p>\n<p style=\"text-align: justify;\">Flagge der Antarktis &#8211; Zeichnung von Whitney Smith<\/p>\n<h2 style=\"text-align: justify;\">Nicht-spezialisierte Informationen \u00fcber die Antarktis<\/h2>\n<table>\n<tbody>\n<tr style=\"text-align: justify;\">\n<td>Offizielle Sprache<\/td>\n<td>nicht<\/td>\n<\/tr>\n<tr style=\"text-align: justify;\">\n<td>Hauptstadt<\/td>\n<td>die informelle Hauptstadt ist McMurdo Station<\/td>\n<\/tr>\n<tr style=\"text-align: justify;\">\n<td>Territorium<\/td>\n<td>14.107.000 km2<\/td>\n<\/tr>\n<tr style=\"text-align: justify;\">\n<td>Bev\u00f6lkerung<\/td>\n<td>1000-4000 Menschen (Mitarbeiter der Polarstationen)<\/td>\n<\/tr>\n<tr style=\"text-align: justify;\">\n<td>W\u00e4hrung<\/td>\n<td>nicht<\/td>\n<\/tr>\n<tr>\n<td style=\"text-align: justify;\">Telefonvorwahl<\/td>\n<td style=\"text-align: justify;\">+672<\/td>\n<\/tr>\n<\/tbody>\n<\/table>\n","protected":false},"excerpt":{"rendered":"<p>The development of the flag of Antarctica, on a personal initiative, was carried out by vexiollogists (people studying the history of the origin of the flags &#8211; a&#8230;<\/p>\n","protected":false},"author":1,"featured_media":5336,"parent":0,"menu_order":0,"comment_status":"closed","ping_status":"closed","template":"","meta":{"footnotes":""},"class_list":["post-1887","page","type-page","status-publish","has-post-thumbnail",""],"aioseo_notices":[],"_links":{"self":[{"href":"https:\/\/flags-world.com\/de\/wp-json\/wp\/v2\/pages\/1887","targetHints":{"allow":["GET"]}}],"collection":[{"href":"https:\/\/flags-world.com\/de\/wp-json\/wp\/v2\/pages"}],"about":[{"href":"https:\/\/flags-world.com\/de\/wp-json\/wp\/v2\/types\/page"}],"author":[{"embeddable":true,"href":"https:\/\/flags-world.com\/de\/wp-json\/wp\/v2\/users\/1"}],"replies":[{"embeddable":true,"href":"https:\/\/flags-world.com\/de\/wp-json\/wp\/v2\/comments?post=1887"}],"version-history":[{"count":1,"href":"https:\/\/flags-world.com\/de\/wp-json\/wp\/v2\/pages\/1887\/revisions"}],"predecessor-version":[{"id":5331,"href":"https:\/\/flags-world.com\/de\/wp-json\/wp\/v2\/pages\/1887\/revisions\/5331"}],"wp:featuredmedia":[{"embeddable":true,"href":"https:\/\/flags-world.com\/de\/wp-json\/wp\/v2\/media\/5336"}],"wp:attachment":[{"href":"https:\/\/flags-world.com\/de\/wp-json\/wp\/v2\/media?parent=1887"}],"curies":[{"name":"wp","href":"https:\/\/api.w.org\/{rel}","templated":true}]}}