{"id":2946,"date":"2021-01-26T12:32:17","date_gmt":"2021-01-26T09:32:17","guid":{"rendered":"https:\/\/flags-world.com\/cz\/o-webu\/"},"modified":"2021-01-26T12:32:17","modified_gmt":"2021-01-26T09:32:17","slug":"o-webu","status":"publish","type":"page","link":"https:\/\/flags-world.com\/cz\/o-webu\/","title":{"rendered":"O webu"},"content":{"rendered":"<p>Str\u00e1nka &bdquo;sv\u011bt vlajek.com &#8222;vytvo\u0159eno pro ty, kte\u0159\u00ed maj\u00ed r\u00e1di vlajky r\u016fzn\u00fdch zem\u00ed. V pl\u00e1nu je p\u0159idat erby v\u0161ech n\u00e1rod\u016f a vlajky v\u0161ech m\u011bst a st\u00e1t\u016f sv\u011bta.<\/p>\n<p>Hlavn\u00edm \u00fakolem webu je b\u00fdt u\u017eite\u010dn\u00fd pro n\u00e1v\u0161t\u011bvn\u00edky webu. Pokud je tento web pro \u010dten\u00e1\u0159e zaj\u00edmav\u00fd, t\u00edm rychleji se bude web rozv\u00edjet.<\/p>\n<p>Pokud m\u00e1te n\u011bjak\u00e9 n\u00e1vrhy na vylep\u0161en\u00ed webu, napi\u0161te do formul\u00e1\u0159e na str\u00e1nce Kontakty<\/p>\n","protected":false},"excerpt":{"rendered":"<p>Str\u00e1nka &bdquo;sv\u011bt vlajek.com &#8222;vytvo\u0159eno pro ty, kte\u0159\u00ed maj\u00ed r\u00e1di vlajky r\u016fzn\u00fdch zem\u00ed. V pl\u00e1nu je p\u0159idat erby v\u0161ech n\u00e1rod\u016f a vlajky v\u0161ech m\u011bst a st\u00e1t\u016f sv\u011bta. Hlavn\u00edm \u00fakolem&#8230;<\/p>\n","protected":false},"author":1,"featured_media":0,"parent":0,"menu_order":0,"comment_status":"closed","ping_status":"closed","template":"","meta":{"footnotes":""},"class_list":["post-2946","page","type-page","status-publish",""],"aioseo_notices":[],"_links":{"self":[{"href":"https:\/\/flags-world.com\/cz\/wp-json\/wp\/v2\/pages\/2946","targetHints":{"allow":["GET"]}}],"collection":[{"href":"https:\/\/flags-world.com\/cz\/wp-json\/wp\/v2\/pages"}],"about":[{"href":"https:\/\/flags-world.com\/cz\/wp-json\/wp\/v2\/types\/page"}],"author":[{"embeddable":true,"href":"https:\/\/flags-world.com\/cz\/wp-json\/wp\/v2\/users\/1"}],"replies":[{"embeddable":true,"href":"https:\/\/flags-world.com\/cz\/wp-json\/wp\/v2\/comments?post=2946"}],"version-history":[{"count":0,"href":"https:\/\/flags-world.com\/cz\/wp-json\/wp\/v2\/pages\/2946\/revisions"}],"wp:attachment":[{"href":"https:\/\/flags-world.com\/cz\/wp-json\/wp\/v2\/media?parent=2946"}],"curies":[{"name":"wp","href":"https:\/\/api.w.org\/{rel}","templated":true}]}}