{"id":1887,"date":"2021-01-16T12:07:33","date_gmt":"2021-01-16T09:07:33","guid":{"rendered":"https:\/\/flags-world.com\/cz\/vlajka-antarktidy\/"},"modified":"2021-01-16T12:07:33","modified_gmt":"2021-01-16T09:07:33","slug":"vlajka-antarktidy","status":"publish","type":"page","link":"https:\/\/flags-world.com\/cz\/vlajka-antarktidy\/","title":{"rendered":"Vlajka Antarktidy"},"content":{"rendered":"<p style=\"text-align: justify\">V\u00fdvoj vlajky Antarktidy z osobn\u00ed iniciativy provedli vexiologov\u00e9 (lid\u00e9 studuj\u00edc\u00ed historii p\u016fvodu vlajek &#8211; podsekce v\u011bdy). V\u00fdvoj byl tak \u00fasp\u011b\u0161n\u00fd, \u017ee se zcela rozhodli vzd\u00e1t se autorstv\u00ed \u2013 neexistuje \u017e\u00e1dn\u00e1 pr\u00e1va autora ani dr\u017eitele autorsk\u00fdch pr\u00e1v k jejich v\u00fdvoji.<\/p>\n<p><span itemprop=\"image\" itemscope itemtype=\"https:\/\/schema.org\/ImageObject\"><img itemprop=\"url image\" loading=\"lazy\" decoding=\"async\" class=\"alignnone size-full wp-image-4816\" src=\"\/wp-content\/uploads\/2021\/01\/antarctica-flag_1.png\" width=\"400\" height=\"266\" alt=\"vlajka Antarktidy-1\" \/><meta itemprop=\"width\" content=\"400\"><meta itemprop=\"height\" content=\"266\"><\/span><\/p>\n<h2 style=\"text-align: justify\">Historie vlajky<\/h2>\n<p style=\"text-align: justify\">Antarktida je pevnina, kter\u00e1 se nach\u00e1z\u00ed na jihu planety Zem\u011b. Antarktida ve skute\u010dnosti nen\u00ed vl\u00e1dou a nikdy nem\u011bla status svobodn\u00e9 moci, m\u011bny, komunika\u010dn\u00edho jazyka, ale v roce 2002 byla pevnin\u011b p\u0159id\u011blena neofici\u00e1ln\u00ed vlajka Asociace antarktick\u00e9 dohody.<\/p>\n<p style=\"text-align: justify\">Z\u00e1klad vlajky vych\u00e1zel z hlavn\u00edho rozli\u0161ovac\u00edho znaku Antarktidy &#8211; neutrality a obecn\u00e9 p\u0159\u00edslu\u0161nosti k jak\u00e9koli zemi. Legislativn\u011b, na z\u00e1klad\u011b reakce OSN, nem\u016f\u017ee b\u00fdt Antarktida uzn\u00e1na jako sou\u010d\u00e1st \u017e\u00e1dn\u00e9 st\u00e1tn\u00ed oblasti. Vlajka je vyrobena v podob\u011b vlajky organizace ONN, &#8211; m\u00e1 podobnou symboliku.<\/p>\n<p style=\"text-align: justify\">Hlavn\u00ed symbolikou vlajky je neutralita ve vztahu ke st\u00e1t\u016fm k Antarktid\u011b a ve vztahu k Antarktid\u011b k druh\u00fdm zem\u00edm.<\/p>\n<p style=\"text-align: justify\">Poprv\u00e9 nad kontinentem vzty\u010dil vlajku v roce 2002 editor popul\u00e1rn\u00ed publikace &bdquo;The Ravan&ldquo; \u2013 Ted Kaye. Sou\u010dasn\u011b vzty\u010dily vlajku i v\u011bdeck\u00e9 z\u00e1kladny, kter\u00e9 se na kontinentu nach\u00e1zej\u00ed, jako symbol solidarity.<\/p>\n<h2 style=\"text-align: justify\">Popis vlajky<\/h2>\n<p style=\"text-align: justify\">Vlajka vypad\u00e1 jako b\u00edl\u00fd obrys kontinentu na pozad\u00ed rovn\u00edtka &#8211; modr\u00e9. Form\u00e1ln\u011b a legislativn\u011b schv\u00e1len\u00e1 linie, proporce \u010di popis pro svou neofici\u00e1lnost neexistuje.<\/p>\n<h2 style=\"text-align: justify\">Co znamenaj\u00ed barvy vlajky?<\/h2>\n<ul style=\"text-align: justify\">\n<li>B\u00edl\u00e1 &#8211; Ozna\u010duje obrys kontinentu. \u017d\u00e1dn\u00e1 spr\u00e1vn\u00e1 hodnota. Mo\u017en\u00e1 cht\u011bl tv\u016frce vlajky zprost\u0159edkovat chlad kontinentu, v\u00e9st k asociaci s b\u00edl\u00fdm sn\u011bhem, kter\u00fd je na Antarktid\u011b jednou ro\u010dn\u011b (teplota na kontinentu nestoup\u00e1 nad 0 na ukazatel\u00edch teploty).<\/li>\n<li>Modr\u00e1 &#8211; znak neutrality, vz\u00e1jemn\u00e9ho respektu a rovnosti. Tato barva je spojena s oblohou, kter\u00e1 je jedna pro v\u0161echny, bez ohledu na rasovou, n\u00e1bo\u017eenskou, etnickou, jazykovou nebo 2. p\u0159\u00edslu\u0161nost.<\/li>\n<\/ul>\n<h2 style=\"text-align: justify\">Jin\u00e9 verze vlajky Antarktidy<\/h2>\n<p><span itemprop=\"image\" itemscope itemtype=\"https:\/\/schema.org\/ImageObject\"><img itemprop=\"url image\" loading=\"lazy\" decoding=\"async\" class=\"alignnone  wp-image-4818\" src=\"\/wp-content\/uploads\/2021\/01\/antarctica-flag_3.png\" alt=\"vlajka Antarktidy-2\" width=\"300\" height=\"200\" \/><meta itemprop=\"width\" content=\"300\"><meta itemprop=\"height\" content=\"200\"><\/span><\/p>\n<p style=\"text-align: justify\">Vlajka dohody o Antarktid\u011b<\/p>\n<p><span itemprop=\"image\" itemscope itemtype=\"https:\/\/schema.org\/ImageObject\"><img itemprop=\"url image\" loading=\"lazy\" decoding=\"async\" class=\"alignnone  wp-image-4819\" src=\"\/wp-content\/uploads\/2021\/01\/antarctica-flag_2.png\" alt=\"vlajka Antarktidy-3\" width=\"300\" height=\"200\" \/><meta itemprop=\"width\" content=\"300\"><meta itemprop=\"height\" content=\"200\"><\/span><\/p>\n<p style=\"text-align: justify\">Vlajka Antarktidy &#8211; kresba Whitney Smith<\/p>\n<h2 style=\"text-align: justify\">Nespecializovan\u00e9 informace o Antarktid\u011b<\/h2>\n<table>\n<tbody>\n<tr style=\"text-align: justify\">\n<td>\u00da\u0159edn\u00ed jazyk<\/td>\n<td>ne<\/td>\n<\/tr>\n<tr style=\"text-align: justify\">\n<td>Hlavn\u00ed m\u011bsto<\/td>\n<td>neform\u00e1ln\u00edm hlavn\u00edm m\u011bstem je stanice McMurdo<\/td>\n<\/tr>\n<tr style=\"text-align: justify\">\n<td>\u00dazem\u00ed<\/td>\n<td>14 107 000 km2<\/td>\n<\/tr>\n<tr style=\"text-align: justify\">\n<td>Populace<\/td>\n<td>1000-4000 lid\u00ed (zam\u011bstnanci pol\u00e1rn\u00edch stanic)<\/td>\n<\/tr>\n<tr style=\"text-align: justify\">\n<td>M\u011bna<\/td>\n<td>ne<\/td>\n<\/tr>\n<tr>\n<td style=\"text-align: justify\">Telefonn\u00ed k\u00f3d<\/td>\n<td style=\"text-align: justify\">+672<\/td>\n<\/tr>\n<\/tbody>\n<\/table>\n","protected":false},"excerpt":{"rendered":"<p>V\u00fdvoj vlajky Antarktidy z osobn\u00ed iniciativy provedli vexiologov\u00e9 (lid\u00e9 studuj\u00edc\u00ed historii p\u016fvodu vlajek &#8211; podsekce v\u011bdy). V\u00fdvoj byl tak \u00fasp\u011b\u0161n\u00fd, \u017ee se zcela rozhodli vzd\u00e1t se autorstv\u00ed \u2013&#8230;<\/p>\n","protected":false},"author":1,"featured_media":5341,"parent":0,"menu_order":0,"comment_status":"closed","ping_status":"closed","template":"","meta":{"footnotes":""},"class_list":["post-1887","page","type-page","status-publish","has-post-thumbnail",""],"aioseo_notices":[],"_links":{"self":[{"href":"https:\/\/flags-world.com\/cz\/wp-json\/wp\/v2\/pages\/1887","targetHints":{"allow":["GET"]}}],"collection":[{"href":"https:\/\/flags-world.com\/cz\/wp-json\/wp\/v2\/pages"}],"about":[{"href":"https:\/\/flags-world.com\/cz\/wp-json\/wp\/v2\/types\/page"}],"author":[{"embeddable":true,"href":"https:\/\/flags-world.com\/cz\/wp-json\/wp\/v2\/users\/1"}],"replies":[{"embeddable":true,"href":"https:\/\/flags-world.com\/cz\/wp-json\/wp\/v2\/comments?post=1887"}],"version-history":[{"count":0,"href":"https:\/\/flags-world.com\/cz\/wp-json\/wp\/v2\/pages\/1887\/revisions"}],"wp:featuredmedia":[{"embeddable":true,"href":"https:\/\/flags-world.com\/cz\/wp-json\/wp\/v2\/media\/5341"}],"wp:attachment":[{"href":"https:\/\/flags-world.com\/cz\/wp-json\/wp\/v2\/media?parent=1887"}],"curies":[{"name":"wp","href":"https:\/\/api.w.org\/{rel}","templated":true}]}}