{"id":2981,"date":"2021-02-05T16:46:43","date_gmt":"2021-02-05T13:46:43","guid":{"rendered":"https:\/\/flags-world.com\/az\/gizlilik-siyasti\/"},"modified":"2021-02-05T16:46:43","modified_gmt":"2021-02-05T13:46:43","slug":"gizlilik-siyasti","status":"publish","type":"page","link":"https:\/\/flags-world.com\/az\/gizlilik-siyasti\/","title":{"rendered":"Gizlilik Siyas\u0259ti"},"content":{"rendered":"<p>Bayraqlar.COM \/ veb sayt r\u0259hb\u0259rliyi internetd\u0259 m\u0259xfiliyinizi qoruma\u011fa borcludur. Biz\u0259 verdiyiniz m\u0259lumatlar\u0131 t\u0259min etm\u0259k \u00fc\u00e7\u00fcn \u00e7ox diqq\u0259t yetiririk. M\u0259xfilik siyas\u0259timiz Avropa Birliyinin \u00dcmumi M\u0259lumat Qoruma Qaydalar\u0131na (GDPR) \u0259saslan\u0131r.\u00a0\u015e\u0259xsi m\u0259lumatlar\u0131n\u0131z\u0131 toplad\u0131\u011f\u0131m\u0131z m\u0259qs\u0259dl\u0259r xidm\u0259timizin yax\u015f\u0131la\u015fd\u0131r\u0131lmas\u0131, bu sayt\u0131n ziyar\u0259t\u00e7il\u0259ri il\u0259 \u00fcnsiyy\u0259t, onlayn sat\u0131\u015f, xeyr v\u0259 a\u015fa\u011f\u0131da sadalanan dig\u0259r h\u0259r\u0259k\u0259tl\u0259r \u00fc\u00e7\u00fcn istifad\u0259\u00e7i m\u0259lumatlar\u0131n\u0131n i\u015fl\u0259nm\u0259sidir.<\/p>\n<p><h2>\u015e\u0259xsi m\u0259lumatlar\u0131n saxlanmas\u0131 v\u0259 emal\u0131<\/h2>\n<\/p>\n<p>\u015e\u0259xsi m\u0259lumatlar\u0131n\u0131z\u0131 yaln\u0131z ist\u0259kli raz\u0131l\u0131\u011f\u0131n\u0131zla toplay\u0131r\u0131q v\u0259 emal edirik. \u0130caz\u0259nizl\u0259 a\u015fa\u011f\u0131dak\u0131 m\u0259lumatlar\u0131 toplaya v\u0259 emal ed\u0259 bil\u0259rik: Sosial media hesab\u0131 haqq\u0131nda m\u0259lumat, yox. \u015e\u0259xsi m\u0259lumatlar\u0131n\u0131z\u0131n toplanmas\u0131 v\u0259 emal\u0131 Avropa Birliyi v\u0259 Ukraynan\u0131n qanunlar\u0131na uy\u011fun olaraq h\u0259yata ke\u00e7irilir.<\/p>\n<p><h2>M\u0259lumatlar\u0131n saxlanmas\u0131, d\u0259yi\u015fdirilm\u0259si v\u0259 \u00e7\u0131xar\u0131lmas\u0131<\/h2>\n<\/p>\n<p>Bayraq-d\u00fcnya t\u0259qdim ed\u0259n istifad\u0259\u00e7i.COM \/ \u015f\u0259xsi m\u0259lumatlar\u0131 il\u0259, onlar\u0131n d\u0259yi\u015fdirilm\u0259si v\u0259 \u00e7\u0131xar\u0131lmas\u0131, el\u0259c\u0259 d\u0259 m\u0259lumatlar\u0131n i\u015fl\u0259nm\u0259si \u00fc\u00e7\u00fcn m\u00fcqavil\u0259ni xat\u0131rlatmaq h\u00fcququna malikdir. \u015e\u0259xsi m\u0259lumatlar\u0131n\u0131z\u0131n saxlan\u0131laca\u011f\u0131 vaxt, veb sayt\u0131n \u0259sas f\u0259aliyy\u0259ti \u00fc\u00e7\u00fcn laz\u0131m olan \u015f\u0259xsi m\u0259lumatlar\u0131n istifad\u0259 edildiyi vaxtd\u0131r. \u015e\u0259xsi m\u0259lumatlar\u0131n\u0131z\u0131n i\u015fl\u0259nm\u0259si il\u0259 bitirdikd\u0259n sonra veb sayt\u0131n r\u0259hb\u0259rliyi onu daim sil\u0259 bil\u0259r. \u015e\u0259xsi m\u0259lumatlar\u0131n\u0131za daxil olmaq \u00fc\u00e7\u00fcn r\u0259hb\u0259rliy\u0259 m\u00fcraci\u0259t ed\u0259 bil\u0259rsiniz: bayraqlar.World1990 @ Gmail.com. M\u0259lumatlar\u0131n\u0131z\u0131 yaln\u0131z \u00fc\u00e7\u00fcnc\u00fc t\u0259r\u0259f\u0259 yaln\u0131z ist\u0259kli raz\u0131l\u0131\u011f\u0131n\u0131zla \u00f6t\u00fcr\u0259 bil\u0259c\u0259yik. M\u0259lumatlar t\u0259\u015fkilat\u0131m\u0131zla \u0259laq\u0259li olmayan \u00fc\u00e7\u00fcnc\u00fc t\u0259r\u0259f\u0259 verilmi\u015fdirs\u0259, bu m\u0259lumatlara he\u00e7 bir d\u0259yi\u015fiklik ed\u0259 bilm\u0259rik.<\/p>\n<p><h2>Ziyar\u0259t\u00e7i texniki m\u0259lumatlar\u0131n i\u015fl\u0259nm\u0259si<\/h2>\n<\/p>\n<p>IP adresinizin, ziyar\u0259t m\u00fcdd\u0259ti, brauzer parametrl\u0259ri, \u0259m\u0259liyyat sistemi v\u0259 dig\u0259r texniki m\u0259lumatlar\u0131n qeydl\u0259ri, bayraqlar &#8211; d\u00fcnyaya g\u0259l\u0259nd\u0259 veril\u0259nl\u0259r bazas\u0131nda saxlan\u0131l\u0131r.com \/. Bu m\u0259lumatlar veb sayt\u0131n m\u0259zmununun d\u00fczg\u00fcn g\u00f6r\u00fcnt\u00fcs\u00fc \u00fc\u00e7\u00fcn laz\u0131md\u0131r. Bu m\u0259lumatlardan istifad\u0259 ed\u0259r\u0259k ziyar\u0259t\u00e7inin \u015f\u0259xsini m\u00fc\u0259yy\u0259nl\u0259\u015fdirm\u0259k m\u00fcmk\u00fcn deyil.<\/p>\n<p><h2>U\u015faqlar\u0131n \u015f\u0259xsi m\u0259lumatlar\u0131<\/h2>\n<\/p>\n<p>Bir yetkinlik ya\u015f\u0131na \u00e7atmayan bir u\u015fa\u011f\u0131n valideyn v\u0259 ya qanuni bir q\u0259yyumunuz olsan\u0131z v\u0259 u\u015fa\u011f\u0131n \u015f\u0259xsi m\u0259lumatlar\u0131n\u0131 \u00f6z raz\u0131l\u0131\u011f\u0131n\u0131z olmadan t\u0259min etdiyini bilirsinizs\u0259, biz\u0259 m\u00fcraci\u0259t edin: bayraqlar biziml\u0259 \u0259laq\u0259 saxlay\u0131n.World1990 @ Gmail.com. Yetkinlik ya\u015f\u0131na \u00e7atmayanlar\u0131n \u015f\u0259xsi m\u0259lumatlar\u0131n\u0131 valideynl\u0259rin v\u0259 ya qanuni q\u0259yyumlar\u0131n raz\u0131l\u0131\u011f\u0131 olmadan daxil etm\u0259k qada\u011fand\u0131r.<\/p>\n<p><h2>Cookies emal\u0131<\/h2>\n<\/p>\n<p>Veb sayt\u0131n\u0131n m\u0259zmununun d\u00fczg\u00fcn g\u00f6r\u00fcnt\u00fcs\u00fc v\u0259 brauzmarkalara baxan d\u00fcnyan\u0131n rahatl\u0131\u011f\u0131 \u00fc\u00e7\u00fcn pe\u00e7enye fayllar\u0131ndan istifad\u0259 edirik.com \/. Cihaz\u0131n\u0131zda saxlanan ki\u00e7ik s\u0259n\u0259dl\u0259rdir. Veb sayt\u0131n veb sayt\u0131ndan istifad\u0259 etdiyinizi v\u0259 hans\u0131 s\u0259hif\u0259ni a\u00e7d\u0131\u011f\u0131n\u0131z kimi sizin haqq\u0131nda m\u0259lumat\u0131 xat\u0131rlama\u011fa k\u00f6m\u0259k edirl\u0259r. Bu m\u0259lumat n\u00f6vb\u0259ti ziyar\u0259td\u0259 faydal\u0131 olacaqd\u0131r. Cookie fayllar\u0131 say\u0259sind\u0259 veb sayt\u0131n g\u0259zintisi daha rahat oldu. Bu fayllar haqq\u0131nda daha \u00e7ox m\u0259lumat \u0259ld\u0259 ed\u0259 bil\u0259rsiniz. Cookie q\u0259bulu qura v\u0259 brauzerinizd\u0259 \u00f6z\u00fcn\u00fcz\u0259 mane ola bil\u0259rsiniz. Cookie fayllar\u0131n\u0131 ala bilm\u0259m\u0259yiniz veb sayt\u0131n funksionall\u0131\u011f\u0131n\u0131 m\u0259hdudla\u015fd\u0131ra bil\u0259r.<\/p>\n<p><h2>\u015e\u0259xsi m\u0259lumatlar\u0131n dig\u0259r xidm\u0259tl\u0259ri t\u0259r\u0259find\u0259n i\u015fl\u0259nm\u0259si<\/h2>\n<\/p>\n<p>Bu veb sayt, bizd\u0259n m\u00fcst\u0259qil m\u0259lumat toplamaq, m\u0259lumat toplamaq \u00fc\u00e7\u00fcn \u00fc\u00e7\u00fcnc\u00fc t\u0259r\u0259f xidm\u0259tl\u0259ri istifad\u0259 edir. Bu c\u00fcr xidm\u0259tl\u0259r\u0259 Google Analytics, Google AdSense daxildir.<\/p>\n<p>Bu xidm\u0259tl\u0259r t\u0259r\u0259find\u0259n toplanan m\u0259lumatlar h\u0259min t\u0259\u015fkilatlar\u0131n i\u00e7\u0259risind\u0259 dig\u0259r xidm\u0259tl\u0259r\u0259 veril\u0259 bil\u0259r. \u00d6z reklam \u015f\u0259b\u0259k\u0259sinin reklam f\u0259rdil\u0259\u015fdirilm\u0259si \u00fc\u00e7\u00fcn m\u0259lumatlardan istifad\u0259 ed\u0259 bil\u0259rl\u0259r. Bu t\u0259\u015fkilatlar\u0131n veb saytlar\u0131nda istifad\u0259\u00e7i m\u00fcqavil\u0259l\u0259ri haqq\u0131nda m\u0259lumat \u0259ld\u0259 ed\u0259 bil\u0259rsiniz. \u015e\u0259xsi m\u0259lumatlar\u0131n\u0131z\u0131n kolleksiyas\u0131ndan da imtina ed\u0259 bil\u0259rsiniz. M\u0259s\u0259l\u0259n, Google Analytics Opt-Out brauzer \u0259lav\u0259si burada tapa bil\u0259rsiniz. Bu m\u0259xfilik siyas\u0259tind\u0259 siyah\u0131ya al\u0131nmayan dig\u0259r t\u0259\u015fkilatlara v\u0259 ya xidm\u0259tl\u0259r\u0259 he\u00e7 bir \u015f\u0259xsi m\u0259lumat \u00f6t\u00fcrm\u00fcr\u00fck. \u0130stisna olaraq, toplanm\u0131\u015f m\u0259lumatlar d\u00f6vl\u0259t orqanlar\u0131n\u0131n qanuni t\u0259l\u0259bi il\u0259 bu c\u00fcr m\u0259lumatlar\u0131n t\u0259l\u0259b olunmas\u0131n\u0131 t\u0259l\u0259b ed\u0259 bil\u0259r.<\/p>\n<p><h2>Dig\u0259r veb saytlara ba\u011flant\u0131lar<\/h2>\n<\/p>\n<p>Veb sayt\u0131m\u0131z bayraqlar\u0131 &#8211; d\u00fcnyas\u0131.com \/ n\u0259zar\u0259timizd\u0259 olmayan dig\u0259r veb saytlara ba\u011flant\u0131lar ola bil\u0259r. Bu veb saytlar\u0131n m\u0259zmununa g\u00f6r\u0259 cavabdeh deyilik. Bel\u0259 bir siyas\u0259t varsa, ziyar\u0259t etdiyiniz h\u0259r veb sayt\u0131n m\u0259xfilik siyas\u0259ti il\u0259 tan\u0131\u015f olma\u011f\u0131 m\u0259sl\u0259h\u0259t g\u00f6r\u00fcr\u00fck.<\/p>\n<p><h2>M\u0259xfilik Siyas\u0259tin\u0259 d\u0259yi\u015fiklikl\u0259r<\/h2>\n<\/p>\n<p>Zaman-zaman veb sayt\u0131m\u0131z, bayraqlar-d\u00fcnya.com \/, m\u0259xfilik siyas\u0259timizi yenil\u0259y\u0259 bil\u0259r. Bu veb s\u0259hif\u0259d\u0259 yerl\u0259\u015fdiril\u0259n m\u0259xfilik siyas\u0259tind\u0259 h\u0259r hans\u0131 bir d\u0259yi\u015fiklik bar\u0259d\u0259 m\u0259lumat veririk. Avropa Birliyi v\u0259 Ukraynada f\u0259rdi m\u0259lumatlarla \u0259laq\u0259li qanunvericilikd\u0259 h\u0259r hans\u0131 bir d\u0259yi\u015fiklik izl\u0259yirik. Veb sayt\u0131m\u0131zda \u015f\u0259xsi m\u0259lumatlar\u0131n\u0131zdan birini daxil etmisinizs\u0259, M\u0259xfilik Siyas\u0259timizd\u0259ki d\u0259yi\u015fiklikl\u0259r bar\u0259d\u0259 siz\u0259 m\u0259lumat ver\u0259c\u0259yik. \u015e\u0259xsi m\u0259lumatlar\u0131n\u0131z v\u0259 daha d\u0259qiq, \u0259laq\u0259 m\u0259lumat\u0131n\u0131z s\u0259hv daxil olsayd\u0131, sizinl\u0259 \u0259laq\u0259 qura bilm\u0259y\u0259c\u0259yik.<\/p>\n<p><h2>\u018flaq\u0259 v\u0259 yekun b\u0259ndl\u0259r<\/h2>\n<\/p>\n<p>Bayraqlar-D\u00fcnya r\u0259hb\u0259rliyi il\u0259 \u0259laq\u0259 saxlaya bil\u0259rsiniz.COM \/ M\u0259xfilik Siyas\u0259ti il\u0259 \u0259laq\u0259li h\u0259r hans\u0131 bir sual\u0131n\u0131zla ba\u011fl\u0131: Bayraqlar.World1990 @ Gmail.com v\u0259 ya bu veb sayt\u0131n m\u00fcvafiq hiss\u0259sind\u0259 g\u00f6st\u0259ril\u0259n bir \u0259laq\u0259 formas\u0131n\u0131 doldurmaqla. Bu m\u0259xfilik siyas\u0259ti il\u0259 raz\u0131la\u015fmasan\u0131z, bayraqlar-d\u00fcnyan\u0131n xidm\u0259tl\u0259rind\u0259n istifad\u0259 ed\u0259 bilm\u0259zsiniz.com \/. Bu v\u0259ziyy\u0259td\u0259 veb sayt\u0131m\u0131z\u0131 ziyar\u0259t etm\u0259kd\u0259n \u00e7\u0259kinm\u0259lisiniz.<\/p>\n","protected":false},"excerpt":{"rendered":"<p>Bayraqlar.COM \/ veb sayt r\u0259hb\u0259rliyi internetd\u0259 m\u0259xfiliyinizi qoruma\u011fa borcludur. Biz\u0259 verdiyiniz m\u0259lumatlar\u0131 t\u0259min etm\u0259k \u00fc\u00e7\u00fcn \u00e7ox diqq\u0259t yetiririk. M\u0259xfilik siyas\u0259timiz Avropa Birliyinin \u00dcmumi M\u0259lumat Qoruma Qaydalar\u0131na (GDPR) \u0259saslan\u0131r.\u00a0\u015e\u0259xsi&#8230;<\/p>\n","protected":false},"author":1,"featured_media":0,"parent":0,"menu_order":0,"comment_status":"closed","ping_status":"closed","template":"","meta":{"footnotes":""},"class_list":["post-2981","page","type-page","status-publish",""],"aioseo_notices":[],"_links":{"self":[{"href":"https:\/\/flags-world.com\/az\/wp-json\/wp\/v2\/pages\/2981","targetHints":{"allow":["GET"]}}],"collection":[{"href":"https:\/\/flags-world.com\/az\/wp-json\/wp\/v2\/pages"}],"about":[{"href":"https:\/\/flags-world.com\/az\/wp-json\/wp\/v2\/types\/page"}],"author":[{"embeddable":true,"href":"https:\/\/flags-world.com\/az\/wp-json\/wp\/v2\/users\/1"}],"replies":[{"embeddable":true,"href":"https:\/\/flags-world.com\/az\/wp-json\/wp\/v2\/comments?post=2981"}],"version-history":[{"count":0,"href":"https:\/\/flags-world.com\/az\/wp-json\/wp\/v2\/pages\/2981\/revisions"}],"wp:attachment":[{"href":"https:\/\/flags-world.com\/az\/wp-json\/wp\/v2\/media?parent=2981"}],"curies":[{"name":"wp","href":"https:\/\/api.w.org\/{rel}","templated":true}]}}