{"id":2949,"date":"2021-01-26T12:36:07","date_gmt":"2021-01-26T09:36:07","guid":{"rendered":"https:\/\/flags-world.com\/az\/rabit-ucun-laq\/"},"modified":"2021-01-26T12:36:07","modified_gmt":"2021-01-26T09:36:07","slug":"rabit-ucun-laq","status":"publish","type":"page","link":"https:\/\/flags-world.com\/az\/rabit-ucun-laq\/","title":{"rendered":"Rabit\u0259 \u00fc\u00e7\u00fcn \u0259laq\u0259"},"content":{"rendered":"<p>[\u018flaq\u0259-Form-7 ID = &#8220;9&#8221; ba\u015fl\u0131\u011f\u0131 = &#8220;\u018flaq\u0259 formas\u0131 1&#8221;]<\/p>\n","protected":false},"excerpt":{"rendered":"<p>[\u018flaq\u0259-Form-7 ID = &#8220;9&#8221; ba\u015fl\u0131\u011f\u0131 = &#8220;\u018flaq\u0259 formas\u0131 1&#8221;]<\/p>\n","protected":false},"author":1,"featured_media":0,"parent":0,"menu_order":0,"comment_status":"closed","ping_status":"closed","template":"","meta":{"footnotes":""},"class_list":["post-2949","page","type-page","status-publish",""],"aioseo_notices":[],"_links":{"self":[{"href":"https:\/\/flags-world.com\/az\/wp-json\/wp\/v2\/pages\/2949","targetHints":{"allow":["GET"]}}],"collection":[{"href":"https:\/\/flags-world.com\/az\/wp-json\/wp\/v2\/pages"}],"about":[{"href":"https:\/\/flags-world.com\/az\/wp-json\/wp\/v2\/types\/page"}],"author":[{"embeddable":true,"href":"https:\/\/flags-world.com\/az\/wp-json\/wp\/v2\/users\/1"}],"replies":[{"embeddable":true,"href":"https:\/\/flags-world.com\/az\/wp-json\/wp\/v2\/comments?post=2949"}],"version-history":[{"count":0,"href":"https:\/\/flags-world.com\/az\/wp-json\/wp\/v2\/pages\/2949\/revisions"}],"wp:attachment":[{"href":"https:\/\/flags-world.com\/az\/wp-json\/wp\/v2\/media?parent=2949"}],"curies":[{"name":"wp","href":"https:\/\/api.w.org\/{rel}","templated":true}]}}