{"id":2946,"date":"2021-01-26T12:32:17","date_gmt":"2021-01-26T09:32:17","guid":{"rendered":"https:\/\/flags-world.com\/az\/sayt-haqqnda\/"},"modified":"2021-01-26T12:32:17","modified_gmt":"2021-01-26T09:32:17","slug":"sayt-haqqnda","status":"publish","type":"page","link":"https:\/\/flags-world.com\/az\/sayt-haqqnda\/","title":{"rendered":"Sayt haqq\u0131nda"},"content":{"rendered":"<p>Sayt &#8220;Bayraqlar-d\u00fcnya.com &#8220;m\u00fcxt\u0259lif \u00f6lk\u0259l\u0259rin bayraqlar\u0131n\u0131 sev\u0259nl\u0259r \u00fc\u00e7\u00fcn yarad\u0131lm\u0131\u015fd\u0131r. Planlar d\u00fcnyan\u0131n b\u00fct\u00fcn \u015f\u0259h\u0259r v\u0259 d\u00f6vl\u0259tl\u0259rin b\u00fct\u00fcn xalqlar\u0131 v\u0259 bayraqlar\u0131n\u0131n silahlar\u0131n\u0131 \u0259lav\u0259 etm\u0259kdir.<\/p>\n<p>Sayt\u0131n \u0259sas v\u0259zif\u0259si sayt ziyar\u0259t\u00e7il\u0259ri \u00fc\u00e7\u00fcn faydal\u0131 olmal\u0131d\u0131r. Bu sayt oxuculara maraql\u0131d\u0131rsa, sayt daha s\u00fcr\u0259tli inki\u015faf ed\u0259c\u0259kdir.<\/p>\n<p>Sayt\u0131 yax\u015f\u0131la\u015fd\u0131rmaq \u00fc\u00e7\u00fcn h\u0259r hans\u0131 bir t\u0259klifiniz varsa, \u0259laq\u0259 s\u0259hif\u0259sind\u0259ki formaya yaz\u0131n<\/p>\n","protected":false},"excerpt":{"rendered":"<p>Sayt &#8220;Bayraqlar-d\u00fcnya.com &#8220;m\u00fcxt\u0259lif \u00f6lk\u0259l\u0259rin bayraqlar\u0131n\u0131 sev\u0259nl\u0259r \u00fc\u00e7\u00fcn yarad\u0131lm\u0131\u015fd\u0131r. Planlar d\u00fcnyan\u0131n b\u00fct\u00fcn \u015f\u0259h\u0259r v\u0259 d\u00f6vl\u0259tl\u0259rin b\u00fct\u00fcn xalqlar\u0131 v\u0259 bayraqlar\u0131n\u0131n silahlar\u0131n\u0131 \u0259lav\u0259 etm\u0259kdir. Sayt\u0131n \u0259sas v\u0259zif\u0259si sayt ziyar\u0259t\u00e7il\u0259ri \u00fc\u00e7\u00fcn faydal\u0131&#8230;<\/p>\n","protected":false},"author":1,"featured_media":0,"parent":0,"menu_order":0,"comment_status":"closed","ping_status":"closed","template":"","meta":{"footnotes":""},"class_list":["post-2946","page","type-page","status-publish",""],"aioseo_notices":[],"_links":{"self":[{"href":"https:\/\/flags-world.com\/az\/wp-json\/wp\/v2\/pages\/2946","targetHints":{"allow":["GET"]}}],"collection":[{"href":"https:\/\/flags-world.com\/az\/wp-json\/wp\/v2\/pages"}],"about":[{"href":"https:\/\/flags-world.com\/az\/wp-json\/wp\/v2\/types\/page"}],"author":[{"embeddable":true,"href":"https:\/\/flags-world.com\/az\/wp-json\/wp\/v2\/users\/1"}],"replies":[{"embeddable":true,"href":"https:\/\/flags-world.com\/az\/wp-json\/wp\/v2\/comments?post=2946"}],"version-history":[{"count":0,"href":"https:\/\/flags-world.com\/az\/wp-json\/wp\/v2\/pages\/2946\/revisions"}],"wp:attachment":[{"href":"https:\/\/flags-world.com\/az\/wp-json\/wp\/v2\/media?parent=2946"}],"curies":[{"name":"wp","href":"https:\/\/api.w.org\/{rel}","templated":true}]}}