{"id":1887,"date":"2021-01-16T12:07:33","date_gmt":"2021-01-16T09:07:33","guid":{"rendered":"https:\/\/flags-world.com\/az\/antarktida-bayra\/"},"modified":"2021-01-16T12:07:33","modified_gmt":"2021-01-16T09:07:33","slug":"antarktida-bayra","status":"publish","type":"page","link":"https:\/\/flags-world.com\/az\/antarktida-bayra\/","title":{"rendered":"Antarktida bayra\u011f\u0131"},"content":{"rendered":"<p style=\"text-align: justify\">Antarktida bayra\u011f\u0131n\u0131n, \u015f\u0259xsi t\u0259\u015f\u0259bb\u00fcsd\u0259, Vexiollogistl\u0259r t\u0259r\u0259find\u0259n apar\u0131lm\u0131\u015fd\u0131r (bayraqlar\u0131n m\u0259n\u015f\u0259yinin tarixini \u00f6yr\u0259n\u0259n insanlar &#8211; elmin alt hiss\u0259si). \u0130nki\u015faf o q\u0259d\u0259r u\u011furlu oldu ki, m\u00fc\u0259lliflikd\u0259n imtina etm\u0259k q\u0259rar\u0131na g\u0259ldil\u0259r &#8211; onlar\u0131 inki\u015faf etdirm\u0259k \u00fc\u00e7\u00fcn m\u00fc\u0259llif v\u0259 ya m\u00fc\u0259llif h\u00fcquqlar\u0131 sahibinin h\u00fcquqlar\u0131 yoxdur.<\/p>\n<p><span itemprop=\"image\" itemscope itemtype=\"https:\/\/schema.org\/ImageObject\"><img itemprop=\"url image\" loading=\"lazy\" decoding=\"async\" class=\"alignnone size-full wp-image-4816\" src=\"\/wp-content\/uploads\/2021\/01\/antarctica-flag_1.png\" width=\"400\" height=\"266\" alt=\"Antarktida-\u0131n bayra\u011f\u0131\" \/><meta itemprop=\"width\" content=\"400\"><meta itemprop=\"height\" content=\"266\"><\/span><\/p>\n<h2 style=\"text-align: justify\">Bayraq tarixi<\/h2>\n<p style=\"text-align: justify\">Antarktida, Yer k\u00fcr\u0259sinin c\u0259nubunda yerl\u0259\u015f\u0259n materikdir. \u018fslind\u0259, Antarktida bir h\u00f6kum\u0259t deyil v\u0259 he\u00e7 vaxt s\u0259rb\u0259st g\u00fcc, valyuta, \u00fcnsiyy\u0259tin dili statusu olmay\u0131b, lakin 2002-ci ild\u0259 Antarktida sazi\u015fi d\u0259rn\u0259yi, materikd\u0259n r\u0259smi bir bayraq t\u0259yin edildi.<\/p>\n<p style=\"text-align: justify\">Bayra\u011f\u0131n bazas\u0131 Antarktidan\u0131n \u0259sas f\u0259rql\u0259ndirici x\u00fcsusiyy\u0259tin\u0259 \u0259saslan\u0131r &#8211; neytrall\u0131q v\u0259 h\u0259r hans\u0131 bir \u00f6lk\u0259y\u0259 m\u0259xsus general. Qanunvericilikl\u0259, BMT-nin cavab\u0131na \u0259saslanaraq, Antarktida, h\u0259r k\u0259sin d\u00f6vl\u0259t sah\u0259sinin bir hiss\u0259si kimi tan\u0131nm\u0131r. Bayn T\u0259\u015fkilat\u0131n\u0131n bayra\u011f\u0131n\u0131n b\u0259nz\u0259rind\u0259 bayraq yarad\u0131l\u0131r &#8211; ox\u015far simvolizm\u0259 malikdir.<\/p>\n<p style=\"text-align: justify\">Bayra\u011f\u0131n \u0259sas simvolizmi, Antarktidaya v\u0259 Antarktida il\u0259 \u0259laq\u0259dar olaraq ikinci \u00f6lk\u0259l\u0259r\u0259 m\u00fcnasib\u0259td\u0259 neytrall\u0131qd\u0131r.<\/p>\n<p style=\"text-align: justify\">Qit\u0259 \u00fcz\u0259rind\u0259 ilk d\u0259f\u0259 olaraq bayraq 2002-ci ild\u0259 &#8220;R\u0259van&#8221; m\u0259\u015fhur n\u0259\u015frinin redaktoru t\u0259r\u0259find\u0259n qald\u0131r\u0131ld\u0131. Eyni zamanda, qit\u0259d\u0259 yerl\u0259\u015f\u0259n elmi \u0259saslar h\u0259mr\u0259ylik r\u0259mzind\u0259 bayraq qald\u0131rd\u0131.<\/p>\n<h2 style=\"text-align: justify\">F\u0259nlik<\/h2>\n<p style=\"text-align: justify\">Bayraq, b\u0259rab\u0259r bir i\u015far\u0259 fonunda bir qit\u0259nin a\u011f konturuna b\u0259nz\u0259yir &#8211; mavi. R\u0259smi v\u0259 qanunvericilik t\u0259sdiq edilmi\u015f x\u0259tt, nisb\u0259tl\u0259r v\u0259 ya t\u0259svir, qeyri-r\u0259smi olmas\u0131 s\u0259b\u0259bind\u0259n m\u00f6vcud deyil.<\/p>\n<h2 style=\"text-align: justify\">Bayra\u011f\u0131n r\u0259ngl\u0259ri n\u0259 dem\u0259kdir?<\/h2>\n<ul style=\"text-align: justify\">\n<li>A\u011f &#8211; qit\u0259nin konturunu g\u00f6st\u0259rin. D\u00fczg\u00fcn bir d\u0259y\u0259r yoxdur. B\u0259lk\u0259 bayra\u011f\u0131n yarad\u0131c\u0131s\u0131 qit\u0259nin soyuqlu\u011funu \u00e7atd\u0131rmaq ist\u0259di, bir d\u0259f\u0259 Antarktidada bir d\u0259f\u0259 a\u011f qarla bir d\u0259rn\u0259y\u0259 yol a\u00e7\u0131r (temperaturun g\u00f6st\u0259ricil\u0259rind\u0259 0-dan yuxar\u0131 qalxm\u0131r).<\/li>\n<li>Mavi &#8211; neytrall\u0131q, qar\u015f\u0131l\u0131ql\u0131 h\u00f6rm\u0259t v\u0259 b\u0259rab\u0259rlik \u0259lam\u0259ti. Bu r\u0259ng, irqi, dini, etnik, dil v\u0259 ya 2-ci m\u0259nf\u0259\u0259td\u0259n as\u0131l\u0131 olmayaraq, ham\u0131 \u00fc\u00e7\u00fcn biri olan g\u00f6yl\u0259 \u0259laq\u0259l\u0259ndirilir.<\/li>\n<\/ul>\n<h2 style=\"text-align: justify\">Antarktida-\u0131n dig\u0259r versiyalar\u0131<\/h2>\n<p><span itemprop=\"image\" itemscope itemtype=\"https:\/\/schema.org\/ImageObject\"><img itemprop=\"url image\" loading=\"lazy\" decoding=\"async\" class=\"alignnone  wp-image-4818\" src=\"\/wp-content\/uploads\/2021\/01\/antarctica-flag_3.png\" alt=\"Antarktida-\u0131n bayra\u011f\u0131\" width=\"300\" height=\"200\" \/><meta itemprop=\"width\" content=\"300\"><meta itemprop=\"height\" content=\"200\"><\/span><\/p>\n<p style=\"text-align: justify\">Antarktida sazi\u015fi bayra\u011f\u0131<\/p>\n<p><span itemprop=\"image\" itemscope itemtype=\"https:\/\/schema.org\/ImageObject\"><img itemprop=\"url image\" loading=\"lazy\" decoding=\"async\" class=\"alignnone  wp-image-4819\" src=\"\/wp-content\/uploads\/2021\/01\/antarctica-flag_2.png\" alt=\"Antarktida-\u0131n bayra\u011f\u0131\" width=\"300\" height=\"200\" \/><meta itemprop=\"width\" content=\"300\"><meta itemprop=\"height\" content=\"200\"><\/span><\/p>\n<p style=\"text-align: justify\">Antarktida bayra\u011f\u0131 &#8211; Whitney Smith t\u0259r\u0259find\u0259n r\u0259sm<\/p>\n<h2 style=\"text-align: justify\">Antarktida haqq\u0131nda x\u00fcsusi m\u0259lumat<\/h2>\n<table>\n<tbody>\n<tr style=\"text-align: justify\">\n<td>R\u0259smi dil<\/td>\n<td>yox<\/td>\n<\/tr>\n<tr style=\"text-align: justify\">\n<td>Kapital<\/td>\n<td>Qeyri-r\u0259smi kapital mcmurdo stansiyas\u0131d\u0131r<\/td>\n<\/tr>\n<tr style=\"text-align: justify\">\n<td>\u018frazi<\/td>\n<td>14,107,000 km2<\/td>\n<\/tr>\n<tr style=\"text-align: justify\">\n<td>\u018fhali<\/td>\n<td>1000-4000 n\u0259f\u0259r (q\u00fctb stansiyalar\u0131n\u0131n i\u015f\u00e7il\u0259ri)<\/td>\n<\/tr>\n<tr style=\"text-align: justify\">\n<td>Valyuta<\/td>\n<td>yox<\/td>\n<\/tr>\n<tr>\n<td style=\"text-align: justify\">Telefon kodu<\/td>\n<td style=\"text-align: justify\">+672<\/td>\n<\/tr>\n<\/tbody>\n<\/table>\n","protected":false},"excerpt":{"rendered":"<p>Antarktida bayra\u011f\u0131n\u0131n, \u015f\u0259xsi t\u0259\u015f\u0259bb\u00fcsd\u0259, Vexiollogistl\u0259r t\u0259r\u0259find\u0259n apar\u0131lm\u0131\u015fd\u0131r (bayraqlar\u0131n m\u0259n\u015f\u0259yinin tarixini \u00f6yr\u0259n\u0259n insanlar &#8211; elmin alt hiss\u0259si). \u0130nki\u015faf o q\u0259d\u0259r u\u011furlu oldu ki, m\u00fc\u0259lliflikd\u0259n imtina etm\u0259k q\u0259rar\u0131na g\u0259ldil\u0259r &#8211;&#8230;<\/p>\n","protected":false},"author":1,"featured_media":5324,"parent":0,"menu_order":0,"comment_status":"closed","ping_status":"closed","template":"","meta":{"footnotes":""},"class_list":["post-1887","page","type-page","status-publish","has-post-thumbnail",""],"aioseo_notices":[],"_links":{"self":[{"href":"https:\/\/flags-world.com\/az\/wp-json\/wp\/v2\/pages\/1887","targetHints":{"allow":["GET"]}}],"collection":[{"href":"https:\/\/flags-world.com\/az\/wp-json\/wp\/v2\/pages"}],"about":[{"href":"https:\/\/flags-world.com\/az\/wp-json\/wp\/v2\/types\/page"}],"author":[{"embeddable":true,"href":"https:\/\/flags-world.com\/az\/wp-json\/wp\/v2\/users\/1"}],"replies":[{"embeddable":true,"href":"https:\/\/flags-world.com\/az\/wp-json\/wp\/v2\/comments?post=1887"}],"version-history":[{"count":0,"href":"https:\/\/flags-world.com\/az\/wp-json\/wp\/v2\/pages\/1887\/revisions"}],"wp:featuredmedia":[{"embeddable":true,"href":"https:\/\/flags-world.com\/az\/wp-json\/wp\/v2\/media\/5324"}],"wp:attachment":[{"href":"https:\/\/flags-world.com\/az\/wp-json\/wp\/v2\/media?parent=1887"}],"curies":[{"name":"wp","href":"https:\/\/api.w.org\/{rel}","templated":true}]}}