{"id":2981,"date":"2021-02-05T16:46:43","date_gmt":"2021-02-05T13:46:43","guid":{"rendered":"https:\/\/flags-world.com\/al\/politika-e-privatesise\/"},"modified":"2021-02-05T16:46:43","modified_gmt":"2021-02-05T13:46:43","slug":"politika-e-privatesise","status":"publish","type":"page","link":"https:\/\/flags-world.com\/al\/politika-e-privatesise\/","title":{"rendered":"Politika e privat\u00ebsis\u00eb"},"content":{"rendered":"<p>bota.Administrata COM\/ Uebfaqe \u00ebsht\u00eb e detyruar t\u00eb ruaj\u00eb privat\u00ebsin\u00eb tuaj n\u00eb internet. Ne i kushtojm\u00eb v\u00ebmendje t\u00eb madhe sigurimit t\u00eb t\u00eb dh\u00ebnave q\u00eb na keni dh\u00ebn\u00eb. Politika jon\u00eb e privat\u00ebsis\u00eb bazohet n\u00eb Rregulloren e P\u00ebrgjithshme t\u00eb Mbrojtjes s\u00eb t\u00eb Dh\u00ebnave (GDPR) t\u00eb Bashkimit Evropian.\u00a0Q\u00ebllimet, p\u00ebr t\u00eb cilat ne mbledhim t\u00eb dh\u00ebnat tuaja personale jan\u00eb p\u00ebrmir\u00ebsimi i sh\u00ebrbimit ton\u00eb, komunikimi me vizitor\u00ebt n\u00eb k\u00ebt\u00eb sit, p\u00ebrpunimi i t\u00eb dh\u00ebnave t\u00eb p\u00ebrdoruesve p\u00ebr q\u00ebllimin e shitjeve n\u00eb internet, jo, dhe p\u00ebr veprimet e tjera t\u00eb listuara m\u00eb posht\u00eb.<\/p>\n<p><h2>Ruajtja dhe p\u00ebrpunimi i t\u00eb dh\u00ebnave personale<\/h2>\n<\/p>\n<p>Ne mbledhim dhe p\u00ebrpunojm\u00eb t\u00eb dh\u00ebnat tuaja personale vet\u00ebm me p\u00eblqimin tuaj t\u00eb gatsh\u00ebm. Me lejen tuaj, ne mund t\u00eb mbledhim dhe p\u00ebrpunojm\u00eb t\u00eb dh\u00ebnat e m\u00ebposhtme: Informacioni i llogaris\u00eb s\u00eb mediave sociale, jo. Mbledhja dhe p\u00ebrpunimi i informacionit tuaj personal kryhen n\u00eb p\u00ebrputhje me ligjet e Bashkimit Evropian dhe Ukrain\u00ebs.<\/p>\n<p><h2>Ruajtja, ndryshimi dhe heqja e t\u00eb dh\u00ebnave<\/h2>\n<\/p>\n<p>P\u00ebrdoruesi, i cili ka siguruar flamuj-bot\u00eb.com\/ me t\u00eb dh\u00ebnat e tyre personale, ka t\u00eb drejt\u00eb p\u00ebr ndryshimin dhe heqjen e tyre, si dhe t\u00eb drejt\u00ebn p\u00ebr t\u00eb kujtuar marr\u00ebveshjen p\u00ebr p\u00ebrpunimin e t\u00eb dh\u00ebnave. Koha, gjat\u00eb s\u00eb cil\u00ebs do t\u00eb ruhen t\u00eb dh\u00ebnat tuaja personale, \u00ebsht\u00eb koha kur p\u00ebrdoren t\u00eb dh\u00ebnat personale q\u00eb jan\u00eb t\u00eb nevojshme p\u00ebr aktivitetin kryesor t\u00eb faqes n\u00eb internet. Pasi t\u00eb keni p\u00ebrfunduar me p\u00ebrpunimin e t\u00eb dh\u00ebnave tuaja personale, administrata e faqes n\u00eb internet do ta fshij\u00eb p\u00ebrgjithmon\u00eb at\u00eb. P\u00ebr t\u00eb hyr\u00eb n\u00eb t\u00eb dh\u00ebnat tuaja personale, mund t\u00eb kontaktoni administrat\u00ebn n\u00eb: flamuj.bota1990@gmail.com. Ne do t\u00eb jemi n\u00eb gjendje t&#8217;i kalojm\u00eb t\u00eb dh\u00ebnat tuaja tek nj\u00eb pal\u00eb e tret\u00eb vet\u00ebm me p\u00eblqimin tuaj t\u00eb gatsh\u00ebm. N\u00ebse t\u00eb dh\u00ebnat jan\u00eb transferuar n\u00eb nj\u00eb pal\u00eb t\u00eb tret\u00eb, e cila nuk shoq\u00ebrohet me organizat\u00ebn ton\u00eb, ne nuk mund t\u00eb b\u00ebjm\u00eb ndonj\u00eb ndryshim n\u00eb ato t\u00eb dh\u00ebna.<\/p>\n<p><h2>P\u00ebrpunimi i vizit\u00ebs s\u00eb t\u00eb dh\u00ebnave teknike<\/h2>\n<\/p>\n<p>Regjistrimet e adres\u00ebs tuaj IP, koh\u00ebn e vizit\u00ebs, cil\u00ebsimet e shfletuesit, sistemin operativ dhe informacionin e tjer\u00eb teknik\u00eb ruhen n\u00eb baz\u00ebn e t\u00eb dh\u00ebnave kur vizitoni flamurin-bot\u00eb.com\/. K\u00ebto t\u00eb dh\u00ebna jan\u00eb t\u00eb nevojshme p\u00ebr shfaqjen e sakt\u00eb t\u00eb p\u00ebrmbajtjes s\u00eb faqes n\u00eb internet. \u00cbsht\u00eb e pamundur t\u00eb identifikohet personi i vizitorit duke p\u00ebrdorur k\u00ebto t\u00eb dh\u00ebna.<\/p>\n<p><h2>Informacioni personal i f\u00ebmij\u00ebve<\/h2>\n<\/p>\n<p>N\u00ebse jeni prind ose kujdestar ligjor i nj\u00eb f\u00ebmije t\u00eb mitur, dhe ju e dini q\u00eb f\u00ebmija na ka dh\u00ebn\u00eb informacionin e tyre personal pa p\u00eblqimin tuaj, ju lutemi na kontaktoni n\u00eb: Flamujt.bota1990@gmail.com. \u00cbsht\u00eb e ndaluar t\u00eb hyni n\u00eb t\u00eb dh\u00ebnat personale t\u00eb p\u00ebrdoruesve t\u00eb mitur pa marr\u00ebveshjen e prind\u00ebrve ose kujdestar\u00ebve t\u00eb ligjsh\u00ebm.<\/p>\n<p><h2>P\u00ebrpunimi i cookies<\/h2>\n<\/p>\n<p>Ne p\u00ebrdorim skedar\u00eb cookie p\u00ebr shfaqjen e sakt\u00eb t\u00eb p\u00ebrmbajtjes s\u00eb faqes n\u00eb internet dhe p\u00ebr leht\u00ebsin\u00eb e shfletimit t\u00eb flamujve-bot\u00ebs.com\/. Ato jan\u00eb skedar\u00eb t\u00eb vegj\u00ebl, q\u00eb ruhen n\u00eb pajisjen tuaj. Ato ndihmojn\u00eb faqen e internetit p\u00ebr t\u00eb kujtuar informacione p\u00ebr ju, t\u00eb tilla si n\u00eb cil\u00ebn gjuh\u00eb p\u00ebrdorni faqen e internetit dhe cilat faqe keni hapur tashm\u00eb. Ky informacion do t\u00eb jet\u00eb i dobish\u00ebm n\u00eb vizit\u00ebn tjet\u00ebr. Fal\u00eb skedar\u00ebve t\u00eb cookie -ve, shfletimi i faqes n\u00eb internet \u00ebsht\u00eb b\u00ebr\u00eb shum\u00eb m\u00eb i p\u00ebrshtatsh\u00ebm. Ju mund t\u00eb m\u00ebsoni m\u00eb shum\u00eb rreth k\u00ebtyre skedar\u00ebve k\u00ebtu. Ju mund t\u00eb vendosni pritjen dhe bllokimin e cookies n\u00eb shfletuesin tuaj vet\u00eb. Pamund\u00ebsia p\u00ebr t\u00eb marr\u00eb skedar\u00eb cookie mund t\u00eb kufizoj\u00eb funksionalitetin e faqes n\u00eb internet.<\/p>\n<p><h2>P\u00ebrpunimi i t\u00eb dh\u00ebnave personale nga sh\u00ebrbime t\u00eb tjera<\/h2>\n<\/p>\n<p>Kjo faqe n\u00eb internet p\u00ebrdor sh\u00ebrbime n\u00eb internet t\u00eb pal\u00ebve t\u00eb treta, t\u00eb cilat kryejn\u00eb mbledhjen e t\u00eb dh\u00ebnave, t\u00eb pavarura nga ne. Sh\u00ebrbime t\u00eb tilla p\u00ebrfshijn\u00eb Google Analytics, Google AdSense.<\/p>\n<p>T\u00eb dh\u00ebnat e mbledhura nga k\u00ebto sh\u00ebrbime mund t&#8217;u ofrohen sh\u00ebrbimeve t\u00eb tjera brenda atyre organizatave. Ata mund t\u00eb p\u00ebrdorin t\u00eb dh\u00ebnat p\u00ebr reklamimin e personalizimit t\u00eb rrjetit t\u00eb tyre t\u00eb reklamave. Ju mund t\u00eb m\u00ebsoni p\u00ebr marr\u00ebveshjet e p\u00ebrdoruesve t\u00eb atyre organizatave n\u00eb faqet e tyre t\u00eb internetit. Ju gjithashtu mund t\u00eb refuzoni mbledhjen e tyre t\u00eb t\u00eb dh\u00ebnave tuaja personale. P\u00ebr shembull, Shtesa e shfletuesit t\u00eb zgjedhjes s\u00eb Google Analytics mund t\u00eb gjendet k\u00ebtu. Ne nuk ua kalojm\u00eb t\u00eb dh\u00ebna personale organizatave ose sh\u00ebrbimeve t\u00eb tjera, t\u00eb cilat nuk jan\u00eb t\u00eb listuara n\u00eb k\u00ebt\u00eb Politik\u00eb t\u00eb Privat\u00ebsis\u00eb. Si p\u00ebrjashtim, t\u00eb dh\u00ebnat e mbledhura mund t\u00eb sigurohen me nj\u00eb k\u00ebrkes\u00eb t\u00eb ligjshme t\u00eb autoriteteve shtet\u00ebrore, q\u00eb jan\u00eb t\u00eb autorizuar t\u00eb k\u00ebrkojn\u00eb nj\u00eb informacion t\u00eb till\u00eb.<\/p>\n<p><h2>Lidhje me faqet e internetit t\u00eb tjera<\/h2>\n<\/p>\n<p>Uebfaqja jon\u00eb Flamuj-Bota.com\/ mund t\u00eb p\u00ebrmbaj\u00eb lidhje me faqet e internetit t\u00eb tjera, t\u00eb cilat nuk jan\u00eb n\u00ebn kontrollin ton\u00eb. Ne nuk jemi p\u00ebrgjegj\u00ebs p\u00ebr p\u00ebrmbajtjen e k\u00ebtyre faqeve t\u00eb internetit. Ne ju rekomandojm\u00eb t\u00eb njiheni me politik\u00ebn e privat\u00ebsis\u00eb s\u00eb \u00e7do faqe n\u00eb internet q\u00eb vizitoni n\u00ebse ekziston nj\u00eb politik\u00eb e till\u00eb.<\/p>\n<p><h2>Ndryshimet n\u00eb politik\u00ebn e privat\u00ebsis\u00eb<\/h2>\n<\/p>\n<p>Her\u00eb pas here, faqja jon\u00eb e internetit, Flamujt-World.com\/, mund t\u00eb azhurnoj\u00eb politik\u00ebn ton\u00eb t\u00eb privat\u00ebsis\u00eb. Ne informojm\u00eb p\u00ebr \u00e7do ndryshim n\u00eb politik\u00ebn e privat\u00ebsis\u00eb, t\u00eb vendosur n\u00eb k\u00ebt\u00eb faqe n\u00eb internet. Ne po monitorojm\u00eb \u00e7do ndryshim n\u00eb legjislacion, i cili ka t\u00eb b\u00ebj\u00eb me t\u00eb dh\u00ebnat personale n\u00eb Bashkimin Evropian dhe Ukrain\u00ebn. N\u00ebse keni hyr\u00eb n\u00eb ndonj\u00eb nga t\u00eb dh\u00ebnat tuaja personale n\u00eb faqen ton\u00eb t\u00eb internetit, ne do t&#8217;ju informojm\u00eb p\u00ebr ndryshimet n\u00eb politik\u00ebn ton\u00eb t\u00eb privat\u00ebsis\u00eb. N\u00ebse t\u00eb dh\u00ebnat tuaja personale, dhe m\u00eb sakt\u00ebsisht, informacioni juaj i kontaktit \u00ebsht\u00eb futur n\u00eb m\u00ebnyr\u00eb t\u00eb gabuar, ne nuk do t\u00eb jemi n\u00eb gjendje t&#8217;ju kontaktojm\u00eb.<\/p>\n<p><h2>Reagime dhe klauzola p\u00ebrfundimtare<\/h2>\n<\/p>\n<p>Ju mund t\u00eb kontaktoni administrimin e flamujve-bot\u00ebs.com\/ n\u00eb lidhje me \u00e7do pyetje q\u00eb lidhet me politik\u00ebn e privat\u00ebsis\u00eb n\u00eb: flamuj.bota1990@gmail.com, ose duke mbushur nj\u00eb formular kontakti t\u00eb specifikuar n\u00eb nj\u00eb seksion p\u00ebrkat\u00ebs t\u00eb k\u00ebsaj faqe n\u00eb internet. N\u00ebse nuk jeni dakord me k\u00ebt\u00eb Politik\u00eb t\u00eb Privat\u00ebsis\u00eb, nuk mund t\u00eb p\u00ebrdorni sh\u00ebrbimet e flamujve-Bota.com\/. N\u00eb k\u00ebt\u00eb rast, ju duhet t\u00eb shmangni vizit\u00ebn n\u00eb faqen ton\u00eb t\u00eb internetit.<\/p>\n","protected":false},"excerpt":{"rendered":"<p>bota.Administrata COM\/ Uebfaqe \u00ebsht\u00eb e detyruar t\u00eb ruaj\u00eb privat\u00ebsin\u00eb tuaj n\u00eb internet. Ne i kushtojm\u00eb v\u00ebmendje t\u00eb madhe sigurimit t\u00eb t\u00eb dh\u00ebnave q\u00eb na keni dh\u00ebn\u00eb. Politika jon\u00eb&#8230;<\/p>\n","protected":false},"author":1,"featured_media":0,"parent":0,"menu_order":0,"comment_status":"closed","ping_status":"closed","template":"","meta":{"footnotes":""},"class_list":["post-2981","page","type-page","status-publish",""],"aioseo_notices":[],"_links":{"self":[{"href":"https:\/\/flags-world.com\/al\/wp-json\/wp\/v2\/pages\/2981","targetHints":{"allow":["GET"]}}],"collection":[{"href":"https:\/\/flags-world.com\/al\/wp-json\/wp\/v2\/pages"}],"about":[{"href":"https:\/\/flags-world.com\/al\/wp-json\/wp\/v2\/types\/page"}],"author":[{"embeddable":true,"href":"https:\/\/flags-world.com\/al\/wp-json\/wp\/v2\/users\/1"}],"replies":[{"embeddable":true,"href":"https:\/\/flags-world.com\/al\/wp-json\/wp\/v2\/comments?post=2981"}],"version-history":[{"count":0,"href":"https:\/\/flags-world.com\/al\/wp-json\/wp\/v2\/pages\/2981\/revisions"}],"wp:attachment":[{"href":"https:\/\/flags-world.com\/al\/wp-json\/wp\/v2\/media?parent=2981"}],"curies":[{"name":"wp","href":"https:\/\/api.w.org\/{rel}","templated":true}]}}