{"id":2946,"date":"2021-01-26T12:32:17","date_gmt":"2021-01-26T09:32:17","guid":{"rendered":"https:\/\/flags-world.com\/al\/rreth-faqes\/"},"modified":"2021-01-26T12:32:17","modified_gmt":"2021-01-26T09:32:17","slug":"rreth-faqes","status":"publish","type":"page","link":"https:\/\/flags-world.com\/al\/rreth-faqes\/","title":{"rendered":"Rreth faqes"},"content":{"rendered":"<p>Faqja &#8220;Flamuj-Bota.com &#8220;krijuar p\u00ebr ata q\u00eb jan\u00eb t\u00eb dashur p\u00ebr flamuj t\u00eb vendeve t\u00eb ndryshme. Planet jan\u00eb t\u00eb shtoni palltot e arm\u00ebve t\u00eb t\u00eb gjith\u00eb popujve dhe flamujve t\u00eb t\u00eb gjitha qyteteve dhe shteteve n\u00eb bot\u00eb.<\/p>\n<p>Detyra kryesore e faqes \u00ebsht\u00eb t\u00eb jet\u00eb e dobishme p\u00ebr vizitor\u00ebt e faqes. N\u00ebse kjo faqe \u00ebsht\u00eb interesante p\u00ebr lexuesit, aq m\u00eb shpejt do t\u00eb zhvillohet faqja.<\/p>\n<p>N\u00ebse keni ndonj\u00eb sugjerim p\u00ebr p\u00ebrmir\u00ebsimin e faqes, at\u00ebher\u00eb shkruani formularin n\u00eb faqen e kontakteve<\/p>\n","protected":false},"excerpt":{"rendered":"<p>Faqja &#8220;Flamuj-Bota.com &#8220;krijuar p\u00ebr ata q\u00eb jan\u00eb t\u00eb dashur p\u00ebr flamuj t\u00eb vendeve t\u00eb ndryshme. Planet jan\u00eb t\u00eb shtoni palltot e arm\u00ebve t\u00eb t\u00eb gjith\u00eb popujve dhe flamujve&#8230;<\/p>\n","protected":false},"author":1,"featured_media":0,"parent":0,"menu_order":0,"comment_status":"closed","ping_status":"closed","template":"","meta":{"footnotes":""},"class_list":["post-2946","page","type-page","status-publish",""],"aioseo_notices":[],"_links":{"self":[{"href":"https:\/\/flags-world.com\/al\/wp-json\/wp\/v2\/pages\/2946","targetHints":{"allow":["GET"]}}],"collection":[{"href":"https:\/\/flags-world.com\/al\/wp-json\/wp\/v2\/pages"}],"about":[{"href":"https:\/\/flags-world.com\/al\/wp-json\/wp\/v2\/types\/page"}],"author":[{"embeddable":true,"href":"https:\/\/flags-world.com\/al\/wp-json\/wp\/v2\/users\/1"}],"replies":[{"embeddable":true,"href":"https:\/\/flags-world.com\/al\/wp-json\/wp\/v2\/comments?post=2946"}],"version-history":[{"count":0,"href":"https:\/\/flags-world.com\/al\/wp-json\/wp\/v2\/pages\/2946\/revisions"}],"wp:attachment":[{"href":"https:\/\/flags-world.com\/al\/wp-json\/wp\/v2\/media?parent=2946"}],"curies":[{"name":"wp","href":"https:\/\/api.w.org\/{rel}","templated":true}]}}