{"id":1887,"date":"2021-01-16T12:07:33","date_gmt":"2021-01-16T09:07:33","guid":{"rendered":"https:\/\/flags-world.com\/al\/flamur-i-antarktides\/"},"modified":"2021-01-16T12:07:33","modified_gmt":"2021-01-16T09:07:33","slug":"flamur-i-antarktides","status":"publish","type":"page","link":"https:\/\/flags-world.com\/al\/flamur-i-antarktides\/","title":{"rendered":"Flamur i Antarktid\u00ebs"},"content":{"rendered":"<p style=\"text-align: justify\">Zhvillimi i flamurit t\u00eb Antarktid\u00ebs, me nj\u00eb iniciativ\u00eb personale, u krye nga Vexiollogists (njer\u00ebzit q\u00eb studiojn\u00eb historin\u00eb e origjin\u00ebs s\u00eb flamujve &#8211; nj\u00eb n\u00ebn -n\u00ebndet\u00ebse e shkenc\u00ebs). Zhvillimi ishte aq i suksessh\u00ebm sa ata vendos\u00ebn plot\u00ebsisht t\u00eb heqin dor\u00eb nga autor\u00ebsia &#8211; nuk ka t\u00eb drejtat e autorit ose t\u00eb mbajt\u00ebsit t\u00eb t\u00eb drejtave t\u00eb autorit p\u00ebr t&#8217;i zhvilluar ato.<\/p>\n<p><span itemprop=\"image\" itemscope itemtype=\"https:\/\/schema.org\/ImageObject\"><img itemprop=\"url image\" loading=\"lazy\" decoding=\"async\" class=\"alignnone size-full wp-image-4816\" src=\"\/wp-content\/uploads\/2021\/01\/antarctica-flag_1.png\" width=\"400\" height=\"266\" alt=\"Flamuri i Antarktid\u00ebs-1\" \/><meta itemprop=\"width\" content=\"400\"><meta itemprop=\"height\" content=\"266\"><\/span><\/p>\n<h2 style=\"text-align: justify\">Historia e flamurit<\/h2>\n<p style=\"text-align: justify\">Antarktida \u00ebsht\u00eb kontinenti, i vendosur n\u00eb jug t\u00eb planetit Tok\u00eb. N\u00eb fakt, Antarktida nuk \u00ebsht\u00eb nj\u00eb qeveri dhe kurr\u00eb nuk ka pasur statusin e nj\u00eb fuqie t\u00eb lir\u00eb, monedh\u00ebs, gjuh\u00ebs s\u00eb komunikimit, por n\u00eb 2002, Shoqata e Marr\u00ebveshjes s\u00eb Antarktikut, kontinent iu caktua nj\u00eb flamur jozyrtar.<\/p>\n<p style=\"text-align: justify\">Baza e flamurit u bazua n\u00eb tiparin kryesor dallues t\u00eb Antarktid\u00ebs &#8211; Neutraliteti dhe P\u00ebrkat\u00ebsia e P\u00ebrgjithshme n\u00eb \u00e7do vend. Legjislativ, bazuar n\u00eb p\u00ebrgjigjen e KB, Antarktida nuk mund t\u00eb njihet si pjes\u00eb e zon\u00ebs shtet\u00ebrore t\u00eb askujt. Flamuri \u00ebsht\u00eb b\u00ebr\u00eb n\u00eb ngjashm\u00ebrin\u00eb e flamurit t\u00eb organizat\u00ebs ONN, &#8211; ka nj\u00eb simbolik\u00eb t\u00eb ngjashme.<\/p>\n<p style=\"text-align: justify\">Simbolika kryesore e flamurit \u00ebsht\u00eb neutraliteti, n\u00eb lidhje me shtetet e Antarktid\u00ebs dhe n\u00eb lidhje me Antarktid\u00ebn me vendet e dyta.<\/p>\n<p style=\"text-align: justify\">P\u00ebr her\u00eb t\u00eb par\u00eb mbi kontinentin, flamuri u ngrit nga redaktori i botimit popullor &#8220;The Ravan&#8221; &#8211; Ted Kaye n\u00eb 2002. N\u00eb t\u00eb nj\u00ebjt\u00ebn koh\u00eb, bazat shkencore, t\u00eb cilat jan\u00eb t\u00eb vendosura n\u00eb kontinent, n\u00eb nj\u00eb simbol t\u00eb solidaritetit, gjithashtu ngrit\u00ebn flamurin.<\/p>\n<h2 style=\"text-align: justify\">P\u00ebrshkrimi i flamurit<\/h2>\n<p style=\"text-align: justify\">Flamuri duket si nj\u00eb skic\u00eb e bardh\u00eb e nj\u00eb kontinenti n\u00eb sfondin e nj\u00eb shenje t\u00eb barabart\u00eb &#8211; blu. Linja formale dhe legjislative e aprovuar, p\u00ebrmasat ose p\u00ebrshkrimi nuk ekziston, p\u00ebr shkak t\u00eb jozyrtaris\u00eb s\u00eb saj.<\/p>\n<h2 style=\"text-align: justify\">\u00c7far\u00eb do t\u00eb thot\u00eb ngjyrat e flamurit?<\/h2>\n<ul style=\"text-align: justify\">\n<li>Bardh\u00eb &#8211; Tregoni skic\u00ebn e kontinentit. Asnj\u00eb vler\u00eb e sakt\u00eb. Ndoshta krijuesi i flamurit donte t\u00eb p\u00ebrcjell\u00eb t\u00eb ftohtin e kontinentit, t\u00eb \u00e7oj\u00eb n\u00eb nj\u00eb shoqat\u00eb me d\u00ebbor\u00eb t\u00eb bardh\u00eb, e cila \u00ebsht\u00eb nj\u00eb her\u00eb n\u00eb vit n\u00eb Antarktid\u00eb (temperatura n\u00eb kontinent nuk ngrihet mbi 0 n\u00eb treguesit e temperatur\u00ebs).<\/li>\n<li>Blu &#8211; Nj\u00eb shenj\u00eb e neutralitetit, respektit t\u00eb nd\u00ebrsjell\u00eb dhe barazis\u00eb. Kjo ngjyr\u00eb shoq\u00ebrohet me qiellin, i cili \u00ebsht\u00eb nj\u00eb p\u00ebr t\u00eb gjith\u00eb, pavar\u00ebsisht nga p\u00ebrkat\u00ebsia racore, fetare, etnike, gjuh\u00ebsore ose e 2 -t\u00eb.<\/li>\n<\/ul>\n<h2 style=\"text-align: justify\">Versione t\u00eb tjera t\u00eb flamurit t\u00eb Antarktid\u00ebs<\/h2>\n<p><span itemprop=\"image\" itemscope itemtype=\"https:\/\/schema.org\/ImageObject\"><img itemprop=\"url image\" loading=\"lazy\" decoding=\"async\" class=\"alignnone  wp-image-4818\" src=\"\/wp-content\/uploads\/2021\/01\/antarctica-flag_3.png\" alt=\"Flamuri i Antarktid\u00ebs-2\" width=\"300\" height=\"200\" \/><meta itemprop=\"width\" content=\"300\"><meta itemprop=\"height\" content=\"200\"><\/span><\/p>\n<p style=\"text-align: justify\">Flamuri i Marr\u00ebveshjes s\u00eb Antarktikut<\/p>\n<p><span itemprop=\"image\" itemscope itemtype=\"https:\/\/schema.org\/ImageObject\"><img itemprop=\"url image\" loading=\"lazy\" decoding=\"async\" class=\"alignnone  wp-image-4819\" src=\"\/wp-content\/uploads\/2021\/01\/antarctica-flag_2.png\" alt=\"Flamuri i Antarktid\u00ebs-3\" width=\"300\" height=\"200\" \/><meta itemprop=\"width\" content=\"300\"><meta itemprop=\"height\" content=\"200\"><\/span><\/p>\n<p style=\"text-align: justify\">Flamuri i Antarktid\u00ebs &#8211; Vizatimi nga Whitney Smith<\/p>\n<h2 style=\"text-align: justify\">Informacione jo t\u00eb specializuara n\u00eb lidhje me Antarktid\u00ebn<\/h2>\n<table>\n<tbody>\n<tr style=\"text-align: justify\">\n<td>Gjuha zyrtare<\/td>\n<td>jo<\/td>\n<\/tr>\n<tr style=\"text-align: justify\">\n<td>Kapitali<\/td>\n<td>Kapitali joformal \u00ebsht\u00eb Stacioni McMurdo<\/td>\n<\/tr>\n<tr style=\"text-align: justify\">\n<td>Territor<\/td>\n<td>14,107,000 km2<\/td>\n<\/tr>\n<tr style=\"text-align: justify\">\n<td>Popullat\u00eb<\/td>\n<td>1000-4000 njer\u00ebz (punonj\u00ebs t\u00eb stacioneve polare)<\/td>\n<\/tr>\n<tr style=\"text-align: justify\">\n<td>Monedh\u00eb<\/td>\n<td>jo<\/td>\n<\/tr>\n<tr>\n<td style=\"text-align: justify\">Kod telefonik<\/td>\n<td style=\"text-align: justify\">+672<\/td>\n<\/tr>\n<\/tbody>\n<\/table>\n","protected":false},"excerpt":{"rendered":"<p>Zhvillimi i flamurit t\u00eb Antarktid\u00ebs, me nj\u00eb iniciativ\u00eb personale, u krye nga Vexiollogists (njer\u00ebzit q\u00eb studiojn\u00eb historin\u00eb e origjin\u00ebs s\u00eb flamujve &#8211; nj\u00eb n\u00ebn -n\u00ebndet\u00ebse e shkenc\u00ebs). Zhvillimi&#8230;<\/p>\n","protected":false},"author":1,"featured_media":5341,"parent":0,"menu_order":0,"comment_status":"closed","ping_status":"closed","template":"","meta":{"footnotes":""},"class_list":["post-1887","page","type-page","status-publish","has-post-thumbnail",""],"aioseo_notices":[],"_links":{"self":[{"href":"https:\/\/flags-world.com\/al\/wp-json\/wp\/v2\/pages\/1887","targetHints":{"allow":["GET"]}}],"collection":[{"href":"https:\/\/flags-world.com\/al\/wp-json\/wp\/v2\/pages"}],"about":[{"href":"https:\/\/flags-world.com\/al\/wp-json\/wp\/v2\/types\/page"}],"author":[{"embeddable":true,"href":"https:\/\/flags-world.com\/al\/wp-json\/wp\/v2\/users\/1"}],"replies":[{"embeddable":true,"href":"https:\/\/flags-world.com\/al\/wp-json\/wp\/v2\/comments?post=1887"}],"version-history":[{"count":0,"href":"https:\/\/flags-world.com\/al\/wp-json\/wp\/v2\/pages\/1887\/revisions"}],"wp:featuredmedia":[{"embeddable":true,"href":"https:\/\/flags-world.com\/al\/wp-json\/wp\/v2\/media\/5341"}],"wp:attachment":[{"href":"https:\/\/flags-world.com\/al\/wp-json\/wp\/v2\/media?parent=1887"}],"curies":[{"name":"wp","href":"https:\/\/api.w.org\/{rel}","templated":true}]}}